{"id":2729,"date":"2019-04-12T15:42:23","date_gmt":"2019-04-12T13:42:23","guid":{"rendered":"https:\/\/www.fdueg.com\/transformateurs-de-resine\/"},"modified":"2019-06-28T09:39:15","modified_gmt":"2019-06-28T07:39:15","slug":"giessharztransformatoren","status":"publish","type":"page","link":"https:\/\/www.fdueg.com\/de\/giessharztransformatoren\/","title":{"rendered":"Gie\u00dfharztransformatoren"},"content":{"rendered":"<p>[vc_row][vc_column width=&#8220;2\/3&#8243; el_class=&#8220;sx&#8220; css=&#8220;.vc_custom_1555578073404{padding-right: 60px !important;padding-left: 60px !important;}&#8220;][vc_empty_space height=&#8220;25&#8243;][vc_row_inner][vc_column_inner width=&#8220;1\/2&#8243;][vc_single_image image=&#8220;2733&#8243; img_size=&#8220;full&#8220; alignment=&#8220;center&#8220; onclick=&#8220;img_link_large&#8220;][\/vc_column_inner][vc_column_inner width=&#8220;1\/2&#8243;][vc_single_image image=&#8220;2734&#8243; img_size=&#8220;full&#8220; alignment=&#8220;center&#8220; onclick=&#8220;img_link_large&#8220;][\/vc_column_inner][\/vc_row_inner][vc_column_text]<\/p>\n<h2>BTA-BTB \/ HTA-Harztransformatoren: geringer Platzbedarf, niedriger Preis f\u00fcr Betrieb und Wartung<\/h2>\n<p>[\/vc_column_text][vc_column_text]Aufgrund ihrer Eigenschaften k\u00f6nnen Gie\u00dfharztransformatoren in Umgebungen mit hoher Luftfeuchtigkeit und Verschmutzung installiert werden. Diese Produkte sind leicht zu pflegen und sind ideal, um die Verwaltung der Anlagen zu optimieren.<\/p>\n<p>In der Planung-Phase widmen wir uns sehr der Beurteilung der Verluste und der Untersuchung von K\u00fchlverfahren, wie Natur-oder Zwangsbel\u00fcftung bis zu den wassergek\u00fchlten L\u00f6sungen.[\/vc_column_text][vc_empty_space height=&#8220;5&#8243;][vc_column_text]F\u00fcr weitere Informationen: <strong><a href=\"https:\/\/www.fdueg.com\/de\/giessharztransformatoren\/\">Cast resin transformers<\/a><\/strong>[\/vc_column_text][vc_empty_space height=&#8220;5&#8243;][vc_images_carousel images=&#8220;2177,2166&#8243; img_size=&#8220;full&#8220; onclick=&#8220;link_no&#8220; hide_pagination_control=&#8220;yes&#8220;][vc_row_inner css=&#8220;.vc_custom_1556550758627{margin-top: -185px !important;margin-bottom: 10px !important;border-radius: 3px !important;}&#8220;][vc_column_inner width=&#8220;1\/3&#8243;]<div class=\"icon_box icon_position_top no_border\"><div class=\"icon_wrapper\"><div class=\"icon\"><i class=\"icon-cog\"><\/i><\/div><\/div><div class=\"desc_wrapper\"><h4 class=\"title\">Reduzierte Wartung<\/h4><\/div><\/div>\n[\/vc_column_inner][vc_column_inner width=&#8220;1\/3&#8243;]<div class=\"icon_box icon_position_top no_border\"><div class=\"icon_wrapper\"><div class=\"icon\"><i class=\"icon-thumbs-up\"><\/i><\/div><\/div><div class=\"desc_wrapper\"><h4 class=\"title\">Niedrige Preise Geringe<\/h4><\/div><\/div>\n[\/vc_column_inner][vc_column_inner width=&#8220;1\/3&#8243;]<div class=\"icon_box icon_position_top no_border\"><div class=\"icon_wrapper\"><div class=\"icon\"><i class=\"icon-tools\"><\/i><\/div><\/div><div class=\"desc_wrapper\"><h4 class=\"title\">Abmessungen und geringes Gewicht<\/h4><\/div><\/div>\n[\/vc_column_inner][\/vc_row_inner][vc_empty_space height=&#8220;25&#8243;][\/vc_column][vc_column width=&#8220;1\/3&#8243; css=&#8220;.vc_custom_1555579008876{border-right-width: 1px !important;border-left-width: 1px !important;border-left-color: #eaeaea !important;border-left-style: solid !important;border-right-color: #eaeaea !important;border-right-style: solid !important;}&#8220;][vc_column_text css=&#8220;.vc_custom_1559741366602{margin-top: 25px !important;margin-bottom: 1px !important;border-bottom-width: 1px !important;}&#8220;]<\/p>\n<h3>Download<\/h3>\n<p>[\/vc_column_text][vc_empty_space height=&#8220;0&#8243;][vc_btn title=&#8220;Data sheet&#8220; style=&#8220;custom&#8220; custom_background=&#8220;#204b9b&#8220; custom_text=&#8220;#ffffff&#8220; i_icon_fontawesome=&#8220;fa fa-file-pdf-o&#8220; add_icon=&#8220;true&#8220; link=&#8220;url:https%3A%2F%2Fwww.fdueg.com%2Fwp-content%2Fuploads%2F2019%2F06%2FDistribuition-Transformers-Cast-Resin-FDUEG.pdf||target:%20_blank|&#8220;][vc_column_text css=&#8220;.vc_custom_1560415305840{margin-top: 25px !important;margin-bottom: 1px !important;border-bottom-width: 1px !important;}&#8220;]<\/p>\n<h3>Technische Daten<\/h3>\n<p>[\/vc_column_text][vc_empty_space height=&#8220;0&#8243;][vc_column_text]<\/p>\n<table>\n<tbody>\n<tr>\n<td><em>TYPE<\/em><\/td>\n<td><em>POWER<\/em><\/td>\n<td><em>FEATURES<\/em><\/td>\n<td><em>COOLING<\/em><\/td>\n<\/tr>\n<tr>\n<td><em><strong>Distribution transformer<\/strong><\/em><\/td>\n<td><em>UP TO 16 MVA<\/em><\/td>\n<td><em>UP TO 24 kV<\/em><\/td>\n<td><em>AN &#8211; AF<\/em><\/td>\n<\/tr>\n<tr>\n<td><em><strong>Medium frequency (MF) transformer<\/strong><\/em><\/td>\n<td><em>UP TO\u00a0 10 MVA<\/em><\/td>\n<td><em>UP TO 10 kHz<\/em><\/td>\n<td><em>WF<\/em><\/td>\n<\/tr>\n<\/tbody>\n<\/table>\n<p>[\/vc_column_text][vc_column_text css=&#8220;.vc_custom_1560415317608{margin-bottom: 1px !important;border-bottom-width: 1px !important;}&#8220;]<\/p>\n<h3>Anwendungen<\/h3>\n<p>[\/vc_column_text][vc_empty_space height=&#8220;0&#8243;]<div class=\"aio-icon-component  vc_custom_1555583364937   style_1\"><div id=\"Info-box-wrap-1018\" class=\"aio-icon-box default-icon\" style=\"\"  ><div class=\"aio-icon-default\"><div class=\"ult-just-icon-wrapper  \"><div class=\"align-icon\" style=\"text-align:center;\">\n<div class=\"aio-icon-img \" style=\"font-size:40px;display:inline-block;\" >\n\t<img decoding=\"async\" class=\"img-icon\" alt=\"fdueg-applicazioni-transmission-lines\" src=\"https:\/\/www.fdueg.com\/wp-content\/uploads\/2019\/04\/fdueg-applicazioni-transmission-lines.jpg\"\/>\n<\/div><\/div><\/div><\/div><div class=\"aio-icon-header\" ><h5 class=\"aio-icon-title ult-responsive\"  data-ultimate-target='#Info-box-wrap-1018 .aio-icon-title'  data-responsive-json-new='{\"font-size\":\"\",\"line-height\":\"\"}'  style=\"\">Industrial electric power supply<\/h5><\/div> <!-- header --><\/div> <!-- aio-icon-box --><\/div> <!-- aio-icon-component --><div class=\"aio-icon-component  vc_custom_1555080344238   style_1\"><div id=\"Info-box-wrap-5739\" class=\"aio-icon-box default-icon\" style=\"\"  ><div class=\"aio-icon-default\"><div class=\"ult-just-icon-wrapper  \"><div class=\"align-icon\" style=\"text-align:center;\">\n<div class=\"aio-icon-img \" style=\"font-size:40px;display:inline-block;\" >\n\t<img decoding=\"async\" class=\"img-icon\" alt=\"fdueg-applicazioni-industry\" src=\"https:\/\/www.fdueg.com\/wp-content\/uploads\/2019\/04\/fdueg-applicazioni-industry.jpg\"\/>\n<\/div><\/div><\/div><\/div><div class=\"aio-icon-header\" ><h5 class=\"aio-icon-title ult-responsive\"  data-ultimate-target='#Info-box-wrap-5739 .aio-icon-title'  data-responsive-json-new='{\"font-size\":\"\",\"line-height\":\"\"}'  style=\"\">Industry<\/h5><\/div> <!-- header --><\/div> <!-- aio-icon-box --><\/div> <!-- aio-icon-component --><div class=\"aio-icon-component  vc_custom_1555080292333   style_1\"><div id=\"Info-box-wrap-2263\" class=\"aio-icon-box default-icon\" style=\"\"  ><div class=\"aio-icon-default\"><div class=\"ult-just-icon-wrapper  \"><div class=\"align-icon\" style=\"text-align:center;\">\n<div class=\"aio-icon-img \" style=\"font-size:40px;display:inline-block;\" >\n\t<img decoding=\"async\" class=\"img-icon\" alt=\"fdueg-applicazioni-pubblic-and-commercial-buildings\" src=\"https:\/\/www.fdueg.com\/wp-content\/uploads\/2019\/04\/fdueg-applicazioni-pubblic-and-commercial-buildings.jpg\"\/>\n<\/div><\/div><\/div><\/div><div class=\"aio-icon-header\" ><h5 class=\"aio-icon-title ult-responsive\"  data-ultimate-target='#Info-box-wrap-2263 .aio-icon-title'  data-responsive-json-new='{\"font-size\":\"\",\"line-height\":\"\"}'  style=\"\">Public and commercial buildings<\/h5><\/div> <!-- header --><\/div> <!-- aio-icon-box --><\/div> <!-- aio-icon-component --><div class=\"aio-icon-component  vc_custom_1555080164262   style_1\"><div id=\"Info-box-wrap-6723\" class=\"aio-icon-box default-icon\" style=\"\"  ><div class=\"aio-icon-default\"><div class=\"ult-just-icon-wrapper  \"><div class=\"align-icon\" style=\"text-align:center;\">\n<div class=\"aio-icon-img \" style=\"font-size:40px;display:inline-block;\" >\n\t<img decoding=\"async\" class=\"img-icon\" alt=\"fdueg-applicazioni-renewable-energies\" src=\"https:\/\/www.fdueg.com\/wp-content\/uploads\/2019\/04\/fdueg-applicazioni-renewable-energies.jpg\"\/>\n<\/div><\/div><\/div><\/div><div class=\"aio-icon-header\" ><h5 class=\"aio-icon-title ult-responsive\"  data-ultimate-target='#Info-box-wrap-6723 .aio-icon-title'  data-responsive-json-new='{\"font-size\":\"\",\"line-height\":\"\"}'  style=\"\">Renewable energies<\/h5><\/div> <!-- header --><\/div> <!-- aio-icon-box --><\/div> <!-- aio-icon-component -->[vc_column_text css=&#8220;.vc_custom_1560415330096{margin-top: 25px !important;margin-bottom: 1px !important;border-bottom-width: 1px !important;}&#8220;]<\/p>\n<h3>Informationen<\/h3>\n<p>[\/vc_column_text][vc_empty_space height=&#8220;0&#8243;][vc_row_inner css=&#8220;.vc_custom_1556028614925{background-color: #edeff2 !important;border-radius: 3px !important;}&#8220;][vc_column_inner]\n<div class=\"wpcf7 no-js\" id=\"wpcf7-f3281-o1\" lang=\"de-DE\" dir=\"ltr\" data-wpcf7-id=\"3281\">\n<div class=\"screen-reader-response\"><p role=\"status\" aria-live=\"polite\" aria-atomic=\"true\"><\/p> <ul><\/ul><\/div>\n<form action=\"\/de\/wp-json\/wp\/v2\/pages\/2729#wpcf7-f3281-o1\" method=\"post\" class=\"wpcf7-form init\" aria-label=\"Kontaktformular\" novalidate=\"novalidate\" data-status=\"init\">\n<fieldset class=\"hidden-fields-container\"><input type=\"hidden\" name=\"_wpcf7\" value=\"3281\" \/><input type=\"hidden\" name=\"_wpcf7_version\" value=\"6.1.5\" \/><input type=\"hidden\" name=\"_wpcf7_locale\" value=\"de_DE\" \/><input type=\"hidden\" name=\"_wpcf7_unit_tag\" value=\"wpcf7-f3281-o1\" \/><input type=\"hidden\" name=\"_wpcf7_container_post\" value=\"0\" \/><input type=\"hidden\" name=\"_wpcf7_posted_data_hash\" value=\"\" \/><input type=\"hidden\" name=\"_wpcf7_recaptcha_response\" value=\"\" \/>\n<\/fieldset>\n<h4>F\u00fcllen Sie das Formular aus oder rufen Sie uns an unter <a href=\"tel:+390321824131\">+39 0321 824131<\/a>\n<\/h4>\n<p><label>Vor- und Nachname*<br \/>\n<span class=\"wpcf7-form-control-wrap\" data-name=\"your-name\"><input size=\"40\" maxlength=\"400\" class=\"wpcf7-form-control wpcf7-text wpcf7-validates-as-required\" aria-required=\"true\" aria-invalid=\"false\" value=\"\" type=\"text\" name=\"your-name\" \/><\/span> <\/label>\n<\/p>\n<p><label>Unternehmen<br \/>\n<span class=\"wpcf7-form-control-wrap\" data-name=\"text-55\"><input size=\"40\" maxlength=\"400\" class=\"wpcf7-form-control wpcf7-text\" aria-invalid=\"false\" value=\"\" type=\"text\" name=\"text-55\" \/><\/span> <\/label>\n<\/p>\n<p><label>Email*<br \/>\n<span class=\"wpcf7-form-control-wrap\" data-name=\"your-email\"><input size=\"40\" maxlength=\"400\" class=\"wpcf7-form-control wpcf7-email wpcf7-validates-as-required wpcf7-text wpcf7-validates-as-email\" aria-required=\"true\" aria-invalid=\"false\" value=\"\" type=\"email\" name=\"your-email\" \/><\/span> <\/label>\n<\/p>\n<p><label>Nachricht*<br \/>\n<span class=\"wpcf7-form-control-wrap\" data-name=\"textarea-242\"><textarea cols=\"40\" rows=\"10\" maxlength=\"2000\" class=\"wpcf7-form-control wpcf7-textarea wpcf7-validates-as-required\" aria-required=\"true\" aria-invalid=\"false\" name=\"textarea-242\"><\/textarea><\/span> <\/label>\n<\/p>\n<p><span class=\"wpcf7-form-control-wrap\" data-name=\"acceptance-269\"><span class=\"wpcf7-form-control wpcf7-acceptance\"><span class=\"wpcf7-list-item\"><label><input type=\"checkbox\" name=\"acceptance-269\" value=\"1\" aria-invalid=\"false\" \/><span class=\"wpcf7-list-item-label\">I have read and consent to the processing of my data according to the <a href=\"https:\/\/www.fdueg.com\/de\/privacy-policy\/\" target=\"\/blank\">Privacy Policy<\/a><\/span><\/label><\/span><\/span><\/span>\n<\/p>\n<p><input class=\"wpcf7-form-control wpcf7-submit has-spinner\" type=\"submit\" value=\"SENDEN\" \/>\n<\/p><input type='hidden' class='wpcf7-pum' value='{\"closepopup\":false,\"closedelay\":0,\"openpopup\":false,\"openpopup_id\":0}' \/><div class=\"wpcf7-response-output\" aria-hidden=\"true\"><\/div>\n<\/form>\n<\/div>\n[\/vc_column_inner][\/vc_row_inner][vc_empty_space height=&#8220;25&#8243;][vc_empty_space height=&#8220;0&#8243;][\/vc_column][\/vc_row]<\/p>\n","protected":false},"excerpt":{"rendered":"<p>[vc_row][vc_column width=&#8220;2\/3&#8243; el_class=&#8220;sx&#8220; css=&#8220;.vc_custom_1555578073404{padding-right: 60px !important;padding-left: 60px !important;}&#8220;][vc_empty_space height=&#8220;25&#8243;][vc_row_inner][vc_column_inner width=&#8220;1\/2&#8243;][vc_single_image image=&#8220;2733&#8243; img_size=&#8220;full&#8220; alignment=&#8220;center&#8220; onclick=&#8220;img_link_large&#8220;][\/vc_column_inner][vc_column_inner width=&#8220;1\/2&#8243;][vc_single_image image=&#8220;2734&#8243; img_size=&#8220;full&#8220; alignment=&#8220;center&#8220; onclick=&#8220;img_link_large&#8220;][\/vc_column_inner][\/vc_row_inner][vc_column_text] BTA-BTB \/ HTA-Harztransformatoren: geringer Platzbedarf, niedriger Preis f\u00fcr Betrieb und Wartung [\/vc_column_text][vc_column_text]Aufgrund ihrer Eigenschaften k\u00f6nnen Gie\u00dfharztransformatoren in Umgebungen mit hoher Luftfeuchtigkeit und Verschmutzung installiert werden. Diese Produkte sind leicht zu pflegen und sind ideal, um die Verwaltung der Anlagen zu optimieren. In der Planung-Phase widmen wir uns sehr der Beurteilung der Verluste und der Untersuchung von K\u00fchlverfahren, wie Natur-oder Zwangsbel\u00fcftung bis zu den wassergek\u00fchlten L\u00f6sungen.[\/vc_column_text][vc_empty_space height=&#8220;5&#8243;][vc_column_text]F\u00fcr weitere Informationen: Cast resin transformers[\/vc_column_text][vc_empty_space height=&#8220;5&#8243;][vc_images_carousel images=&#8220;2177,2166&#8243; img_size=&#8220;full&#8220; onclick=&#8220;link_no&#8220; hide_pagination_control=&#8220;yes&#8220;][vc_row_inner css=&#8220;.vc_custom_1556550758627{margin-top: -185px !important;margin-bottom: 10px !important;border-radius: 3px !important;}&#8220;][vc_column_inner width=&#8220;1\/3&#8243;][\/vc_column_inner][vc_column_inner width=&#8220;1\/3&#8243;][\/vc_column_inner][vc_column_inner width=&#8220;1\/3&#8243;][\/vc_column_inner][\/vc_row_inner][vc_empty_space height=&#8220;25&#8243;][\/vc_column][vc_column width=&#8220;1\/3&#8243; css=&#8220;.vc_custom_1555579008876{border-right-width: 1px !important;border-left-width: 1px !important;border-left-color: #eaeaea !important;border-left-style: solid !important;border-right-color: #eaeaea !important;border-right-style: solid !important;}&#8220;][vc_column_text css=&#8220;.vc_custom_1559741366602{margin-top: 25px !important;margin-bottom: 1px !important;border-bottom-width: 1px !important;}&#8220;] Download [\/vc_column_text][vc_empty_space height=&#8220;0&#8243;][vc_btn title=&#8220;Data sheet&#8220; style=&#8220;custom&#8220; custom_background=&#8220;#204b9b&#8220; custom_text=&#8220;#ffffff&#8220; i_icon_fontawesome=&#8220;fa fa-file-pdf-o&#8220; add_icon=&#8220;true&#8220; link=&#8220;url:https%3A%2F%2Fwww.fdueg.com%2Fwp-content%2Fuploads%2F2019%2F06%2FDistribuition-Transformers-Cast-Resin-FDUEG.pdf||target:%20_blank|&#8220;][vc_column_text css=&#8220;.vc_custom_1560415305840{margin-top: 25px !important;margin-bottom: 1px !important;border-bottom-width: 1px !important;}&#8220;] Technische Daten [\/vc_column_text][vc_empty_space height=&#8220;0&#8243;][vc_column_text] TYPE POWER FEATURES COOLING Distribution transformer UP TO 16 MVA UP TO 24 kV AN &#8211; AF Medium frequency (MF) transformer UP TO\u00a0 10 MVA UP TO 10 kHz WF [\/vc_column_text][vc_column_text css=&#8220;.vc_custom_1560415317608{margin-bottom: 1px !important;border-bottom-width: 1px !important;}&#8220;] Anwendungen [\/vc_column_text][vc_empty_space height=&#8220;0&#8243;][vc_column_text css=&#8220;.vc_custom_1560415330096{margin-top: 25px !important;margin-bottom: 1px !important;border-bottom-width: 1px !important;}&#8220;] Informationen [\/vc_column_text][vc_empty_space height=&#8220;0&#8243;][vc_row_inner css=&#8220;.vc_custom_1556028614925{background-color: #edeff2 !important;border-radius: 3px !important;}&#8220;][vc_column_inner][\/vc_column_inner][\/vc_row_inner][vc_empty_space height=&#8220;25&#8243;][vc_empty_space height=&#8220;0&#8243;][\/vc_column][\/vc_row]<\/p>\n","protected":false},"author":1,"featured_media":2730,"parent":0,"menu_order":0,"comment_status":"closed","ping_status":"closed","template":"","meta":{"_acf_changed":false,"footnotes":""},"class_list":["post-2729","page","type-page","status-publish","has-post-thumbnail","hentry"],"acf":[],"yoast_head":"<!-- This site is optimized with the Yoast SEO plugin v27.3 - https:\/\/yoast.com\/product\/yoast-seo-wordpress\/ -->\n<title>FDUEG produziert Gie\u00dfharztransformatoren<\/title>\n<meta name=\"description\" content=\"Aufgrund ihrer Eigenschaften k\u00f6nnen Gie\u00dfharztransformatoren in Umgebungen mit hoher Luftfeuchtigkeit und Verschmutzung installiert werden.\" \/>\n<meta name=\"robots\" content=\"index, follow, max-snippet:-1, max-image-preview:large, max-video-preview:-1\" \/>\n<link rel=\"canonical\" href=\"https:\/\/www.fdueg.com\/de\/giessharztransformatoren\/\" \/>\n<meta property=\"og:locale\" content=\"de_DE\" \/>\n<meta property=\"og:type\" content=\"article\" \/>\n<meta property=\"og:title\" content=\"FDUEG produziert Gie\u00dfharztransformatoren\" \/>\n<meta property=\"og:description\" content=\"Aufgrund ihrer Eigenschaften k\u00f6nnen Gie\u00dfharztransformatoren in Umgebungen mit hoher Luftfeuchtigkeit und Verschmutzung installiert werden.\" \/>\n<meta property=\"og:url\" content=\"https:\/\/www.fdueg.com\/de\/giessharztransformatoren\/\" \/>\n<meta property=\"og:site_name\" content=\"FDUEG\" \/>\n<meta property=\"article:modified_time\" content=\"2019-06-28T07:39:15+00:00\" \/>\n<meta property=\"og:image\" content=\"https:\/\/www.fdueg.com\/wp-content\/uploads\/2019\/06\/FDUEG-cast-resin-transformers-manufacturers.jpg\" \/>\n\t<meta property=\"og:image:width\" content=\"1920\" \/>\n\t<meta property=\"og:image:height\" content=\"760\" \/>\n\t<meta property=\"og:image:type\" content=\"image\/jpeg\" \/>\n<meta name=\"twitter:card\" content=\"summary_large_image\" \/>\n<meta name=\"twitter:label1\" content=\"Gesch\u00e4tzte Lesezeit\" \/>\n\t<meta name=\"twitter:data1\" content=\"3\u00a0Minuten\" \/>\n<!-- \/ Yoast SEO plugin. -->","yoast_head_json":{"title":"FDUEG produziert Gie\u00dfharztransformatoren","description":"Aufgrund ihrer Eigenschaften k\u00f6nnen Gie\u00dfharztransformatoren in Umgebungen mit hoher Luftfeuchtigkeit und Verschmutzung installiert werden.","robots":{"index":"index","follow":"follow","max-snippet":"max-snippet:-1","max-image-preview":"max-image-preview:large","max-video-preview":"max-video-preview:-1"},"canonical":"https:\/\/www.fdueg.com\/de\/giessharztransformatoren\/","og_locale":"de_DE","og_type":"article","og_title":"FDUEG produziert Gie\u00dfharztransformatoren","og_description":"Aufgrund ihrer Eigenschaften k\u00f6nnen Gie\u00dfharztransformatoren in Umgebungen mit hoher Luftfeuchtigkeit und Verschmutzung installiert werden.","og_url":"https:\/\/www.fdueg.com\/de\/giessharztransformatoren\/","og_site_name":"FDUEG","article_modified_time":"2019-06-28T07:39:15+00:00","og_image":[{"width":1920,"height":760,"url":"https:\/\/www.fdueg.com\/wp-content\/uploads\/2019\/06\/FDUEG-cast-resin-transformers-manufacturers.jpg","type":"image\/jpeg"}],"twitter_card":"summary_large_image","twitter_misc":{"Gesch\u00e4tzte Lesezeit":"3\u00a0Minuten"},"schema":{"@context":"https:\/\/schema.org","@graph":[{"@type":"WebPage","@id":"https:\/\/www.fdueg.com\/de\/giessharztransformatoren\/","url":"https:\/\/www.fdueg.com\/de\/giessharztransformatoren\/","name":"FDUEG produziert Gie\u00dfharztransformatoren","isPartOf":{"@id":"https:\/\/www.fdueg.com\/de\/#website"},"primaryImageOfPage":{"@id":"https:\/\/www.fdueg.com\/de\/giessharztransformatoren\/#primaryimage"},"image":{"@id":"https:\/\/www.fdueg.com\/de\/giessharztransformatoren\/#primaryimage"},"thumbnailUrl":"https:\/\/www.fdueg.com\/wp-content\/uploads\/2019\/06\/FDUEG-cast-resin-transformers-manufacturers.jpg","datePublished":"2019-04-12T13:42:23+00:00","dateModified":"2019-06-28T07:39:15+00:00","description":"Aufgrund ihrer Eigenschaften k\u00f6nnen Gie\u00dfharztransformatoren in Umgebungen mit hoher Luftfeuchtigkeit und Verschmutzung installiert werden.","breadcrumb":{"@id":"https:\/\/www.fdueg.com\/de\/giessharztransformatoren\/#breadcrumb"},"inLanguage":"de","potentialAction":[{"@type":"ReadAction","target":["https:\/\/www.fdueg.com\/de\/giessharztransformatoren\/"]}]},{"@type":"ImageObject","inLanguage":"de","@id":"https:\/\/www.fdueg.com\/de\/giessharztransformatoren\/#primaryimage","url":"https:\/\/www.fdueg.com\/wp-content\/uploads\/2019\/06\/FDUEG-cast-resin-transformers-manufacturers.jpg","contentUrl":"https:\/\/www.fdueg.com\/wp-content\/uploads\/2019\/06\/FDUEG-cast-resin-transformers-manufacturers.jpg","width":1920,"height":760},{"@type":"BreadcrumbList","@id":"https:\/\/www.fdueg.com\/de\/giessharztransformatoren\/#breadcrumb","itemListElement":[{"@type":"ListItem","position":1,"name":"Home","item":"https:\/\/www.fdueg.com\/de\/"},{"@type":"ListItem","position":2,"name":"Gie\u00dfharztransformatoren"}]},{"@type":"WebSite","@id":"https:\/\/www.fdueg.com\/de\/#website","url":"https:\/\/www.fdueg.com\/de\/","name":"FDUEG","description":"Trasformatori a secco, trasformatori in resina, reattori","publisher":{"@id":"https:\/\/www.fdueg.com\/de\/#organization"},"potentialAction":[{"@type":"SearchAction","target":{"@type":"EntryPoint","urlTemplate":"https:\/\/www.fdueg.com\/de\/?s={search_term_string}"},"query-input":{"@type":"PropertyValueSpecification","valueRequired":true,"valueName":"search_term_string"}}],"inLanguage":"de"},{"@type":"Organization","@id":"https:\/\/www.fdueg.com\/de\/#organization","name":"FDUEG","url":"https:\/\/www.fdueg.com\/de\/","logo":{"@type":"ImageObject","inLanguage":"de","@id":"https:\/\/www.fdueg.com\/de\/#\/schema\/logo\/image\/","url":"https:\/\/www.fdueg.com\/wp-content\/uploads\/2019\/04\/fdueg-logo.png","contentUrl":"https:\/\/www.fdueg.com\/wp-content\/uploads\/2019\/04\/fdueg-logo.png","width":256,"height":55,"caption":"FDUEG"},"image":{"@id":"https:\/\/www.fdueg.com\/de\/#\/schema\/logo\/image\/"}}]}},"_links":{"self":[{"href":"https:\/\/www.fdueg.com\/de\/wp-json\/wp\/v2\/pages\/2729","targetHints":{"allow":["GET"]}}],"collection":[{"href":"https:\/\/www.fdueg.com\/de\/wp-json\/wp\/v2\/pages"}],"about":[{"href":"https:\/\/www.fdueg.com\/de\/wp-json\/wp\/v2\/types\/page"}],"author":[{"embeddable":true,"href":"https:\/\/www.fdueg.com\/de\/wp-json\/wp\/v2\/users\/1"}],"replies":[{"embeddable":true,"href":"https:\/\/www.fdueg.com\/de\/wp-json\/wp\/v2\/comments?post=2729"}],"version-history":[{"count":0,"href":"https:\/\/www.fdueg.com\/de\/wp-json\/wp\/v2\/pages\/2729\/revisions"}],"wp:featuredmedia":[{"embeddable":true,"href":"https:\/\/www.fdueg.com\/de\/wp-json\/wp\/v2\/media\/2730"}],"wp:attachment":[{"href":"https:\/\/www.fdueg.com\/de\/wp-json\/wp\/v2\/media?parent=2729"}],"curies":[{"name":"wp","href":"https:\/\/api.w.org\/{rel}","templated":true}]}}