{"id":2737,"date":"2019-04-26T14:49:42","date_gmt":"2019-04-26T12:49:42","guid":{"rendered":"https:\/\/www.fdueg.com\/box-de-protection\/"},"modified":"2019-07-01T10:27:17","modified_gmt":"2019-07-01T08:27:17","slug":"elektronische-transformator-box","status":"publish","type":"page","link":"https:\/\/www.fdueg.com\/de\/elektronische-transformator-box\/","title":{"rendered":"Elektronische transformator box"},"content":{"rendered":"<p>[vc_row full_height=&#8220;yes&#8220; parallax_content=&#8220;parallax_content_value&#8220; parallax_content_sense=&#8220;1,2&#8243; css=&#8220;.vc_custom_1557157397720{margin-top: 80px !important;margin-bottom: 0px !important;}&#8220;][vc_column][vc_row_inner][vc_column_inner width=&#8220;1\/2&#8243;][vc_column_text]FDUEG bietet seine Produkte in den Schutzkasten IP66, die den Transformatoren und Drosseln Installation und sicheren Betrieb in jeder Umgebung gew\u00e4hrleisten. F\u00fcr alle Boxen bieten wir auf Anfrage Zubeh\u00f6r wie Abluftventilatoren, Schalter, Temperatur-\u00dcberwachungssysteme, R\u00e4der an.<\/p>\n<p>Die Boxen mit h\u00f6hergradigen IP44 erlauben die Installation der Produkte FdueG in rauen Umgebungen und k\u00f6nnen mit Zwangsl\u00fcftungsanlagen\u00a0 Luft-Wasser oder Luft-Luft ausgestattet werden.[\/vc_column_text][\/vc_column_inner][vc_column_inner width=&#8220;1\/2&#8243;][vc_column_text]Die Zuluft des Transformators ist von der Au\u00dfenseite der Box unabh\u00e4ngig und der W\u00e4rmeaustausch erfolgt durch Wassersysteme oder Zwangsluft.<\/p>\n<p>Diese Systeme verbessern die Leistungen (durch geringere Abmessungen) und erlauben die Installation der unter Vakuum impr\u00e4gnierten Produkte auch in rauen Betriebsbedingungen.[\/vc_column_text][vc_column_text]F\u00fcr weitere Informationen: <a href=\"https:\/\/www.fdueg.com\/de\/elektronische-transformator-box\/\">IP class protection<\/a>[\/vc_column_text][\/vc_column_inner][\/vc_row_inner][vc_column_text]<\/p>\n<h3 style=\"text-align: center;\">Schutzboxen bis IP 66<\/h3>\n<p>[\/vc_column_text][vc_row_inner][vc_column_inner width=&#8220;1\/3&#8243;][vc_single_image image=&#8220;1368&#8243; img_size=&#8220;full&#8220; alignment=&#8220;center&#8220; onclick=&#8220;img_link_large&#8220;][\/vc_column_inner][vc_column_inner width=&#8220;1\/3&#8243;][vc_single_image image=&#8220;1363&#8243; img_size=&#8220;full&#8220; alignment=&#8220;center&#8220; onclick=&#8220;img_link_large&#8220;][\/vc_column_inner][vc_column_inner width=&#8220;1\/3&#8243;][vc_single_image image=&#8220;1358&#8243; img_size=&#8220;full&#8220; alignment=&#8220;center&#8220; onclick=&#8220;img_link_large&#8220;][\/vc_column_inner][\/vc_row_inner][\/vc_column][\/vc_row][vc_row full_height=&#8220;yes&#8220; parallax_content=&#8220;parallax_content_value&#8220; parallax_content_sense=&#8220;1,2&#8243; css=&#8220;.vc_custom_1557157352044{margin-top: 0px !important;margin-bottom: 0px !important;}&#8220;][vc_column][vc_column_text]<\/p>\n<p style=\"text-align: center;\"><strong>According to the standard CEI EN 60529 (CEI 70-1) the degree of protection of the casing for electrical equipment is specified. It is characterized by the abbreviation &#8222;IP&#8220; and by two characteristic figures; the first digit gives an indication on the protection against accidental contacts and against foreign bodies, while the second specifies the behavior with respect to water exposure.<\/strong><\/p>\n<p>[\/vc_column_text][vc_row_inner][vc_column_inner][vc_column_text]<\/p>\n<h3 style=\"text-align: center;\">Daten der Schutzboxen<\/h3>\n<p>[\/vc_column_text][vc_column_text]<\/p>\n<table width=\"100%\">\n<tbody>\n<tr>\n<td><strong>IP..<\/strong><\/td>\n<td><strong>First digit:<br \/>\nAccess of solid objects<\/strong><\/td>\n<td><strong>Second digit:<br \/>\nAccess of liquids<\/strong><\/td>\n<\/tr>\n<tr>\n<td>0<\/td>\n<td>No protection<\/td>\n<td>No protection<\/td>\n<\/tr>\n<tr>\n<td>1<\/td>\n<td>Protected against solid objects over 50mm e.g. hands, large tools.<\/td>\n<td>Protected against vertically falling drops of water or condensation.<\/td>\n<\/tr>\n<tr>\n<td>2<\/td>\n<td>Protected against solid objects over 12.5mm e.g. hands, large tools.<\/td>\n<td>Protected against falling drops of water, at an angle up to 15\u00b0 from vertical.<\/td>\n<\/tr>\n<tr>\n<td>3<\/td>\n<td>Protected against solid objects over 2.5mm e.g. wire, small tools.<\/td>\n<td>Protected against sprays of water from any direction, at an angle up to 60\u00b0 from vertical.<\/td>\n<\/tr>\n<tr>\n<td>4<\/td>\n<td>Protected against solid objects over 1.0mm e.g. wires.<\/td>\n<td>Protected against splash water from any direction.<\/td>\n<\/tr>\n<tr>\n<td>5<\/td>\n<td>Limited protection against dust ingress.<br \/>\n(no harmful deposit)<\/td>\n<td>Protected against low pressure water jets from any direction. Limited access permitted.<\/td>\n<\/tr>\n<tr>\n<td>6<\/td>\n<td>Totally protected against dust ingress.<\/td>\n<td>Protected against high pressure water jets from any direction. Limited access permitted.<\/td>\n<\/tr>\n<tr>\n<td>7<\/td>\n<td>N\/A<\/td>\n<td>Protected against short periods of immersion in water.<\/td>\n<\/tr>\n<tr>\n<td>8<\/td>\n<td>N\/A<\/td>\n<td>Protected against long, durable periods of immersion in water.<\/td>\n<\/tr>\n<tr>\n<td>9<\/td>\n<td>N\/A<\/td>\n<td>Protected against close-range high pressure, high temperature spray downs.<\/td>\n<\/tr>\n<\/tbody>\n<\/table>\n<p>[\/vc_column_text][\/vc_column_inner][\/vc_row_inner][vc_row_inner][vc_column_inner][vc_btn title=&#8220; Daten der Schutzboxen&#8220; style=&#8220;custom&#8220; custom_background=&#8220;#204b9b&#8220; custom_text=&#8220;#ffffff&#8220; size=&#8220;lg&#8220; align=&#8220;center&#8220; i_icon_fontawesome=&#8220;fa fa-file-pdf-o&#8220; add_icon=&#8220;true&#8220; link=&#8220;url:https%3A%2F%2Fwww.fdueg.com%2Fwp-content%2Fuploads%2F2019%2F04%2FGradi-di-protezione-IP-tabella-pdf.pdf||target:%20_blank|&#8220;][\/vc_column_inner][\/vc_row_inner][\/vc_column][\/vc_row][vc_row full_width=&#8220;stretch_row&#8220; css=&#8220;.vc_custom_1555671234989{background-color: #204b9b !important;}&#8220;][vc_column][vc_column_text el_class=&#8220;bianco&#8220;]<\/p>\n<h2 style=\"text-align: center; color: #ffffff;\">FDUEG erm\u00f6glicht f\u00fcr unsere Produkte Schutzk\u00e4sten bis zu der Schutzart IP 66<\/h2>\n<p>[\/vc_column_text][\/vc_column][\/vc_row][vc_row full_width=&#8220;stretch_row&#8220; css=&#8220;.vc_custom_1556028495144{background-color: #edeff2 !important;}&#8220;][vc_column]\n<div class=\"wpcf7 no-js\" id=\"wpcf7-f3279-o1\" lang=\"de-DE\" dir=\"ltr\" data-wpcf7-id=\"3279\">\n<div class=\"screen-reader-response\"><p role=\"status\" aria-live=\"polite\" aria-atomic=\"true\"><\/p> <ul><\/ul><\/div>\n<form action=\"\/de\/wp-json\/wp\/v2\/pages\/2737#wpcf7-f3279-o1\" method=\"post\" class=\"wpcf7-form init\" aria-label=\"Kontaktformular\" novalidate=\"novalidate\" data-status=\"init\">\n<fieldset class=\"hidden-fields-container\"><input type=\"hidden\" name=\"_wpcf7\" value=\"3279\" \/><input type=\"hidden\" name=\"_wpcf7_version\" value=\"6.1.5\" \/><input type=\"hidden\" name=\"_wpcf7_locale\" value=\"de_DE\" \/><input type=\"hidden\" name=\"_wpcf7_unit_tag\" value=\"wpcf7-f3279-o1\" \/><input type=\"hidden\" name=\"_wpcf7_container_post\" value=\"0\" \/><input type=\"hidden\" name=\"_wpcf7_posted_data_hash\" value=\"\" \/><input type=\"hidden\" name=\"_wpcf7_recaptcha_response\" value=\"\" \/>\n<\/fieldset>\n<div align=\"center\">\n\t<h4>F\u00fcllen Sie das Formular aus oder rufen Sie uns an unter <a href=\"tel:+390321824131\">+39 0321 824131<\/a>\n\t<\/h4>\n\t<p><label>Vor- und Nachname*<br \/>\n<span class=\"wpcf7-form-control-wrap\" data-name=\"your-name\"><input size=\"40\" maxlength=\"400\" class=\"wpcf7-form-control wpcf7-text wpcf7-validates-as-required\" aria-required=\"true\" aria-invalid=\"false\" value=\"\" type=\"text\" name=\"your-name\" \/><\/span> <\/label>\n\t<\/p>\n\t<p><label>Unternehmen<br \/>\n<span class=\"wpcf7-form-control-wrap\" data-name=\"text-55\"><input size=\"40\" maxlength=\"400\" class=\"wpcf7-form-control wpcf7-text\" aria-invalid=\"false\" value=\"\" type=\"text\" name=\"text-55\" \/><\/span> <\/label>\n\t<\/p>\n\t<p><label>Email*<br \/>\n<span class=\"wpcf7-form-control-wrap\" data-name=\"your-email\"><input size=\"40\" maxlength=\"400\" class=\"wpcf7-form-control wpcf7-email wpcf7-validates-as-required wpcf7-text wpcf7-validates-as-email\" aria-required=\"true\" aria-invalid=\"false\" value=\"\" type=\"email\" name=\"your-email\" \/><\/span> <\/label>\n\t<\/p>\n\t<p><label>Nachricht*<br \/>\n<span class=\"wpcf7-form-control-wrap\" data-name=\"textarea-242\"><textarea cols=\"40\" rows=\"10\" maxlength=\"2000\" class=\"wpcf7-form-control wpcf7-textarea wpcf7-validates-as-required\" aria-required=\"true\" aria-invalid=\"false\" name=\"textarea-242\"><\/textarea><\/span> <\/label>\n\t<\/p>\n\t<p><span class=\"wpcf7-form-control-wrap\" data-name=\"acceptance-269\"><span class=\"wpcf7-form-control wpcf7-acceptance\"><span class=\"wpcf7-list-item\"><label><input type=\"checkbox\" name=\"acceptance-269\" value=\"1\" aria-invalid=\"false\" \/><span class=\"wpcf7-list-item-label\">I have read and consent to the processing of my data according to the <a href=\"https:\/\/www.fdueg.com\/de\/privacy-policy\/\" target=\"\/blank\">Privacy Policy<\/a><\/span><\/label><\/span><\/span><\/span>\n\t<\/p>\n\t<p><input class=\"wpcf7-form-control wpcf7-submit has-spinner\" type=\"submit\" value=\"SENDEN\" \/>\n\t<\/p>\n<\/div><input type='hidden' class='wpcf7-pum' value='{\"closepopup\":false,\"closedelay\":0,\"openpopup\":false,\"openpopup_id\":0}' \/><div class=\"wpcf7-response-output\" aria-hidden=\"true\"><\/div>\n<\/form>\n<\/div>\n[\/vc_column][\/vc_row]<\/p>\n","protected":false},"excerpt":{"rendered":"<p>[vc_row full_height=&#8220;yes&#8220; parallax_content=&#8220;parallax_content_value&#8220; parallax_content_sense=&#8220;1,2&#8243; css=&#8220;.vc_custom_1557157397720{margin-top: 80px !important;margin-bottom: 0px !important;}&#8220;][vc_column][vc_row_inner][vc_column_inner width=&#8220;1\/2&#8243;][vc_column_text]FDUEG bietet seine Produkte in den Schutzkasten IP66, die den Transformatoren und Drosseln Installation und sicheren Betrieb in jeder Umgebung gew\u00e4hrleisten. F\u00fcr alle Boxen bieten wir auf Anfrage Zubeh\u00f6r wie Abluftventilatoren, Schalter, Temperatur-\u00dcberwachungssysteme, R\u00e4der an. Die Boxen mit h\u00f6hergradigen IP44 erlauben die Installation der Produkte FdueG in rauen Umgebungen und k\u00f6nnen mit Zwangsl\u00fcftungsanlagen\u00a0 Luft-Wasser oder Luft-Luft ausgestattet werden.[\/vc_column_text][\/vc_column_inner][vc_column_inner width=&#8220;1\/2&#8243;][vc_column_text]Die Zuluft des Transformators ist von der Au\u00dfenseite der Box unabh\u00e4ngig und der W\u00e4rmeaustausch erfolgt durch Wassersysteme oder Zwangsluft. Diese Systeme verbessern die Leistungen (durch geringere Abmessungen) und erlauben die Installation der unter Vakuum impr\u00e4gnierten Produkte auch in rauen Betriebsbedingungen.[\/vc_column_text][vc_column_text]F\u00fcr weitere Informationen: IP class protection[\/vc_column_text][\/vc_column_inner][\/vc_row_inner][vc_column_text] Schutzboxen bis IP 66 [\/vc_column_text][vc_row_inner][vc_column_inner width=&#8220;1\/3&#8243;][vc_single_image image=&#8220;1368&#8243; img_size=&#8220;full&#8220; alignment=&#8220;center&#8220; onclick=&#8220;img_link_large&#8220;][\/vc_column_inner][vc_column_inner width=&#8220;1\/3&#8243;][vc_single_image image=&#8220;1363&#8243; img_size=&#8220;full&#8220; alignment=&#8220;center&#8220; onclick=&#8220;img_link_large&#8220;][\/vc_column_inner][vc_column_inner width=&#8220;1\/3&#8243;][vc_single_image image=&#8220;1358&#8243; img_size=&#8220;full&#8220; alignment=&#8220;center&#8220; onclick=&#8220;img_link_large&#8220;][\/vc_column_inner][\/vc_row_inner][\/vc_column][\/vc_row][vc_row full_height=&#8220;yes&#8220; parallax_content=&#8220;parallax_content_value&#8220; parallax_content_sense=&#8220;1,2&#8243; css=&#8220;.vc_custom_1557157352044{margin-top: 0px !important;margin-bottom: 0px !important;}&#8220;][vc_column][vc_column_text] According to the standard CEI EN 60529 (CEI 70-1) the degree of protection of the casing for electrical equipment is specified. It is characterized by the abbreviation &#8222;IP&#8220; and by two characteristic figures; the first digit gives an indication on the protection against accidental contacts and against foreign bodies, while the second specifies the behavior with respect to water exposure. [\/vc_column_text][vc_row_inner][vc_column_inner][vc_column_text] Daten der Schutzboxen [\/vc_column_text][vc_column_text] IP.. First digit: Access of solid objects Second digit: Access of liquids 0 No protection No protection 1 Protected against solid objects over 50mm e.g. hands, large tools. Protected against vertically falling drops of water or condensation. 2 Protected against solid objects over 12.5mm e.g. hands, large tools. Protected against falling drops of water, at an angle up to 15\u00b0 from vertical. 3 Protected against solid objects over 2.5mm e.g. wire, small tools. Protected against sprays of water from any direction, at an angle up to 60\u00b0 from vertical. 4 Protected against solid objects over 1.0mm e.g. wires. Protected against splash water from any direction. 5 Limited protection against dust ingress. (no harmful deposit) Protected against low pressure water jets from any direction. Limited access permitted. 6 Totally protected against dust ingress. Protected against high pressure water jets from any direction. Limited access permitted. 7 N\/A Protected against short periods of immersion in water. 8 N\/A Protected against long, durable periods of immersion in water. 9 N\/A Protected against close-range high pressure, high temperature spray downs. [\/vc_column_text][\/vc_column_inner][\/vc_row_inner][vc_row_inner][vc_column_inner][vc_btn title=&#8220; Daten der Schutzboxen&#8220; style=&#8220;custom&#8220; custom_background=&#8220;#204b9b&#8220; custom_text=&#8220;#ffffff&#8220; size=&#8220;lg&#8220; align=&#8220;center&#8220; i_icon_fontawesome=&#8220;fa fa-file-pdf-o&#8220; add_icon=&#8220;true&#8220; link=&#8220;url:https%3A%2F%2Fwww.fdueg.com%2Fwp-content%2Fuploads%2F2019%2F04%2FGradi-di-protezione-IP-tabella-pdf.pdf||target:%20_blank|&#8220;][\/vc_column_inner][\/vc_row_inner][\/vc_column][\/vc_row][vc_row full_width=&#8220;stretch_row&#8220; css=&#8220;.vc_custom_1555671234989{background-color: #204b9b !important;}&#8220;][vc_column][vc_column_text el_class=&#8220;bianco&#8220;]<span class=\"excerpt-hellip\"> [\u2026]<\/span><\/p>\n","protected":false},"author":1,"featured_media":1347,"parent":0,"menu_order":0,"comment_status":"closed","ping_status":"closed","template":"","meta":{"_acf_changed":false,"footnotes":""},"class_list":["post-2737","page","type-page","status-publish","has-post-thumbnail","hentry"],"acf":[],"yoast_head":"<!-- This site is optimized with the Yoast SEO plugin v27.3 - https:\/\/yoast.com\/product\/yoast-seo-wordpress\/ -->\n<title>FDUEG produziert elektronische transformator box<\/title>\n<meta name=\"description\" content=\"FdueG bietet seine Produkte in den Schutzkasten IP66, die den Transformatoren und Drosseln Installation und sicheren Betrieb in jeder Umgebung gew\u00e4hrleisten.\" \/>\n<meta name=\"robots\" content=\"index, follow, max-snippet:-1, max-image-preview:large, max-video-preview:-1\" \/>\n<link rel=\"canonical\" href=\"https:\/\/www.fdueg.com\/de\/elektronische-transformator-box\/\" \/>\n<meta property=\"og:locale\" content=\"de_DE\" \/>\n<meta property=\"og:type\" content=\"article\" \/>\n<meta property=\"og:title\" content=\"FDUEG produziert elektronische transformator box\" \/>\n<meta property=\"og:description\" content=\"FdueG bietet seine Produkte in den Schutzkasten IP66, die den Transformatoren und Drosseln Installation und sicheren Betrieb in jeder Umgebung gew\u00e4hrleisten.\" \/>\n<meta property=\"og:url\" content=\"https:\/\/www.fdueg.com\/de\/elektronische-transformator-box\/\" \/>\n<meta property=\"og:site_name\" content=\"FDUEG\" \/>\n<meta property=\"article:modified_time\" content=\"2019-07-01T08:27:17+00:00\" \/>\n<meta property=\"og:image\" content=\"https:\/\/www.fdueg.com\/wp-content\/uploads\/2019\/04\/fdueg-head-grado-ip.jpg\" \/>\n\t<meta property=\"og:image:width\" content=\"1920\" \/>\n\t<meta property=\"og:image:height\" content=\"760\" \/>\n\t<meta property=\"og:image:type\" content=\"image\/jpeg\" \/>\n<meta name=\"twitter:card\" content=\"summary_large_image\" \/>\n<meta name=\"twitter:label1\" content=\"Gesch\u00e4tzte Lesezeit\" \/>\n\t<meta name=\"twitter:data1\" content=\"3\u00a0Minuten\" \/>\n<!-- \/ Yoast SEO plugin. -->","yoast_head_json":{"title":"FDUEG produziert elektronische transformator box","description":"FdueG bietet seine Produkte in den Schutzkasten IP66, die den Transformatoren und Drosseln Installation und sicheren Betrieb in jeder Umgebung gew\u00e4hrleisten.","robots":{"index":"index","follow":"follow","max-snippet":"max-snippet:-1","max-image-preview":"max-image-preview:large","max-video-preview":"max-video-preview:-1"},"canonical":"https:\/\/www.fdueg.com\/de\/elektronische-transformator-box\/","og_locale":"de_DE","og_type":"article","og_title":"FDUEG produziert elektronische transformator box","og_description":"FdueG bietet seine Produkte in den Schutzkasten IP66, die den Transformatoren und Drosseln Installation und sicheren Betrieb in jeder Umgebung gew\u00e4hrleisten.","og_url":"https:\/\/www.fdueg.com\/de\/elektronische-transformator-box\/","og_site_name":"FDUEG","article_modified_time":"2019-07-01T08:27:17+00:00","og_image":[{"width":1920,"height":760,"url":"https:\/\/www.fdueg.com\/wp-content\/uploads\/2019\/04\/fdueg-head-grado-ip.jpg","type":"image\/jpeg"}],"twitter_card":"summary_large_image","twitter_misc":{"Gesch\u00e4tzte Lesezeit":"3\u00a0Minuten"},"schema":{"@context":"https:\/\/schema.org","@graph":[{"@type":"WebPage","@id":"https:\/\/www.fdueg.com\/de\/elektronische-transformator-box\/","url":"https:\/\/www.fdueg.com\/de\/elektronische-transformator-box\/","name":"FDUEG produziert elektronische transformator box","isPartOf":{"@id":"https:\/\/www.fdueg.com\/de\/#website"},"primaryImageOfPage":{"@id":"https:\/\/www.fdueg.com\/de\/elektronische-transformator-box\/#primaryimage"},"image":{"@id":"https:\/\/www.fdueg.com\/de\/elektronische-transformator-box\/#primaryimage"},"thumbnailUrl":"https:\/\/www.fdueg.com\/wp-content\/uploads\/2019\/04\/fdueg-head-grado-ip.jpg","datePublished":"2019-04-26T12:49:42+00:00","dateModified":"2019-07-01T08:27:17+00:00","description":"FdueG bietet seine Produkte in den Schutzkasten IP66, die den Transformatoren und Drosseln Installation und sicheren Betrieb in jeder Umgebung gew\u00e4hrleisten.","breadcrumb":{"@id":"https:\/\/www.fdueg.com\/de\/elektronische-transformator-box\/#breadcrumb"},"inLanguage":"de","potentialAction":[{"@type":"ReadAction","target":["https:\/\/www.fdueg.com\/de\/elektronische-transformator-box\/"]}]},{"@type":"ImageObject","inLanguage":"de","@id":"https:\/\/www.fdueg.com\/de\/elektronische-transformator-box\/#primaryimage","url":"https:\/\/www.fdueg.com\/wp-content\/uploads\/2019\/04\/fdueg-head-grado-ip.jpg","contentUrl":"https:\/\/www.fdueg.com\/wp-content\/uploads\/2019\/04\/fdueg-head-grado-ip.jpg","width":1920,"height":760},{"@type":"BreadcrumbList","@id":"https:\/\/www.fdueg.com\/de\/elektronische-transformator-box\/#breadcrumb","itemListElement":[{"@type":"ListItem","position":1,"name":"Home","item":"https:\/\/www.fdueg.com\/de\/"},{"@type":"ListItem","position":2,"name":"Elektronische transformator box"}]},{"@type":"WebSite","@id":"https:\/\/www.fdueg.com\/de\/#website","url":"https:\/\/www.fdueg.com\/de\/","name":"FDUEG","description":"Trasformatori a secco, trasformatori in resina, reattori","publisher":{"@id":"https:\/\/www.fdueg.com\/de\/#organization"},"potentialAction":[{"@type":"SearchAction","target":{"@type":"EntryPoint","urlTemplate":"https:\/\/www.fdueg.com\/de\/?s={search_term_string}"},"query-input":{"@type":"PropertyValueSpecification","valueRequired":true,"valueName":"search_term_string"}}],"inLanguage":"de"},{"@type":"Organization","@id":"https:\/\/www.fdueg.com\/de\/#organization","name":"FDUEG","url":"https:\/\/www.fdueg.com\/de\/","logo":{"@type":"ImageObject","inLanguage":"de","@id":"https:\/\/www.fdueg.com\/de\/#\/schema\/logo\/image\/","url":"https:\/\/www.fdueg.com\/wp-content\/uploads\/2019\/04\/fdueg-logo.png","contentUrl":"https:\/\/www.fdueg.com\/wp-content\/uploads\/2019\/04\/fdueg-logo.png","width":256,"height":55,"caption":"FDUEG"},"image":{"@id":"https:\/\/www.fdueg.com\/de\/#\/schema\/logo\/image\/"}}]}},"_links":{"self":[{"href":"https:\/\/www.fdueg.com\/de\/wp-json\/wp\/v2\/pages\/2737","targetHints":{"allow":["GET"]}}],"collection":[{"href":"https:\/\/www.fdueg.com\/de\/wp-json\/wp\/v2\/pages"}],"about":[{"href":"https:\/\/www.fdueg.com\/de\/wp-json\/wp\/v2\/types\/page"}],"author":[{"embeddable":true,"href":"https:\/\/www.fdueg.com\/de\/wp-json\/wp\/v2\/users\/1"}],"replies":[{"embeddable":true,"href":"https:\/\/www.fdueg.com\/de\/wp-json\/wp\/v2\/comments?post=2737"}],"version-history":[{"count":0,"href":"https:\/\/www.fdueg.com\/de\/wp-json\/wp\/v2\/pages\/2737\/revisions"}],"wp:featuredmedia":[{"embeddable":true,"href":"https:\/\/www.fdueg.com\/de\/wp-json\/wp\/v2\/media\/1347"}],"wp:attachment":[{"href":"https:\/\/www.fdueg.com\/de\/wp-json\/wp\/v2\/media?parent=2737"}],"curies":[{"name":"wp","href":"https:\/\/api.w.org\/{rel}","templated":true}]}}