{"id":2741,"date":"2019-05-02T09:47:16","date_gmt":"2019-05-02T07:47:16","guid":{"rendered":"https:\/\/www.fdueg.com\/fdueg-qui-sommes-nous\/"},"modified":"2025-11-07T14:52:01","modified_gmt":"2025-11-07T13:52:01","slug":"wer-wir-sind","status":"publish","type":"page","link":"https:\/\/www.fdueg.com\/de\/wer-wir-sind\/","title":{"rendered":"Wer wir sind"},"content":{"rendered":"<p>[vc_row css=&#8220;.vc_custom_1555667616967{margin-top: 80px !important;}&#8220;][vc_column]<div class=\"fancy_heading fancy_heading_line\"><div class=\"fh-top\"><span class=\"slogan\">30 jahre gemacht in italien<\/span><\/div><h1 class=\"title\">FDUEG PRODUKTION<\/h1><div class=\"inside\">Wir erzeugen (zeigen vor) spezielle Transformatoren, Luftkernreaktoren, Eisenkern-Reaktoren, passive Filter und Schutz-K\u00e4sten<\/div><\/div>\n[vc_row_inner][vc_column_inner width=&#8220;1\/2&#8243;][vc_column_text]FdueG entstand in 1995 von die langj\u00e4hrigen Erfahrungen in der elektromechanischen Sektor der Mitglieder und leitet ihre Aktivit\u00e4ten in der Entwicklung und Herstellung von Transformatoren und Reaktoren in Mittel-und Niederspannung.<\/p>\n<p>Im Laufe der Jahre hat sich das Unternehmen bei der Suche nach L\u00f6sungen f\u00fcr die Entwicklung und Herstellung von Spezialprodukten in verschiedenen Bereichen unterscheidet: von Stromst\u00e4rke bis Stromversorgung, von Energieerzeugung bis Offshore-Anlagen und die Produktion von alternativen Energie.[\/vc_column_text][\/vc_column_inner][vc_column_inner width=&#8220;1\/2&#8243;][vc_column_text]Der Erfolg von Fdueg basiert auf die Beziehung mit ihren Kunden, weil wir immer an erster Stelle ihre Bed\u00fcrfnisse stellen. Die enge Zusammenarbeit w\u00e4hrend der Design erlaubt uns mehr und mehr kundenspezifische Transformatoren und Reaktoren realisieren, die die Bed\u00fcrfnisse der Kunden erf\u00fcllen k\u00f6nnen, in jedem Ort, wo sie sind.<\/p>\n<p>Die kontinuierliche Schulung der Mitarbeiter und die Investitionen in der Forschung gew\u00e4hrleisten allen Kunden eines sehr kompetenten und wettbewerbsf\u00e4higen Partner.[\/vc_column_text][\/vc_column_inner][\/vc_row_inner][\/vc_column][\/vc_row][vc_row full_width=&#8220;stretch_row&#8220; css=&#8220;.vc_custom_1556028449344{margin-bottom: 0px !important;background-color: #edeff2 !important;}&#8220;][vc_column width=&#8220;1\/4&#8243;]<div class=\"icon_box icon_position_top no_border\"><div class=\"icon_wrapper\"><div class=\"icon\"><i class=\"icon-briefcase\"><\/i><\/div><\/div><div class=\"desc_wrapper\"><h4 class=\"title\">Mehr als 30 Jahre der Erfahrung im elektromechanischen Sektor<\/h4><\/div><\/div>\n[\/vc_column][vc_column width=&#8220;1\/4&#8243;]<div class=\"icon_box icon_position_top no_border\"><div class=\"icon_wrapper\"><div class=\"icon\"><i class=\"icon-tools\"><\/i><\/div><\/div><div class=\"desc_wrapper\"><h4 class=\"title\">Hoch spezialisierte Ingenieure und Techniker<\/h4><\/div><\/div>\n[\/vc_column][vc_column width=&#8220;1\/4&#8243;]<div class=\"icon_box icon_position_top no_border\"><div class=\"icon_wrapper\"><div class=\"icon\"><i class=\"icon-lamp\"><\/i><\/div><\/div><div class=\"desc_wrapper\"><h4 class=\"title\">R*D immer wirksamerer und ausf\u00fchrender L\u00f6sungen<\/h4><\/div><\/div>\n[\/vc_column][vc_column width=&#8220;1\/4&#8243;]<div class=\"icon_box icon_position_top no_border\"><div class=\"icon_wrapper\"><div class=\"icon\"><i class=\"icon-doc-text\"><\/i><\/div><\/div><div class=\"desc_wrapper\"><h4 class=\"title\">Garantie von 36 Monaten: w\u00e4hlen Sie FDUEG bedeutet Sicherheit<\/h4><\/div><\/div>\n[\/vc_column][\/vc_row][vc_row full_width=&#8220;stretch_row&#8220; css=&#8220;.vc_custom_1558449456205{background-color: #204b9b !important;}&#8220;][vc_column][vc_column_text el_class=&#8220;bianco&#8220;]<\/p>\n<h3 style=\"text-align: center; color: #ffffff;\">Erfahrung, Know-How, Berufssportlertum und Innovation garantieren alle Kunden, um einen vertrauten Partner in FDUEG zu finden.<\/h3>\n<p>[\/vc_column_text][\/vc_column][\/vc_row][vc_row full_width=&#8220;stretch_row&#8220; parallax=&#8220;content-moving&#8220; parallax_image=&#8220;319&#8243; css=&#8220;.vc_custom_1555666881083{padding-top: 100px !important;padding-bottom: 100px !important;}&#8220;][vc_column][vc_empty_space height=&#8220;80&#8243;][\/vc_column][\/vc_row][vc_row full_width=&#8220;stretch_row&#8220; css=&#8220;.vc_custom_1555671234989{background-color: #204b9b !important;}&#8220;][vc_column][vc_column_text el_class=&#8220;bianco&#8220;]<\/p>\n<h2 style=\"text-align: center; color: #ffffff;\">FDUEG: wir realisieren Produkte, wir bieten L\u00f6sungen an<\/h2>\n<p>[\/vc_column_text][\/vc_column][\/vc_row][vc_row full_width=&#8220;stretch_row&#8220; css=&#8220;.vc_custom_1556028458596{background-color: #edeff2 !important;}&#8220;][vc_column]\n<div class=\"wpcf7 no-js\" id=\"wpcf7-f3279-o1\" lang=\"de-DE\" dir=\"ltr\" data-wpcf7-id=\"3279\">\n<div class=\"screen-reader-response\"><p role=\"status\" aria-live=\"polite\" aria-atomic=\"true\"><\/p> <ul><\/ul><\/div>\n<form action=\"\/de\/wp-json\/wp\/v2\/pages\/2741#wpcf7-f3279-o1\" method=\"post\" class=\"wpcf7-form init\" aria-label=\"Kontaktformular\" novalidate=\"novalidate\" data-status=\"init\">\n<fieldset class=\"hidden-fields-container\"><input type=\"hidden\" name=\"_wpcf7\" value=\"3279\" \/><input type=\"hidden\" name=\"_wpcf7_version\" value=\"6.1.5\" \/><input type=\"hidden\" name=\"_wpcf7_locale\" value=\"de_DE\" \/><input type=\"hidden\" name=\"_wpcf7_unit_tag\" value=\"wpcf7-f3279-o1\" \/><input type=\"hidden\" name=\"_wpcf7_container_post\" value=\"0\" \/><input type=\"hidden\" name=\"_wpcf7_posted_data_hash\" value=\"\" \/><input type=\"hidden\" name=\"_wpcf7_recaptcha_response\" value=\"\" \/>\n<\/fieldset>\n<div align=\"center\">\n\t<h4>F\u00fcllen Sie das Formular aus oder rufen Sie uns an unter <a href=\"tel:+390321824131\">+39 0321 824131<\/a>\n\t<\/h4>\n\t<p><label>Vor- und Nachname*<br \/>\n<span class=\"wpcf7-form-control-wrap\" data-name=\"your-name\"><input size=\"40\" maxlength=\"400\" class=\"wpcf7-form-control wpcf7-text wpcf7-validates-as-required\" aria-required=\"true\" aria-invalid=\"false\" value=\"\" type=\"text\" name=\"your-name\" \/><\/span> <\/label>\n\t<\/p>\n\t<p><label>Unternehmen<br \/>\n<span class=\"wpcf7-form-control-wrap\" data-name=\"text-55\"><input size=\"40\" maxlength=\"400\" class=\"wpcf7-form-control wpcf7-text\" aria-invalid=\"false\" value=\"\" type=\"text\" name=\"text-55\" \/><\/span> <\/label>\n\t<\/p>\n\t<p><label>Email*<br \/>\n<span class=\"wpcf7-form-control-wrap\" data-name=\"your-email\"><input size=\"40\" maxlength=\"400\" class=\"wpcf7-form-control wpcf7-email wpcf7-validates-as-required wpcf7-text wpcf7-validates-as-email\" aria-required=\"true\" aria-invalid=\"false\" value=\"\" type=\"email\" name=\"your-email\" \/><\/span> <\/label>\n\t<\/p>\n\t<p><label>Nachricht*<br \/>\n<span class=\"wpcf7-form-control-wrap\" data-name=\"textarea-242\"><textarea cols=\"40\" rows=\"10\" maxlength=\"2000\" class=\"wpcf7-form-control wpcf7-textarea wpcf7-validates-as-required\" aria-required=\"true\" aria-invalid=\"false\" name=\"textarea-242\"><\/textarea><\/span> <\/label>\n\t<\/p>\n\t<p><span class=\"wpcf7-form-control-wrap\" data-name=\"acceptance-269\"><span class=\"wpcf7-form-control wpcf7-acceptance\"><span class=\"wpcf7-list-item\"><label><input type=\"checkbox\" name=\"acceptance-269\" value=\"1\" aria-invalid=\"false\" \/><span class=\"wpcf7-list-item-label\">I have read and consent to the processing of my data according to the <a href=\"https:\/\/www.fdueg.com\/de\/privacy-policy\/\" target=\"\/blank\">Privacy Policy<\/a><\/span><\/label><\/span><\/span><\/span>\n\t<\/p>\n\t<p><input class=\"wpcf7-form-control wpcf7-submit has-spinner\" type=\"submit\" value=\"SENDEN\" \/>\n\t<\/p>\n<\/div><input type='hidden' class='wpcf7-pum' value='{\"closepopup\":false,\"closedelay\":0,\"openpopup\":false,\"openpopup_id\":0}' \/><div class=\"wpcf7-response-output\" aria-hidden=\"true\"><\/div>\n<\/form>\n<\/div>\n[\/vc_column][\/vc_row]<\/p>\n","protected":false},"excerpt":{"rendered":"<p>[vc_row css=&#8220;.vc_custom_1555667616967{margin-top: 80px !important;}&#8220;][vc_column][vc_row_inner][vc_column_inner width=&#8220;1\/2&#8243;][vc_column_text]FdueG entstand in 1995 von die langj\u00e4hrigen Erfahrungen in der elektromechanischen Sektor der Mitglieder und leitet ihre Aktivit\u00e4ten in der Entwicklung und Herstellung von Transformatoren und Reaktoren in Mittel-und Niederspannung. Im Laufe der Jahre hat sich das Unternehmen bei der Suche nach L\u00f6sungen f\u00fcr die Entwicklung und Herstellung von Spezialprodukten in verschiedenen Bereichen unterscheidet: von Stromst\u00e4rke bis Stromversorgung, von Energieerzeugung bis Offshore-Anlagen und die Produktion von alternativen Energie.[\/vc_column_text][\/vc_column_inner][vc_column_inner width=&#8220;1\/2&#8243;][vc_column_text]Der Erfolg von Fdueg basiert auf die Beziehung mit ihren Kunden, weil wir immer an erster Stelle ihre Bed\u00fcrfnisse stellen. Die enge Zusammenarbeit w\u00e4hrend der Design erlaubt uns mehr und mehr kundenspezifische Transformatoren und Reaktoren realisieren, die die Bed\u00fcrfnisse der Kunden erf\u00fcllen k\u00f6nnen, in jedem Ort, wo sie sind. Die kontinuierliche Schulung der Mitarbeiter und die Investitionen in der Forschung gew\u00e4hrleisten allen Kunden eines sehr kompetenten und wettbewerbsf\u00e4higen Partner.[\/vc_column_text][\/vc_column_inner][\/vc_row_inner][\/vc_column][\/vc_row][vc_row full_width=&#8220;stretch_row&#8220; css=&#8220;.vc_custom_1556028449344{margin-bottom: 0px !important;background-color: #edeff2 !important;}&#8220;][vc_column width=&#8220;1\/4&#8243;][\/vc_column][vc_column width=&#8220;1\/4&#8243;][\/vc_column][vc_column width=&#8220;1\/4&#8243;][\/vc_column][vc_column width=&#8220;1\/4&#8243;][\/vc_column][\/vc_row][vc_row full_width=&#8220;stretch_row&#8220; css=&#8220;.vc_custom_1558449456205{background-color: #204b9b !important;}&#8220;][vc_column][vc_column_text el_class=&#8220;bianco&#8220;] Erfahrung, Know-How, Berufssportlertum und Innovation garantieren alle Kunden, um einen vertrauten Partner in FDUEG zu finden. [\/vc_column_text][\/vc_column][\/vc_row][vc_row full_width=&#8220;stretch_row&#8220; parallax=&#8220;content-moving&#8220; parallax_image=&#8220;319&#8243; css=&#8220;.vc_custom_1555666881083{padding-top: 100px !important;padding-bottom: 100px !important;}&#8220;][vc_column][vc_empty_space height=&#8220;80&#8243;][\/vc_column][\/vc_row][vc_row full_width=&#8220;stretch_row&#8220; css=&#8220;.vc_custom_1555671234989{background-color: #204b9b !important;}&#8220;][vc_column][vc_column_text el_class=&#8220;bianco&#8220;] FDUEG: wir realisieren Produkte, wir bieten L\u00f6sungen an [\/vc_column_text][\/vc_column][\/vc_row][vc_row full_width=&#8220;stretch_row&#8220; css=&#8220;.vc_custom_1556028458596{background-color: #edeff2 !important;}&#8220;][vc_column][\/vc_column][\/vc_row]<\/p>\n","protected":false},"author":1,"featured_media":3627,"parent":0,"menu_order":0,"comment_status":"closed","ping_status":"closed","template":"","meta":{"_acf_changed":false,"footnotes":""},"class_list":["post-2741","page","type-page","status-publish","has-post-thumbnail","hentry"],"acf":[],"yoast_head":"<!-- This site is optimized with the Yoast SEO plugin v27.3 - https:\/\/yoast.com\/product\/yoast-seo-wordpress\/ -->\n<title>FDUEG, Transformatoren und Reaktoren in Mittel-und Niederspannung<\/title>\n<meta name=\"description\" content=\"FDUEG entstand in 1995, leitet ihre Aktivit\u00e4ten in der Entwicklung und Herstellung von Transformatoren und Reaktoren in Mittel-und Niederspannung.\" \/>\n<meta name=\"robots\" content=\"index, follow, max-snippet:-1, max-image-preview:large, max-video-preview:-1\" \/>\n<link rel=\"canonical\" href=\"https:\/\/www.fdueg.com\/de\/wer-wir-sind\/\" \/>\n<meta property=\"og:locale\" content=\"de_DE\" \/>\n<meta property=\"og:type\" content=\"article\" \/>\n<meta property=\"og:title\" content=\"FDUEG, Transformatoren und Reaktoren in Mittel-und Niederspannung\" \/>\n<meta property=\"og:description\" content=\"FDUEG entstand in 1995, leitet ihre Aktivit\u00e4ten in der Entwicklung und Herstellung von Transformatoren und Reaktoren in Mittel-und Niederspannung.\" \/>\n<meta property=\"og:url\" content=\"https:\/\/www.fdueg.com\/de\/wer-wir-sind\/\" \/>\n<meta property=\"og:site_name\" content=\"FDUEG\" \/>\n<meta property=\"article:modified_time\" content=\"2025-11-07T13:52:01+00:00\" \/>\n<meta property=\"og:image\" content=\"https:\/\/www.fdueg.com\/wp-content\/uploads\/2019\/07\/FDUEG-produttori-di-trasformatori-in-media-e-bassa-tensione-1.jpg\" \/>\n\t<meta property=\"og:image:width\" content=\"1920\" \/>\n\t<meta property=\"og:image:height\" content=\"760\" \/>\n\t<meta property=\"og:image:type\" content=\"image\/jpeg\" \/>\n<meta name=\"twitter:card\" content=\"summary_large_image\" \/>\n<meta name=\"twitter:label1\" content=\"Gesch\u00e4tzte Lesezeit\" \/>\n\t<meta name=\"twitter:data1\" content=\"2\u00a0Minuten\" \/>\n<!-- \/ Yoast SEO plugin. -->","yoast_head_json":{"title":"FDUEG, Transformatoren und Reaktoren in Mittel-und Niederspannung","description":"FDUEG entstand in 1995, leitet ihre Aktivit\u00e4ten in der Entwicklung und Herstellung von Transformatoren und Reaktoren in Mittel-und Niederspannung.","robots":{"index":"index","follow":"follow","max-snippet":"max-snippet:-1","max-image-preview":"max-image-preview:large","max-video-preview":"max-video-preview:-1"},"canonical":"https:\/\/www.fdueg.com\/de\/wer-wir-sind\/","og_locale":"de_DE","og_type":"article","og_title":"FDUEG, Transformatoren und Reaktoren in Mittel-und Niederspannung","og_description":"FDUEG entstand in 1995, leitet ihre Aktivit\u00e4ten in der Entwicklung und Herstellung von Transformatoren und Reaktoren in Mittel-und Niederspannung.","og_url":"https:\/\/www.fdueg.com\/de\/wer-wir-sind\/","og_site_name":"FDUEG","article_modified_time":"2025-11-07T13:52:01+00:00","og_image":[{"width":1920,"height":760,"url":"https:\/\/www.fdueg.com\/wp-content\/uploads\/2019\/07\/FDUEG-produttori-di-trasformatori-in-media-e-bassa-tensione-1.jpg","type":"image\/jpeg"}],"twitter_card":"summary_large_image","twitter_misc":{"Gesch\u00e4tzte Lesezeit":"2\u00a0Minuten"},"schema":{"@context":"https:\/\/schema.org","@graph":[{"@type":"WebPage","@id":"https:\/\/www.fdueg.com\/de\/wer-wir-sind\/","url":"https:\/\/www.fdueg.com\/de\/wer-wir-sind\/","name":"FDUEG, Transformatoren und Reaktoren in Mittel-und Niederspannung","isPartOf":{"@id":"https:\/\/www.fdueg.com\/de\/#website"},"primaryImageOfPage":{"@id":"https:\/\/www.fdueg.com\/de\/wer-wir-sind\/#primaryimage"},"image":{"@id":"https:\/\/www.fdueg.com\/de\/wer-wir-sind\/#primaryimage"},"thumbnailUrl":"https:\/\/www.fdueg.com\/wp-content\/uploads\/2019\/07\/FDUEG-produttori-di-trasformatori-in-media-e-bassa-tensione-1.jpg","datePublished":"2019-05-02T07:47:16+00:00","dateModified":"2025-11-07T13:52:01+00:00","description":"FDUEG entstand in 1995, leitet ihre Aktivit\u00e4ten in der Entwicklung und Herstellung von Transformatoren und Reaktoren in Mittel-und Niederspannung.","breadcrumb":{"@id":"https:\/\/www.fdueg.com\/de\/wer-wir-sind\/#breadcrumb"},"inLanguage":"de","potentialAction":[{"@type":"ReadAction","target":["https:\/\/www.fdueg.com\/de\/wer-wir-sind\/"]}]},{"@type":"ImageObject","inLanguage":"de","@id":"https:\/\/www.fdueg.com\/de\/wer-wir-sind\/#primaryimage","url":"https:\/\/www.fdueg.com\/wp-content\/uploads\/2019\/07\/FDUEG-produttori-di-trasformatori-in-media-e-bassa-tensione-1.jpg","contentUrl":"https:\/\/www.fdueg.com\/wp-content\/uploads\/2019\/07\/FDUEG-produttori-di-trasformatori-in-media-e-bassa-tensione-1.jpg","width":1920,"height":760,"caption":"FDUEG-produttori-di-trasformatori-in-media-e-bassa-tensione"},{"@type":"BreadcrumbList","@id":"https:\/\/www.fdueg.com\/de\/wer-wir-sind\/#breadcrumb","itemListElement":[{"@type":"ListItem","position":1,"name":"Home","item":"https:\/\/www.fdueg.com\/de\/"},{"@type":"ListItem","position":2,"name":"Wer wir sind"}]},{"@type":"WebSite","@id":"https:\/\/www.fdueg.com\/de\/#website","url":"https:\/\/www.fdueg.com\/de\/","name":"FDUEG","description":"Trasformatori a secco, trasformatori in resina, reattori","publisher":{"@id":"https:\/\/www.fdueg.com\/de\/#organization"},"potentialAction":[{"@type":"SearchAction","target":{"@type":"EntryPoint","urlTemplate":"https:\/\/www.fdueg.com\/de\/?s={search_term_string}"},"query-input":{"@type":"PropertyValueSpecification","valueRequired":true,"valueName":"search_term_string"}}],"inLanguage":"de"},{"@type":"Organization","@id":"https:\/\/www.fdueg.com\/de\/#organization","name":"FDUEG","url":"https:\/\/www.fdueg.com\/de\/","logo":{"@type":"ImageObject","inLanguage":"de","@id":"https:\/\/www.fdueg.com\/de\/#\/schema\/logo\/image\/","url":"https:\/\/www.fdueg.com\/wp-content\/uploads\/2019\/04\/fdueg-logo.png","contentUrl":"https:\/\/www.fdueg.com\/wp-content\/uploads\/2019\/04\/fdueg-logo.png","width":256,"height":55,"caption":"FDUEG"},"image":{"@id":"https:\/\/www.fdueg.com\/de\/#\/schema\/logo\/image\/"}}]}},"_links":{"self":[{"href":"https:\/\/www.fdueg.com\/de\/wp-json\/wp\/v2\/pages\/2741","targetHints":{"allow":["GET"]}}],"collection":[{"href":"https:\/\/www.fdueg.com\/de\/wp-json\/wp\/v2\/pages"}],"about":[{"href":"https:\/\/www.fdueg.com\/de\/wp-json\/wp\/v2\/types\/page"}],"author":[{"embeddable":true,"href":"https:\/\/www.fdueg.com\/de\/wp-json\/wp\/v2\/users\/1"}],"replies":[{"embeddable":true,"href":"https:\/\/www.fdueg.com\/de\/wp-json\/wp\/v2\/comments?post=2741"}],"version-history":[{"count":0,"href":"https:\/\/www.fdueg.com\/de\/wp-json\/wp\/v2\/pages\/2741\/revisions"}],"wp:featuredmedia":[{"embeddable":true,"href":"https:\/\/www.fdueg.com\/de\/wp-json\/wp\/v2\/media\/3627"}],"wp:attachment":[{"href":"https:\/\/www.fdueg.com\/de\/wp-json\/wp\/v2\/media?parent=2741"}],"curies":[{"name":"wp","href":"https:\/\/api.w.org\/{rel}","templated":true}]}}