{"id":2746,"date":"2019-04-23T15:59:56","date_gmt":"2019-04-23T13:59:56","guid":{"rendered":"https:\/\/www.fdueg.com\/staff\/"},"modified":"2019-07-01T10:25:36","modified_gmt":"2019-07-01T08:25:36","slug":"das-team","status":"publish","type":"page","link":"https:\/\/www.fdueg.com\/de\/das-team\/","title":{"rendered":"Das Team"},"content":{"rendered":"<p>[vc_row css=&#8220;.vc_custom_1555667616967{margin-top: 80px !important;}&#8220;][vc_column width=&#8220;1\/2&#8243;][vc_column_text]<\/p>\n<h3>Wir glauben an Menschen<\/h3>\n<p>[\/vc_column_text][vc_column_text]Unsere Kultur dr\u00e4ngt uns, in die Ausbildung zu investieren, um Exzellenz in jedem Bereich zu erreichen.<\/p>\n<p>Jeder Tag ist eine neue Herausforderung, aber wir halten nicht vor der Komplexit\u00e4t der L\u00f6sungen an, die wir gefragt werden.<\/p>\n<p>Die Herausforderungen faszinieren uns und wir geben in jeder Situation unser Bestes, weil wir wissen, dass unsere Anstrengungen positive Auswirkungen f\u00fcr die Kunden und f\u00fcr die Gemeinschaft gew\u00e4hrleisten.<\/p>\n<p>Wir schieben die Menschen, ihr Bestes zu geben, um die Fdueg\u00a0 zu verbessern, weil die Menschen, die dort arbeiten, sind Fdueg.<\/p>\n<p>Unser Gesch\u00e4ft basiert auf Zuh\u00f6ren und Verst\u00e4ndnis der Kunden, um ihre Bed\u00fcrfnisse zu erf\u00fcllen, und wir verwandeln ihre Forderungen im besten technischen L\u00f6sungen.[\/vc_column_text][\/vc_column][vc_column width=&#8220;1\/2&#8243;][vc_column_text]<\/p>\n<h3>Mission<\/h3>\n<p>[\/vc_column_text][vc_column_text]Unsere Mission ist es, die Anforderungen der Kunden mit den besten technischen L\u00f6sungen von Planung und Herstellung zu treffen, um das beste Produkt zu gew\u00e4hrleisten.<\/p>\n<p>Wir schaffen eine beh\u00e4nde Gesch\u00e4ft, die auf der effizienten Nutzung von Ressourcen mit hoher Qualit\u00e4t Forschung und Wirtschaftlichkeit der Produkte und Dienstleistungen im vollen Respekt der Menschen und der Umwelt angeboten basiert.<\/p>\n<p>Die Werte, die in jeder Entscheidung und Aktion uns leiten, sind:[\/vc_column_text][\/vc_column][\/vc_row][vc_row full_width=&#8220;stretch_row&#8220; parallax=&#8220;content-moving&#8220; parallax_image=&#8220;534&#8243; css=&#8220;.vc_custom_1556030666652{padding-top: 100px !important;padding-bottom: 100px !important;}&#8220;][vc_column][vc_empty_space height=&#8220;80&#8243;][\/vc_column][\/vc_row][vc_row full_height=&#8220;yes&#8220; parallax_content=&#8220;parallax_content_value&#8220; parallax_content_sense=&#8220;1,2&#8243; css=&#8220;.vc_custom_1556027563544{margin-top: 0px !important;margin-bottom: 0px !important;}&#8220;][vc_column]<div class=\"fancy_heading fancy_heading_line\"><div class=\"fh-top\"><\/div><h2 class=\"title\">Values<\/h2><\/div>\n[vc_row_inner][vc_column_inner width=&#8220;1\/3&#8243;]<div class=\"icon_box icon_position_top no_border\"><div class=\"icon_wrapper\"><div class=\"icon\"><i class=\"icon-star\"><\/i><\/div><\/div><div class=\"desc_wrapper\"><h4 class=\"title\">Qualit\u00e4t<\/h4><div class=\"desc\">ist die Verbesserung unserer Betrieben, um die Gemeinschaft (Kunden, Mitarbeiter und Lieferanten), die um die Firma kreisen, zu befriedigen<\/div><\/div><\/div>\n[\/vc_column_inner][vc_column_inner width=&#8220;1\/3&#8243;]<div class=\"icon_box icon_position_top no_border\"><div class=\"icon_wrapper\"><div class=\"icon\"><i class=\"icon-thumbs-up\"><\/i><\/div><\/div><div class=\"desc_wrapper\"><h4 class=\"title\">Wirksamkeit<\/h4><div class=\"desc\">jede Aktion ist f\u00fcr die Erreichung eines bestimmten Ergebnis, mit unseren Zielen \u00fcbereinstimmend<\/div><\/div><\/div>\n[\/vc_column_inner][vc_column_inner width=&#8220;1\/3&#8243;]<div class=\"icon_box icon_position_top no_border\"><div class=\"icon_wrapper\"><div class=\"icon\"><i class=\"icon-heart-fa\"><\/i><\/div><\/div><div class=\"desc_wrapper\"><h4 class=\"title\">Ehrlichkeit und Integrit\u00e4t<\/h4><div class=\"desc\">sind die Grundlage unseres Gesch\u00e4ftsgebaren<\/div><\/div><\/div>\n[\/vc_column_inner][\/vc_row_inner][vc_row_inner][vc_column_inner width=&#8220;1\/3&#8243;]<div class=\"icon_box icon_position_top no_border\"><div class=\"icon_wrapper\"><div class=\"icon\"><i class=\"icon-flag\"><\/i><\/div><\/div><div class=\"desc_wrapper\"><h4 class=\"title\">Leadership<\/h4><div class=\"desc\">jede Anstrengung ist f\u00fcr die Verbesserung unserer Performance, um ein Referenzsystem und ein Modell f\u00fcr jedermann zu sein. Jede Anstrengung ist f\u00fcr das Erreichen der Zielen in allen Bereichen, in denen wir zusammenarbeiten<\/div><\/div><\/div>\n[vc_empty_space height=&#8220;5&#8243;][\/vc_column_inner][vc_column_inner width=&#8220;1\/3&#8243;]<div class=\"icon_box icon_position_top no_border\"><div class=\"icon_wrapper\"><div class=\"icon\"><i class=\"icon-lamp\"><\/i><\/div><\/div><div class=\"desc_wrapper\"><h4 class=\"title\">Innovation<\/h4><div class=\"desc\">wir sorgen, unsere Kunden innovativen Produkten zu schlagen und ein integraler Bestandteil dieser Innovationen zu sein<\/div><\/div><\/div>\n[vc_empty_space height=&#8220;5&#8243;][\/vc_column_inner][vc_column_inner width=&#8220;1\/3&#8243;]<div class=\"icon_box icon_position_top no_border\"><div class=\"icon_wrapper\"><div class=\"icon\"><i class=\"icon-users\"><\/i><\/div><\/div><div class=\"desc_wrapper\"><h4 class=\"title\">Beteiligung und Zusammenarbeit<\/h4><div class=\"desc\">wir werten und f\u00f6rdern die Beteiligung und die Zusammenarbeit bei der Erreichung der Ziele auf<\/div><\/div><\/div>\n[vc_empty_space height=&#8220;5&#8243;][\/vc_column_inner][\/vc_row_inner][\/vc_column][\/vc_row][vc_row full_width=&#8220;stretch_row&#8220; css=&#8220;.vc_custom_1555671234989{background-color: #204b9b !important;}&#8220;][vc_column][vc_column_text el_class=&#8220;bianco&#8220;]<\/p>\n<h2 style=\"text-align: center; color: #ffffff;\">Wir glauben fest an Menschen, Menschen sind der wichtigste Wert von Fdueg<\/h2>\n<p>[\/vc_column_text][\/vc_column][\/vc_row][vc_row full_width=&#8220;stretch_row&#8220; css=&#8220;.vc_custom_1556028528769{background-color: #edeff2 !important;}&#8220;][vc_column]\n<div class=\"wpcf7 no-js\" id=\"wpcf7-f3279-o1\" lang=\"de-DE\" dir=\"ltr\" data-wpcf7-id=\"3279\">\n<div class=\"screen-reader-response\"><p role=\"status\" aria-live=\"polite\" aria-atomic=\"true\"><\/p> <ul><\/ul><\/div>\n<form action=\"\/de\/wp-json\/wp\/v2\/pages\/2746#wpcf7-f3279-o1\" method=\"post\" class=\"wpcf7-form init\" aria-label=\"Kontaktformular\" novalidate=\"novalidate\" data-status=\"init\">\n<fieldset class=\"hidden-fields-container\"><input type=\"hidden\" name=\"_wpcf7\" value=\"3279\" \/><input type=\"hidden\" name=\"_wpcf7_version\" value=\"6.1.5\" \/><input type=\"hidden\" name=\"_wpcf7_locale\" value=\"de_DE\" \/><input type=\"hidden\" name=\"_wpcf7_unit_tag\" value=\"wpcf7-f3279-o1\" \/><input type=\"hidden\" name=\"_wpcf7_container_post\" value=\"0\" \/><input type=\"hidden\" name=\"_wpcf7_posted_data_hash\" value=\"\" \/><input type=\"hidden\" name=\"_wpcf7_recaptcha_response\" value=\"\" \/>\n<\/fieldset>\n<div align=\"center\">\n\t<h4>F\u00fcllen Sie das Formular aus oder rufen Sie uns an unter <a href=\"tel:+390321824131\">+39 0321 824131<\/a>\n\t<\/h4>\n\t<p><label>Vor- und Nachname*<br \/>\n<span class=\"wpcf7-form-control-wrap\" data-name=\"your-name\"><input size=\"40\" maxlength=\"400\" class=\"wpcf7-form-control wpcf7-text wpcf7-validates-as-required\" aria-required=\"true\" aria-invalid=\"false\" value=\"\" type=\"text\" name=\"your-name\" \/><\/span> <\/label>\n\t<\/p>\n\t<p><label>Unternehmen<br \/>\n<span class=\"wpcf7-form-control-wrap\" data-name=\"text-55\"><input size=\"40\" maxlength=\"400\" class=\"wpcf7-form-control wpcf7-text\" aria-invalid=\"false\" value=\"\" type=\"text\" name=\"text-55\" \/><\/span> <\/label>\n\t<\/p>\n\t<p><label>Email*<br \/>\n<span class=\"wpcf7-form-control-wrap\" data-name=\"your-email\"><input size=\"40\" maxlength=\"400\" class=\"wpcf7-form-control wpcf7-email wpcf7-validates-as-required wpcf7-text wpcf7-validates-as-email\" aria-required=\"true\" aria-invalid=\"false\" value=\"\" type=\"email\" name=\"your-email\" \/><\/span> <\/label>\n\t<\/p>\n\t<p><label>Nachricht*<br \/>\n<span class=\"wpcf7-form-control-wrap\" data-name=\"textarea-242\"><textarea cols=\"40\" rows=\"10\" maxlength=\"2000\" class=\"wpcf7-form-control wpcf7-textarea wpcf7-validates-as-required\" aria-required=\"true\" aria-invalid=\"false\" name=\"textarea-242\"><\/textarea><\/span> <\/label>\n\t<\/p>\n\t<p><span class=\"wpcf7-form-control-wrap\" data-name=\"acceptance-269\"><span class=\"wpcf7-form-control wpcf7-acceptance\"><span class=\"wpcf7-list-item\"><label><input type=\"checkbox\" name=\"acceptance-269\" value=\"1\" aria-invalid=\"false\" \/><span class=\"wpcf7-list-item-label\">I have read and consent to the processing of my data according to the <a href=\"https:\/\/www.fdueg.com\/de\/privacy-policy\/\" target=\"\/blank\">Privacy Policy<\/a><\/span><\/label><\/span><\/span><\/span>\n\t<\/p>\n\t<p><input class=\"wpcf7-form-control wpcf7-submit has-spinner\" type=\"submit\" value=\"SENDEN\" \/>\n\t<\/p>\n<\/div><input type='hidden' class='wpcf7-pum' value='{\"closepopup\":false,\"closedelay\":0,\"openpopup\":false,\"openpopup_id\":0}' \/><div class=\"wpcf7-response-output\" aria-hidden=\"true\"><\/div>\n<\/form>\n<\/div>\n[\/vc_column][\/vc_row]<\/p>\n","protected":false},"excerpt":{"rendered":"<p>[vc_row css=&#8220;.vc_custom_1555667616967{margin-top: 80px !important;}&#8220;][vc_column width=&#8220;1\/2&#8243;][vc_column_text] Wir glauben an Menschen [\/vc_column_text][vc_column_text]Unsere Kultur dr\u00e4ngt uns, in die Ausbildung zu investieren, um Exzellenz in jedem Bereich zu erreichen. Jeder Tag ist eine neue Herausforderung, aber wir halten nicht vor der Komplexit\u00e4t der L\u00f6sungen an, die wir gefragt werden. Die Herausforderungen faszinieren uns und wir geben in jeder Situation unser Bestes, weil wir wissen, dass unsere Anstrengungen positive Auswirkungen f\u00fcr die Kunden und f\u00fcr die Gemeinschaft gew\u00e4hrleisten. Wir schieben die Menschen, ihr Bestes zu geben, um die Fdueg\u00a0 zu verbessern, weil die Menschen, die dort arbeiten, sind Fdueg. Unser Gesch\u00e4ft basiert auf Zuh\u00f6ren und Verst\u00e4ndnis der Kunden, um ihre Bed\u00fcrfnisse zu erf\u00fcllen, und wir verwandeln ihre Forderungen im besten technischen L\u00f6sungen.[\/vc_column_text][\/vc_column][vc_column width=&#8220;1\/2&#8243;][vc_column_text] Mission [\/vc_column_text][vc_column_text]Unsere Mission ist es, die Anforderungen der Kunden mit den besten technischen L\u00f6sungen von Planung und Herstellung zu treffen, um das beste Produkt zu gew\u00e4hrleisten. Wir schaffen eine beh\u00e4nde Gesch\u00e4ft, die auf der effizienten Nutzung von Ressourcen mit hoher Qualit\u00e4t Forschung und Wirtschaftlichkeit der Produkte und Dienstleistungen im vollen Respekt der Menschen und der Umwelt angeboten basiert. Die Werte, die in jeder Entscheidung und Aktion uns leiten, sind:[\/vc_column_text][\/vc_column][\/vc_row][vc_row full_width=&#8220;stretch_row&#8220; parallax=&#8220;content-moving&#8220; parallax_image=&#8220;534&#8243; css=&#8220;.vc_custom_1556030666652{padding-top: 100px !important;padding-bottom: 100px !important;}&#8220;][vc_column][vc_empty_space height=&#8220;80&#8243;][\/vc_column][\/vc_row][vc_row full_height=&#8220;yes&#8220; parallax_content=&#8220;parallax_content_value&#8220; parallax_content_sense=&#8220;1,2&#8243; css=&#8220;.vc_custom_1556027563544{margin-top: 0px !important;margin-bottom: 0px !important;}&#8220;][vc_column][vc_row_inner][vc_column_inner width=&#8220;1\/3&#8243;][\/vc_column_inner][vc_column_inner width=&#8220;1\/3&#8243;][\/vc_column_inner][vc_column_inner width=&#8220;1\/3&#8243;][\/vc_column_inner][\/vc_row_inner][vc_row_inner][vc_column_inner width=&#8220;1\/3&#8243;][vc_empty_space height=&#8220;5&#8243;][\/vc_column_inner][vc_column_inner width=&#8220;1\/3&#8243;][vc_empty_space height=&#8220;5&#8243;][\/vc_column_inner][vc_column_inner width=&#8220;1\/3&#8243;][vc_empty_space height=&#8220;5&#8243;][\/vc_column_inner][\/vc_row_inner][\/vc_column][\/vc_row][vc_row full_width=&#8220;stretch_row&#8220; css=&#8220;.vc_custom_1555671234989{background-color: #204b9b !important;}&#8220;][vc_column][vc_column_text el_class=&#8220;bianco&#8220;] Wir glauben fest an Menschen, Menschen sind der wichtigste Wert von Fdueg [\/vc_column_text][\/vc_column][\/vc_row][vc_row full_width=&#8220;stretch_row&#8220; css=&#8220;.vc_custom_1556028528769{background-color: #edeff2 !important;}&#8220;][vc_column][\/vc_column][\/vc_row]<\/p>\n","protected":false},"author":1,"featured_media":1286,"parent":0,"menu_order":0,"comment_status":"closed","ping_status":"closed","template":"","meta":{"_acf_changed":false,"footnotes":""},"class_list":["post-2746","page","type-page","status-publish","has-post-thumbnail","hentry"],"acf":[],"yoast_head":"<!-- This site is optimized with the Yoast SEO plugin v27.3 - https:\/\/yoast.com\/product\/yoast-seo-wordpress\/ -->\n<title>Das team ist FDUEG<\/title>\n<meta name=\"description\" content=\"Unsere Kultur dr\u00e4ngt uns, in die Ausbildung zu investieren, um Exzellenz in jedem Bereich zu erreichen.\" \/>\n<meta name=\"robots\" content=\"index, follow, max-snippet:-1, max-image-preview:large, max-video-preview:-1\" \/>\n<link rel=\"canonical\" href=\"https:\/\/www.fdueg.com\/de\/das-team\/\" \/>\n<meta property=\"og:locale\" content=\"de_DE\" \/>\n<meta property=\"og:type\" content=\"article\" \/>\n<meta property=\"og:title\" content=\"Das team ist FDUEG\" \/>\n<meta property=\"og:description\" content=\"Unsere Kultur dr\u00e4ngt uns, in die Ausbildung zu investieren, um Exzellenz in jedem Bereich zu erreichen.\" \/>\n<meta property=\"og:url\" content=\"https:\/\/www.fdueg.com\/de\/das-team\/\" \/>\n<meta property=\"og:site_name\" content=\"FDUEG\" \/>\n<meta property=\"article:modified_time\" content=\"2019-07-01T08:25:36+00:00\" \/>\n<meta property=\"og:image\" content=\"https:\/\/www.fdueg.com\/wp-content\/uploads\/2019\/04\/fdueg-head-missione.jpg\" \/>\n\t<meta property=\"og:image:width\" content=\"1920\" \/>\n\t<meta property=\"og:image:height\" content=\"760\" \/>\n\t<meta property=\"og:image:type\" content=\"image\/jpeg\" \/>\n<meta name=\"twitter:card\" content=\"summary_large_image\" \/>\n<meta name=\"twitter:label1\" content=\"Gesch\u00e4tzte Lesezeit\" \/>\n\t<meta name=\"twitter:data1\" content=\"3\u00a0Minuten\" \/>\n<!-- \/ Yoast SEO plugin. -->","yoast_head_json":{"title":"Das team ist FDUEG","description":"Unsere Kultur dr\u00e4ngt uns, in die Ausbildung zu investieren, um Exzellenz in jedem Bereich zu erreichen.","robots":{"index":"index","follow":"follow","max-snippet":"max-snippet:-1","max-image-preview":"max-image-preview:large","max-video-preview":"max-video-preview:-1"},"canonical":"https:\/\/www.fdueg.com\/de\/das-team\/","og_locale":"de_DE","og_type":"article","og_title":"Das team ist FDUEG","og_description":"Unsere Kultur dr\u00e4ngt uns, in die Ausbildung zu investieren, um Exzellenz in jedem Bereich zu erreichen.","og_url":"https:\/\/www.fdueg.com\/de\/das-team\/","og_site_name":"FDUEG","article_modified_time":"2019-07-01T08:25:36+00:00","og_image":[{"width":1920,"height":760,"url":"https:\/\/www.fdueg.com\/wp-content\/uploads\/2019\/04\/fdueg-head-missione.jpg","type":"image\/jpeg"}],"twitter_card":"summary_large_image","twitter_misc":{"Gesch\u00e4tzte Lesezeit":"3\u00a0Minuten"},"schema":{"@context":"https:\/\/schema.org","@graph":[{"@type":"WebPage","@id":"https:\/\/www.fdueg.com\/de\/das-team\/","url":"https:\/\/www.fdueg.com\/de\/das-team\/","name":"Das team ist FDUEG","isPartOf":{"@id":"https:\/\/www.fdueg.com\/de\/#website"},"primaryImageOfPage":{"@id":"https:\/\/www.fdueg.com\/de\/das-team\/#primaryimage"},"image":{"@id":"https:\/\/www.fdueg.com\/de\/das-team\/#primaryimage"},"thumbnailUrl":"https:\/\/www.fdueg.com\/wp-content\/uploads\/2019\/04\/fdueg-head-missione.jpg","datePublished":"2019-04-23T13:59:56+00:00","dateModified":"2019-07-01T08:25:36+00:00","description":"Unsere Kultur dr\u00e4ngt uns, in die Ausbildung zu investieren, um Exzellenz in jedem Bereich zu erreichen.","breadcrumb":{"@id":"https:\/\/www.fdueg.com\/de\/das-team\/#breadcrumb"},"inLanguage":"de","potentialAction":[{"@type":"ReadAction","target":["https:\/\/www.fdueg.com\/de\/das-team\/"]}]},{"@type":"ImageObject","inLanguage":"de","@id":"https:\/\/www.fdueg.com\/de\/das-team\/#primaryimage","url":"https:\/\/www.fdueg.com\/wp-content\/uploads\/2019\/04\/fdueg-head-missione.jpg","contentUrl":"https:\/\/www.fdueg.com\/wp-content\/uploads\/2019\/04\/fdueg-head-missione.jpg","width":1920,"height":760},{"@type":"BreadcrumbList","@id":"https:\/\/www.fdueg.com\/de\/das-team\/#breadcrumb","itemListElement":[{"@type":"ListItem","position":1,"name":"Home","item":"https:\/\/www.fdueg.com\/de\/"},{"@type":"ListItem","position":2,"name":"Das Team"}]},{"@type":"WebSite","@id":"https:\/\/www.fdueg.com\/de\/#website","url":"https:\/\/www.fdueg.com\/de\/","name":"FDUEG","description":"Trasformatori a secco, trasformatori in resina, reattori","publisher":{"@id":"https:\/\/www.fdueg.com\/de\/#organization"},"potentialAction":[{"@type":"SearchAction","target":{"@type":"EntryPoint","urlTemplate":"https:\/\/www.fdueg.com\/de\/?s={search_term_string}"},"query-input":{"@type":"PropertyValueSpecification","valueRequired":true,"valueName":"search_term_string"}}],"inLanguage":"de"},{"@type":"Organization","@id":"https:\/\/www.fdueg.com\/de\/#organization","name":"FDUEG","url":"https:\/\/www.fdueg.com\/de\/","logo":{"@type":"ImageObject","inLanguage":"de","@id":"https:\/\/www.fdueg.com\/de\/#\/schema\/logo\/image\/","url":"https:\/\/www.fdueg.com\/wp-content\/uploads\/2019\/04\/fdueg-logo.png","contentUrl":"https:\/\/www.fdueg.com\/wp-content\/uploads\/2019\/04\/fdueg-logo.png","width":256,"height":55,"caption":"FDUEG"},"image":{"@id":"https:\/\/www.fdueg.com\/de\/#\/schema\/logo\/image\/"}}]}},"_links":{"self":[{"href":"https:\/\/www.fdueg.com\/de\/wp-json\/wp\/v2\/pages\/2746","targetHints":{"allow":["GET"]}}],"collection":[{"href":"https:\/\/www.fdueg.com\/de\/wp-json\/wp\/v2\/pages"}],"about":[{"href":"https:\/\/www.fdueg.com\/de\/wp-json\/wp\/v2\/types\/page"}],"author":[{"embeddable":true,"href":"https:\/\/www.fdueg.com\/de\/wp-json\/wp\/v2\/users\/1"}],"replies":[{"embeddable":true,"href":"https:\/\/www.fdueg.com\/de\/wp-json\/wp\/v2\/comments?post=2746"}],"version-history":[{"count":0,"href":"https:\/\/www.fdueg.com\/de\/wp-json\/wp\/v2\/pages\/2746\/revisions"}],"wp:featuredmedia":[{"embeddable":true,"href":"https:\/\/www.fdueg.com\/de\/wp-json\/wp\/v2\/media\/1286"}],"wp:attachment":[{"href":"https:\/\/www.fdueg.com\/de\/wp-json\/wp\/v2\/media?parent=2746"}],"curies":[{"name":"wp","href":"https:\/\/api.w.org\/{rel}","templated":true}]}}