{"id":2750,"date":"2019-04-24T14:39:20","date_gmt":"2019-04-24T12:39:20","guid":{"rendered":"https:\/\/www.fdueg.com\/qualite\/"},"modified":"2022-07-07T14:26:09","modified_gmt":"2022-07-07T12:26:09","slug":"qualitaet","status":"publish","type":"page","link":"https:\/\/www.fdueg.com\/de\/qualitaet\/","title":{"rendered":"Qualit\u00e4t"},"content":{"rendered":"<p>[vc_row full_width=&#8220;stretch_row&#8220; css=&#8220;.vc_custom_1555671234989{background-color: #204b9b !important;}&#8220;][vc_column][vc_column_text el_class=&#8220;bianco&#8220;]<\/p>\n<h3 style=\"text-align: center; color: #ffffff;\">FDUEG hat eine dynamische Struktur, die sich nach UNI EN ISO 9001: 2015 zertifiziertes Qualit\u00e4tssystem konzentriert. Es wurde 2012 nach ISO 9001: 2008 zertifiziert.<\/h3>\n<p>[\/vc_column_text][\/vc_column][\/vc_row][vc_row css=&#8220;.vc_custom_1556109901955{margin-top: 80px !important;}&#8220;][vc_column][vc_row_inner][vc_column_inner width=&#8220;1\/2&#8243;][vc_btn title=&#8220;ISO 9001 Zertifizierung&#8220; style=&#8220;custom&#8220; custom_background=&#8220;#204b9b&#8220; custom_text=&#8220;#ffffff&#8220; size=&#8220;lg&#8220; align=&#8220;right&#8220; i_icon_fontawesome=&#8220;far fa-file-pdf&#8220; add_icon=&#8220;true&#8220; link=&#8220;url:https%3A%2F%2Fwww.fdueg.com%2Fwp-content%2Fuploads%2F2021%2F08%2FE-21-1034-Certificato-FDUEG-9001.pdf|target:_blank&#8220;][\/vc_column_inner][vc_column_inner width=&#8220;1\/2&#8243;][vc_btn title=&#8220;ISO 9001 Erkl\u00e4rung&#8220; style=&#8220;custom&#8220; custom_background=&#8220;#204b9b&#8220; custom_text=&#8220;#ffffff&#8220; size=&#8220;lg&#8220; align=&#8220;left&#8220; i_icon_fontawesome=&#8220;fa fa-file-pdf-o&#8220; add_icon=&#8220;true&#8220; link=&#8220;url:https%3A%2F%2Fwww.fdueg.com%2Fwp-content%2Fuploads%2F2019%2F07%2FFDUEG-STATEMENT-OF-POLICY-AND-AUTHORITY-ISO-9001-2015.pdf||target:%20_blank|&#8220;][\/vc_column_inner][\/vc_row_inner][vc_row_inner][vc_column_inner][vc_btn title=&#8220;F1 Zertifikat&#8220; style=&#8220;custom&#8220; custom_background=&#8220;#204b9b&#8220; custom_text=&#8220;#ffffff&#8220; size=&#8220;lg&#8220; align=&#8220;center&#8220; i_icon_fontawesome=&#8220;&#8220; add_icon=&#8220;true&#8220; custom_onclick=&#8220;true&#8220; link=&#8220;url:https%3A%2F%2Fwww.fdueg.com%2Fwp-content%2Fuploads%2F2019%2F06%2FF1-Cert.-A-19.024.pdf&#8220;][\/vc_column_inner][\/vc_row_inner][\/vc_column][\/vc_row][vc_row css=&#8220;.vc_custom_1556109901955{margin-top: 80px !important;}&#8220;][vc_column][vc_row_inner][vc_column_inner width=&#8220;1\/2&#8243;][vc_column_text]Das Konzept der Qualit\u00e4t ist ein integraler Bestandteil der FdueG. Die kontinuierliche Verbesserung aller Aktivit\u00e4ten ist ein st\u00e4ndiges Ziel, das alle Unternehmensebenen umfasst.[\/vc_column_text][vc_single_image image=&#8220;2266&#8243; img_size=&#8220;full&#8220; css=&#8220;.vc_custom_1560162025265{margin-bottom: 0px !important;padding-bottom: 0px !important;}&#8220;][\/vc_column_inner][vc_column_inner width=&#8220;1\/2&#8243;][vc_column_text]Unsere Zertifizierungen:<\/p>\n<p>EN ISO 9001:2015<\/p>\n<p>GOST<\/p>\n<p>&nbsp;<\/p>\n<p>F\u00fcr weitere Informationen: <a href=\"mailto:quality@fdueg.com\">quality@fdueg.com<\/a>.[\/vc_column_text][\/vc_column_inner][\/vc_row_inner][\/vc_column][\/vc_row][vc_row full_width=&#8220;stretch_row&#8220; css=&#8220;.vc_custom_1555671234989{background-color: #204b9b !important;}&#8220;][vc_column][vc_column_text el_class=&#8220;bianco&#8220;]<\/p>\n<h2 style=\"text-align: center; color: #ffffff;\">Qualit\u00e4tsmanagementsystem FDUEG: eine dynamische Struktur, die sich auf eine UNI EN ISO 9001: 2015 konzentriert<\/h2>\n<p>[\/vc_column_text][\/vc_column][\/vc_row][vc_row full_width=&#8220;stretch_row&#8220; css=&#8220;.vc_custom_1556028556233{background-color: #edeff2 !important;}&#8220;][vc_column]\n<div class=\"wpcf7 no-js\" id=\"wpcf7-f3279-o1\" lang=\"de-DE\" dir=\"ltr\" data-wpcf7-id=\"3279\">\n<div class=\"screen-reader-response\"><p role=\"status\" aria-live=\"polite\" aria-atomic=\"true\"><\/p> <ul><\/ul><\/div>\n<form action=\"\/de\/wp-json\/wp\/v2\/pages\/2750#wpcf7-f3279-o1\" method=\"post\" class=\"wpcf7-form init\" aria-label=\"Kontaktformular\" novalidate=\"novalidate\" data-status=\"init\">\n<fieldset class=\"hidden-fields-container\"><input type=\"hidden\" name=\"_wpcf7\" value=\"3279\" \/><input type=\"hidden\" name=\"_wpcf7_version\" value=\"6.1.5\" \/><input type=\"hidden\" name=\"_wpcf7_locale\" value=\"de_DE\" \/><input type=\"hidden\" name=\"_wpcf7_unit_tag\" value=\"wpcf7-f3279-o1\" \/><input type=\"hidden\" name=\"_wpcf7_container_post\" value=\"0\" \/><input type=\"hidden\" name=\"_wpcf7_posted_data_hash\" value=\"\" \/><input type=\"hidden\" name=\"_wpcf7_recaptcha_response\" value=\"\" \/>\n<\/fieldset>\n<div align=\"center\">\n\t<h4>F\u00fcllen Sie das Formular aus oder rufen Sie uns an unter <a href=\"tel:+390321824131\">+39 0321 824131<\/a>\n\t<\/h4>\n\t<p><label>Vor- und Nachname*<br \/>\n<span class=\"wpcf7-form-control-wrap\" data-name=\"your-name\"><input size=\"40\" maxlength=\"400\" class=\"wpcf7-form-control wpcf7-text wpcf7-validates-as-required\" aria-required=\"true\" aria-invalid=\"false\" value=\"\" type=\"text\" name=\"your-name\" \/><\/span> <\/label>\n\t<\/p>\n\t<p><label>Unternehmen<br \/>\n<span class=\"wpcf7-form-control-wrap\" data-name=\"text-55\"><input size=\"40\" maxlength=\"400\" class=\"wpcf7-form-control wpcf7-text\" aria-invalid=\"false\" value=\"\" type=\"text\" name=\"text-55\" \/><\/span> <\/label>\n\t<\/p>\n\t<p><label>Email*<br \/>\n<span class=\"wpcf7-form-control-wrap\" data-name=\"your-email\"><input size=\"40\" maxlength=\"400\" class=\"wpcf7-form-control wpcf7-email wpcf7-validates-as-required wpcf7-text wpcf7-validates-as-email\" aria-required=\"true\" aria-invalid=\"false\" value=\"\" type=\"email\" name=\"your-email\" \/><\/span> <\/label>\n\t<\/p>\n\t<p><label>Nachricht*<br \/>\n<span class=\"wpcf7-form-control-wrap\" data-name=\"textarea-242\"><textarea cols=\"40\" rows=\"10\" maxlength=\"2000\" class=\"wpcf7-form-control wpcf7-textarea wpcf7-validates-as-required\" aria-required=\"true\" aria-invalid=\"false\" name=\"textarea-242\"><\/textarea><\/span> <\/label>\n\t<\/p>\n\t<p><span class=\"wpcf7-form-control-wrap\" data-name=\"acceptance-269\"><span class=\"wpcf7-form-control wpcf7-acceptance\"><span class=\"wpcf7-list-item\"><label><input type=\"checkbox\" name=\"acceptance-269\" value=\"1\" aria-invalid=\"false\" \/><span class=\"wpcf7-list-item-label\">I have read and consent to the processing of my data according to the <a href=\"https:\/\/www.fdueg.com\/de\/privacy-policy\/\" target=\"\/blank\">Privacy Policy<\/a><\/span><\/label><\/span><\/span><\/span>\n\t<\/p>\n\t<p><input class=\"wpcf7-form-control wpcf7-submit has-spinner\" type=\"submit\" value=\"SENDEN\" \/>\n\t<\/p>\n<\/div><input type='hidden' class='wpcf7-pum' value='{\"closepopup\":false,\"closedelay\":0,\"openpopup\":false,\"openpopup_id\":0}' \/><div class=\"wpcf7-response-output\" aria-hidden=\"true\"><\/div>\n<\/form>\n<\/div>\n[\/vc_column][\/vc_row]<\/p>\n","protected":false},"excerpt":{"rendered":"<p>[vc_row full_width=&#8220;stretch_row&#8220; css=&#8220;.vc_custom_1555671234989{background-color: #204b9b !important;}&#8220;][vc_column][vc_column_text el_class=&#8220;bianco&#8220;] FDUEG hat eine dynamische Struktur, die sich nach UNI EN ISO 9001: 2015 zertifiziertes Qualit\u00e4tssystem konzentriert. Es wurde 2012 nach ISO 9001: 2008 zertifiziert. [\/vc_column_text][\/vc_column][\/vc_row][vc_row css=&#8220;.vc_custom_1556109901955{margin-top: 80px !important;}&#8220;][vc_column][vc_row_inner][vc_column_inner width=&#8220;1\/2&#8243;][vc_btn title=&#8220;ISO 9001 Zertifizierung&#8220; style=&#8220;custom&#8220; custom_background=&#8220;#204b9b&#8220; custom_text=&#8220;#ffffff&#8220; size=&#8220;lg&#8220; align=&#8220;right&#8220; i_icon_fontawesome=&#8220;far fa-file-pdf&#8220; add_icon=&#8220;true&#8220; link=&#8220;url:https%3A%2F%2Fwww.fdueg.com%2Fwp-content%2Fuploads%2F2021%2F08%2FE-21-1034-Certificato-FDUEG-9001.pdf|target:_blank&#8220;][\/vc_column_inner][vc_column_inner width=&#8220;1\/2&#8243;][vc_btn title=&#8220;ISO 9001 Erkl\u00e4rung&#8220; style=&#8220;custom&#8220; custom_background=&#8220;#204b9b&#8220; custom_text=&#8220;#ffffff&#8220; size=&#8220;lg&#8220; align=&#8220;left&#8220; i_icon_fontawesome=&#8220;fa fa-file-pdf-o&#8220; add_icon=&#8220;true&#8220; link=&#8220;url:https%3A%2F%2Fwww.fdueg.com%2Fwp-content%2Fuploads%2F2019%2F07%2FFDUEG-STATEMENT-OF-POLICY-AND-AUTHORITY-ISO-9001-2015.pdf||target:%20_blank|&#8220;][\/vc_column_inner][\/vc_row_inner][vc_row_inner][vc_column_inner][vc_btn title=&#8220;F1 Zertifikat&#8220; style=&#8220;custom&#8220; custom_background=&#8220;#204b9b&#8220; custom_text=&#8220;#ffffff&#8220; size=&#8220;lg&#8220; align=&#8220;center&#8220; i_icon_fontawesome=&#8220;&#8220; add_icon=&#8220;true&#8220; custom_onclick=&#8220;true&#8220; link=&#8220;url:https%3A%2F%2Fwww.fdueg.com%2Fwp-content%2Fuploads%2F2019%2F06%2FF1-Cert.-A-19.024.pdf&#8220;][\/vc_column_inner][\/vc_row_inner][\/vc_column][\/vc_row][vc_row css=&#8220;.vc_custom_1556109901955{margin-top: 80px !important;}&#8220;][vc_column][vc_row_inner][vc_column_inner width=&#8220;1\/2&#8243;][vc_column_text]Das Konzept der Qualit\u00e4t ist ein integraler Bestandteil der FdueG. Die kontinuierliche Verbesserung aller Aktivit\u00e4ten ist ein st\u00e4ndiges Ziel, das alle Unternehmensebenen umfasst.[\/vc_column_text][vc_single_image image=&#8220;2266&#8243; img_size=&#8220;full&#8220; css=&#8220;.vc_custom_1560162025265{margin-bottom: 0px !important;padding-bottom: 0px !important;}&#8220;][\/vc_column_inner][vc_column_inner width=&#8220;1\/2&#8243;][vc_column_text]Unsere Zertifizierungen: EN ISO 9001:2015 GOST &nbsp; F\u00fcr weitere Informationen: quality@fdueg.com.[\/vc_column_text][\/vc_column_inner][\/vc_row_inner][\/vc_column][\/vc_row][vc_row full_width=&#8220;stretch_row&#8220; css=&#8220;.vc_custom_1555671234989{background-color: #204b9b !important;}&#8220;][vc_column][vc_column_text el_class=&#8220;bianco&#8220;] Qualit\u00e4tsmanagementsystem FDUEG: eine dynamische Struktur, die sich auf eine UNI EN ISO 9001: 2015 konzentriert [\/vc_column_text][\/vc_column][\/vc_row][vc_row full_width=&#8220;stretch_row&#8220; css=&#8220;.vc_custom_1556028556233{background-color: #edeff2 !important;}&#8220;][vc_column][\/vc_column][\/vc_row]<\/p>\n","protected":false},"author":1,"featured_media":2751,"parent":0,"menu_order":0,"comment_status":"closed","ping_status":"closed","template":"","meta":{"_acf_changed":false,"footnotes":""},"class_list":["post-2750","page","type-page","status-publish","has-post-thumbnail","hentry"],"acf":[],"yoast_head":"<!-- This site is optimized with the Yoast SEO plugin v27.3 - https:\/\/yoast.com\/product\/yoast-seo-wordpress\/ -->\n<title>Das Konzept der Qualit\u00e4t ist ein integraler Bestandteil der FdueG<\/title>\n<meta name=\"description\" content=\"Das Konzept der Qualit\u00e4t ist ein integraler Bestandteil. Die kontinuierliche Verbesserung ist ein st\u00e4ndiges Ziel, das alle Unternehmensebenen umfasst.\" \/>\n<meta name=\"robots\" content=\"index, follow, max-snippet:-1, max-image-preview:large, max-video-preview:-1\" \/>\n<link rel=\"canonical\" href=\"https:\/\/www.fdueg.com\/de\/qualitaet\/\" \/>\n<meta property=\"og:locale\" content=\"de_DE\" \/>\n<meta property=\"og:type\" content=\"article\" \/>\n<meta property=\"og:title\" content=\"Das Konzept der Qualit\u00e4t ist ein integraler Bestandteil der FdueG\" \/>\n<meta property=\"og:description\" content=\"Das Konzept der Qualit\u00e4t ist ein integraler Bestandteil. Die kontinuierliche Verbesserung ist ein st\u00e4ndiges Ziel, das alle Unternehmensebenen umfasst.\" \/>\n<meta property=\"og:url\" content=\"https:\/\/www.fdueg.com\/de\/qualitaet\/\" \/>\n<meta property=\"og:site_name\" content=\"FDUEG\" \/>\n<meta property=\"article:modified_time\" content=\"2022-07-07T12:26:09+00:00\" \/>\n<meta property=\"og:image\" content=\"https:\/\/www.fdueg.com\/wp-content\/uploads\/2019\/06\/FDUEG-Quality-management-system-certified-ISO-9001-2015.jpg\" \/>\n\t<meta property=\"og:image:width\" content=\"1920\" \/>\n\t<meta property=\"og:image:height\" content=\"760\" \/>\n\t<meta property=\"og:image:type\" content=\"image\/jpeg\" \/>\n<meta name=\"twitter:card\" content=\"summary_large_image\" \/>\n<meta name=\"twitter:label1\" content=\"Gesch\u00e4tzte Lesezeit\" \/>\n\t<meta name=\"twitter:data1\" content=\"1\u00a0Minute\" \/>\n<!-- \/ Yoast SEO plugin. -->","yoast_head_json":{"title":"Das Konzept der Qualit\u00e4t ist ein integraler Bestandteil der FdueG","description":"Das Konzept der Qualit\u00e4t ist ein integraler Bestandteil. Die kontinuierliche Verbesserung ist ein st\u00e4ndiges Ziel, das alle Unternehmensebenen umfasst.","robots":{"index":"index","follow":"follow","max-snippet":"max-snippet:-1","max-image-preview":"max-image-preview:large","max-video-preview":"max-video-preview:-1"},"canonical":"https:\/\/www.fdueg.com\/de\/qualitaet\/","og_locale":"de_DE","og_type":"article","og_title":"Das Konzept der Qualit\u00e4t ist ein integraler Bestandteil der FdueG","og_description":"Das Konzept der Qualit\u00e4t ist ein integraler Bestandteil. Die kontinuierliche Verbesserung ist ein st\u00e4ndiges Ziel, das alle Unternehmensebenen umfasst.","og_url":"https:\/\/www.fdueg.com\/de\/qualitaet\/","og_site_name":"FDUEG","article_modified_time":"2022-07-07T12:26:09+00:00","og_image":[{"width":1920,"height":760,"url":"https:\/\/www.fdueg.com\/wp-content\/uploads\/2019\/06\/FDUEG-Quality-management-system-certified-ISO-9001-2015.jpg","type":"image\/jpeg"}],"twitter_card":"summary_large_image","twitter_misc":{"Gesch\u00e4tzte Lesezeit":"1\u00a0Minute"},"schema":{"@context":"https:\/\/schema.org","@graph":[{"@type":"WebPage","@id":"https:\/\/www.fdueg.com\/de\/qualitaet\/","url":"https:\/\/www.fdueg.com\/de\/qualitaet\/","name":"Das Konzept der Qualit\u00e4t ist ein integraler Bestandteil der FdueG","isPartOf":{"@id":"https:\/\/www.fdueg.com\/de\/#website"},"primaryImageOfPage":{"@id":"https:\/\/www.fdueg.com\/de\/qualitaet\/#primaryimage"},"image":{"@id":"https:\/\/www.fdueg.com\/de\/qualitaet\/#primaryimage"},"thumbnailUrl":"https:\/\/www.fdueg.com\/wp-content\/uploads\/2019\/06\/FDUEG-Quality-management-system-certified-ISO-9001-2015.jpg","datePublished":"2019-04-24T12:39:20+00:00","dateModified":"2022-07-07T12:26:09+00:00","description":"Das Konzept der Qualit\u00e4t ist ein integraler Bestandteil. Die kontinuierliche Verbesserung ist ein st\u00e4ndiges Ziel, das alle Unternehmensebenen umfasst.","breadcrumb":{"@id":"https:\/\/www.fdueg.com\/de\/qualitaet\/#breadcrumb"},"inLanguage":"de","potentialAction":[{"@type":"ReadAction","target":["https:\/\/www.fdueg.com\/de\/qualitaet\/"]}]},{"@type":"ImageObject","inLanguage":"de","@id":"https:\/\/www.fdueg.com\/de\/qualitaet\/#primaryimage","url":"https:\/\/www.fdueg.com\/wp-content\/uploads\/2019\/06\/FDUEG-Quality-management-system-certified-ISO-9001-2015.jpg","contentUrl":"https:\/\/www.fdueg.com\/wp-content\/uploads\/2019\/06\/FDUEG-Quality-management-system-certified-ISO-9001-2015.jpg","width":1920,"height":760},{"@type":"BreadcrumbList","@id":"https:\/\/www.fdueg.com\/de\/qualitaet\/#breadcrumb","itemListElement":[{"@type":"ListItem","position":1,"name":"Home","item":"https:\/\/www.fdueg.com\/de\/"},{"@type":"ListItem","position":2,"name":"Qualit\u00e4t"}]},{"@type":"WebSite","@id":"https:\/\/www.fdueg.com\/de\/#website","url":"https:\/\/www.fdueg.com\/de\/","name":"FDUEG","description":"Trasformatori a secco, trasformatori in resina, reattori","publisher":{"@id":"https:\/\/www.fdueg.com\/de\/#organization"},"potentialAction":[{"@type":"SearchAction","target":{"@type":"EntryPoint","urlTemplate":"https:\/\/www.fdueg.com\/de\/?s={search_term_string}"},"query-input":{"@type":"PropertyValueSpecification","valueRequired":true,"valueName":"search_term_string"}}],"inLanguage":"de"},{"@type":"Organization","@id":"https:\/\/www.fdueg.com\/de\/#organization","name":"FDUEG","url":"https:\/\/www.fdueg.com\/de\/","logo":{"@type":"ImageObject","inLanguage":"de","@id":"https:\/\/www.fdueg.com\/de\/#\/schema\/logo\/image\/","url":"https:\/\/www.fdueg.com\/wp-content\/uploads\/2019\/04\/fdueg-logo.png","contentUrl":"https:\/\/www.fdueg.com\/wp-content\/uploads\/2019\/04\/fdueg-logo.png","width":256,"height":55,"caption":"FDUEG"},"image":{"@id":"https:\/\/www.fdueg.com\/de\/#\/schema\/logo\/image\/"}}]}},"_links":{"self":[{"href":"https:\/\/www.fdueg.com\/de\/wp-json\/wp\/v2\/pages\/2750","targetHints":{"allow":["GET"]}}],"collection":[{"href":"https:\/\/www.fdueg.com\/de\/wp-json\/wp\/v2\/pages"}],"about":[{"href":"https:\/\/www.fdueg.com\/de\/wp-json\/wp\/v2\/types\/page"}],"author":[{"embeddable":true,"href":"https:\/\/www.fdueg.com\/de\/wp-json\/wp\/v2\/users\/1"}],"replies":[{"embeddable":true,"href":"https:\/\/www.fdueg.com\/de\/wp-json\/wp\/v2\/comments?post=2750"}],"version-history":[{"count":0,"href":"https:\/\/www.fdueg.com\/de\/wp-json\/wp\/v2\/pages\/2750\/revisions"}],"wp:featuredmedia":[{"embeddable":true,"href":"https:\/\/www.fdueg.com\/de\/wp-json\/wp\/v2\/media\/2751"}],"wp:attachment":[{"href":"https:\/\/www.fdueg.com\/de\/wp-json\/wp\/v2\/media?parent=2750"}],"curies":[{"name":"wp","href":"https:\/\/api.w.org\/{rel}","templated":true}]}}