{"id":2902,"date":"2017-02-03T08:25:54","date_gmt":"2017-02-03T08:25:54","guid":{"rendered":"https:\/\/www.fdueg.com\/contacts\/"},"modified":"2025-11-07T14:59:11","modified_gmt":"2025-11-07T13:59:11","slug":"kontakte","status":"publish","type":"page","link":"https:\/\/www.fdueg.com\/de\/kontakte\/","title":{"rendered":"Kontakte"},"content":{"rendered":"<p>[vc_row full_width=&#8220;stretch_row_content_no_spaces&#8220;][vc_column][vc_raw_html]JTVCZWxlbWVudG9yLXRlbXBsYXRlJTIwaWQlM0QlMjI0NjY2JTIyJTVE[\/vc_raw_html][\/vc_column][\/vc_row][vc_row full_width=&#8220;stretch_row&#8220; bg_type=&#8220;bg_color&#8220; bg_color_value=&#8220;#204b9b&#8220;][vc_column width=&#8220;1\/6&#8243;][\/vc_column][vc_column width=&#8220;2\/6&#8243;][vc_custom_heading text=&#8220;F.D.U.E.G. Srl&#8220; font_container=&#8220;tag:h2|text_align:left|color:%23ffffff&#8220; use_theme_fonts=&#8220;yes&#8220;]<div class=\"uavc-list-icon uavc-list-icon-wrapper ult-adjust-bottom-margin   \"><ul class=\"uavc-list\"><li><div class=\"uavc-list-content\" id=\"list-icon-wrap-3689\">\n<div class=\"uavc-list-icon  \" data-animation=\"\" data-animation-delay=\"03\" style=\"margin-right:15px;\"><div class=\"ult-just-icon-wrapper  \"><div class=\"align-icon\" style=\"text-align:center;\">\n<div class=\"aio-icon none \"  style=\"color:#ffffff;font-size:24px;display:inline-block;\">\n\t<i class=\"Defaults-map-marker\"><\/i>\n<\/div><\/div><\/div>\n<\/div><span  data-ultimate-target='#list-icon-wrap-3689 .uavc-list-desc'  data-responsive-json-new='{\"font-size\":\"\",\"line-height\":\"\"}'  class=\"uavc-list-desc ult-responsive\" style=\"color:#ffffff;\"><strong>Hauptsitz:<\/strong><br \/>\nVia Torino, 33<br \/>\n28064 &#8211; Carpignano Sesia (NO) &#8211; Italy<\/span><\/div><\/li><li><div class=\"uavc-list-content\" id=\"list-icon-wrap-2417\">\n<div class=\"uavc-list-icon  \" data-animation=\"\" data-animation-delay=\"03\" style=\"margin-right:15px;\"><div class=\"ult-just-icon-wrapper  \"><div class=\"align-icon\" style=\"text-align:center;\">\n<div class=\"aio-icon none \"  style=\"color:#ffffff;font-size:24px;display:inline-block;\">\n\t<i class=\"Defaults-map-marker\"><\/i>\n<\/div><\/div><\/div>\n<\/div><span  data-ultimate-target='#list-icon-wrap-2417 .uavc-list-desc'  data-responsive-json-new='{\"font-size\":\"\",\"line-height\":\"\"}'  class=\"uavc-list-desc ult-responsive\" style=\"color:#ffffff;\"><strong>Sitz:<\/strong><br \/>\nVia Garibaldi, 24<br \/>\n13030 &#8211; Ghislarengo (VC) &#8211; Italy<\/span><\/div><\/li><\/ul><\/div>[\/vc_column][vc_column width=&#8220;2\/6&#8243;][vc_empty_space height=&#8220;46px&#8220;]<div class=\"uavc-list-icon uavc-list-icon-wrapper ult-adjust-bottom-margin   \"><ul class=\"uavc-list\"><li><div class=\"uavc-list-content\" id=\"list-icon-wrap-3750\">\n<div class=\"uavc-list-icon  \" data-animation=\"\" data-animation-delay=\"03\" style=\"margin-right:15px;\"><div class=\"ult-just-icon-wrapper  \"><div class=\"align-icon\" style=\"text-align:center;\">\n<div class=\"aio-icon none \"  style=\"color:#ffffff;font-size:24px;display:inline-block;\">\n\t<i class=\"Defaults-phone\"><\/i>\n<\/div><\/div><\/div>\n<\/div><span  data-ultimate-target='#list-icon-wrap-3750 .uavc-list-desc'  data-responsive-json-new='{\"font-size\":\"\",\"line-height\":\"\"}'  class=\"uavc-list-desc ult-responsive\" style=\"\"><span style=\"color: #ffffff;\"><a style=\"color: #ffffff;\" href=\"tel:+390321824131\">+39 0321 824131<\/a><\/span><\/span><\/div><\/li><li><div class=\"uavc-list-content\" id=\"list-icon-wrap-9012\">\n<div class=\"uavc-list-icon  \" data-animation=\"\" data-animation-delay=\"03\" style=\"margin-right:15px;\"><div class=\"ult-just-icon-wrapper  \"><div class=\"align-icon\" style=\"text-align:center;\">\n<div class=\"aio-icon none \"  style=\"color:#ffffff;font-size:24px;display:inline-block;\">\n\t<i class=\"Defaults-fax\"><\/i>\n<\/div><\/div><\/div>\n<\/div><span  data-ultimate-target='#list-icon-wrap-9012 .uavc-list-desc'  data-responsive-json-new='{\"font-size\":\"\",\"line-height\":\"\"}'  class=\"uavc-list-desc ult-responsive\" style=\"\"><span style=\"color: #ffffff;\">+39 0321 824222<\/span><\/span><\/div><\/li><li><div class=\"uavc-list-content\" id=\"list-icon-wrap-5870\">\n<div class=\"uavc-list-icon  \" data-animation=\"\" data-animation-delay=\"03\" style=\"margin-right:15px;\"><div class=\"ult-just-icon-wrapper  \"><div class=\"align-icon\" style=\"text-align:center;\">\n<div class=\"aio-icon none \"  style=\"color:#ffffff;font-size:24px;display:inline-block;\">\n\t<i class=\"Defaults-envelope\"><\/i>\n<\/div><\/div><\/div>\n<\/div><span  data-ultimate-target='#list-icon-wrap-5870 .uavc-list-desc'  data-responsive-json-new='{\"font-size\":\"\",\"line-height\":\"\"}'  class=\"uavc-list-desc ult-responsive\" style=\"\"><span style=\"color: #ffffff;\"><a style=\"color: #ffffff;\" href=\"mailto:info@fdueg.com\">info@fdueg.com<\/a><\/span><\/span><\/div><\/li><li><div class=\"uavc-list-content\" id=\"list-icon-wrap-1262\">\n<div class=\"uavc-list-icon  \" data-animation=\"\" data-animation-delay=\"03\" style=\"margin-right:15px;\"><div class=\"ult-just-icon-wrapper  \"><div class=\"align-icon\" style=\"text-align:center;\">\n<div class=\"aio-icon none \"  style=\"color:#ffffff;font-size:24px;display:inline-block;\">\n\t<i class=\"Defaults-linkedin\"><\/i>\n<\/div><\/div><\/div>\n<\/div><span  data-ultimate-target='#list-icon-wrap-1262 .uavc-list-desc'  data-responsive-json-new='{\"font-size\":\"\",\"line-height\":\"\"}'  class=\"uavc-list-desc ult-responsive\" style=\"\"><span style=\"color: #ffffff;\"><a style=\"color: #ffffff;\" href=\"https:\/\/www.linkedin.com\/company\/fdueg-trasformatori-reattanze-filtri\/\" target=\"_blank\" rel=\"noopener noreferrer\">LinkedIn<\/a><\/span><\/span><\/div><\/li><\/ul><\/div>[\/vc_column][vc_column width=&#8220;1\/6&#8243;][\/vc_column][\/vc_row][vc_row full_width=&#8220;stretch_row&#8220; css=&#8220;.vc_custom_1560331384335{background-color: #edeff2 !important;}&#8220;][vc_column css=&#8220;.vc_custom_1560331267519{padding-top: 20px !important;padding-right: 10px !important;padding-bottom: 20px !important;padding-left: 10px !important;background-color: #edeff2 !important;}&#8220;][vc_custom_heading text=&#8220;Kontakte&#8220; font_container=&#8220;tag:h1|text_align:left|color:%23204b9b&#8220; use_theme_fonts=&#8220;yes&#8220;]\n<div class=\"wpcf7 no-js\" id=\"wpcf7-f3279-o1\" lang=\"de-DE\" dir=\"ltr\" data-wpcf7-id=\"3279\">\n<div class=\"screen-reader-response\"><p role=\"status\" aria-live=\"polite\" aria-atomic=\"true\"><\/p> <ul><\/ul><\/div>\n<form action=\"\/de\/wp-json\/wp\/v2\/pages\/2902#wpcf7-f3279-o1\" method=\"post\" class=\"wpcf7-form init\" aria-label=\"Kontaktformular\" novalidate=\"novalidate\" data-status=\"init\">\n<fieldset class=\"hidden-fields-container\"><input type=\"hidden\" name=\"_wpcf7\" value=\"3279\" \/><input type=\"hidden\" name=\"_wpcf7_version\" value=\"6.1.5\" \/><input type=\"hidden\" name=\"_wpcf7_locale\" value=\"de_DE\" \/><input type=\"hidden\" name=\"_wpcf7_unit_tag\" value=\"wpcf7-f3279-o1\" \/><input type=\"hidden\" name=\"_wpcf7_container_post\" value=\"0\" \/><input type=\"hidden\" name=\"_wpcf7_posted_data_hash\" value=\"\" \/><input type=\"hidden\" name=\"_wpcf7_recaptcha_response\" value=\"\" \/>\n<\/fieldset>\n<div align=\"center\">\n\t<h4>F\u00fcllen Sie das Formular aus oder rufen Sie uns an unter <a href=\"tel:+390321824131\">+39 0321 824131<\/a>\n\t<\/h4>\n\t<p><label>Vor- und Nachname*<br \/>\n<span class=\"wpcf7-form-control-wrap\" data-name=\"your-name\"><input size=\"40\" maxlength=\"400\" class=\"wpcf7-form-control wpcf7-text wpcf7-validates-as-required\" aria-required=\"true\" aria-invalid=\"false\" value=\"\" type=\"text\" name=\"your-name\" \/><\/span> <\/label>\n\t<\/p>\n\t<p><label>Unternehmen<br \/>\n<span class=\"wpcf7-form-control-wrap\" data-name=\"text-55\"><input size=\"40\" maxlength=\"400\" class=\"wpcf7-form-control wpcf7-text\" aria-invalid=\"false\" value=\"\" type=\"text\" name=\"text-55\" \/><\/span> <\/label>\n\t<\/p>\n\t<p><label>Email*<br \/>\n<span class=\"wpcf7-form-control-wrap\" data-name=\"your-email\"><input size=\"40\" maxlength=\"400\" class=\"wpcf7-form-control wpcf7-email wpcf7-validates-as-required wpcf7-text wpcf7-validates-as-email\" aria-required=\"true\" aria-invalid=\"false\" value=\"\" type=\"email\" name=\"your-email\" \/><\/span> <\/label>\n\t<\/p>\n\t<p><label>Nachricht*<br \/>\n<span class=\"wpcf7-form-control-wrap\" data-name=\"textarea-242\"><textarea cols=\"40\" rows=\"10\" maxlength=\"2000\" class=\"wpcf7-form-control wpcf7-textarea wpcf7-validates-as-required\" aria-required=\"true\" aria-invalid=\"false\" name=\"textarea-242\"><\/textarea><\/span> <\/label>\n\t<\/p>\n\t<p><span class=\"wpcf7-form-control-wrap\" data-name=\"acceptance-269\"><span class=\"wpcf7-form-control wpcf7-acceptance\"><span class=\"wpcf7-list-item\"><label><input type=\"checkbox\" name=\"acceptance-269\" value=\"1\" aria-invalid=\"false\" \/><span class=\"wpcf7-list-item-label\">I have read and consent to the processing of my data according to the <a href=\"https:\/\/www.fdueg.com\/de\/privacy-policy\/\" target=\"\/blank\">Privacy Policy<\/a><\/span><\/label><\/span><\/span><\/span>\n\t<\/p>\n\t<p><input class=\"wpcf7-form-control wpcf7-submit has-spinner\" type=\"submit\" value=\"SENDEN\" \/>\n\t<\/p>\n<\/div><input type='hidden' class='wpcf7-pum' value='{\"closepopup\":false,\"closedelay\":0,\"openpopup\":false,\"openpopup_id\":0}' \/><div class=\"wpcf7-response-output\" aria-hidden=\"true\"><\/div>\n<\/form>\n<\/div>\n[\/vc_column][\/vc_row]<\/p>\n","protected":false},"excerpt":{"rendered":"<p>[vc_row full_width=&#8220;stretch_row_content_no_spaces&#8220;][vc_column][vc_raw_html]JTVCZWxlbWVudG9yLXRlbXBsYXRlJTIwaWQlM0QlMjI0NjY2JTIyJTVE[\/vc_raw_html][\/vc_column][\/vc_row][vc_row full_width=&#8220;stretch_row&#8220; bg_type=&#8220;bg_color&#8220; bg_color_value=&#8220;#204b9b&#8220;][vc_column width=&#8220;1\/6&#8243;][\/vc_column][vc_column width=&#8220;2\/6&#8243;][vc_custom_heading text=&#8220;F.D.U.E.G. Srl&#8220; font_container=&#8220;tag:h2|text_align:left|color:%23ffffff&#8220; use_theme_fonts=&#8220;yes&#8220;][\/vc_column][vc_column width=&#8220;2\/6&#8243;][vc_empty_space height=&#8220;46px&#8220;][\/vc_column][vc_column width=&#8220;1\/6&#8243;][\/vc_column][\/vc_row][vc_row full_width=&#8220;stretch_row&#8220; css=&#8220;.vc_custom_1560331384335{background-color: #edeff2 !important;}&#8220;][vc_column css=&#8220;.vc_custom_1560331267519{padding-top: 20px !important;padding-right: 10px !important;padding-bottom: 20px !important;padding-left: 10px !important;background-color: #edeff2 !important;}&#8220;][vc_custom_heading text=&#8220;Kontakte&#8220; font_container=&#8220;tag:h1|text_align:left|color:%23204b9b&#8220; use_theme_fonts=&#8220;yes&#8220;][\/vc_column][\/vc_row]<\/p>\n","protected":false},"author":1,"featured_media":0,"parent":0,"menu_order":0,"comment_status":"closed","ping_status":"closed","template":"","meta":{"_acf_changed":false,"footnotes":""},"class_list":["post-2902","page","type-page","status-publish","hentry"],"acf":[],"yoast_head":"<!-- This site is optimized with the Yoast SEO plugin v27.3 - https:\/\/yoast.com\/product\/yoast-seo-wordpress\/ -->\n<title>FDUEG: Transformatoren, Drosseln und Filter nach Ma\u00df f\u00fcr Sie<\/title>\n<meta name=\"description\" content=\"FDUEG bietet 25 Jahre Erfahrung im elektromechanischen Bereich, f\u00fcr weitere Informationen kontaktieren Sie uns\" \/>\n<meta name=\"robots\" content=\"index, follow, max-snippet:-1, max-image-preview:large, max-video-preview:-1\" \/>\n<link rel=\"canonical\" href=\"https:\/\/www.fdueg.com\/de\/kontakte\/\" \/>\n<meta property=\"og:locale\" content=\"de_DE\" \/>\n<meta property=\"og:type\" content=\"article\" \/>\n<meta property=\"og:title\" content=\"FDUEG: Transformatoren, Drosseln und Filter nach Ma\u00df f\u00fcr Sie\" \/>\n<meta property=\"og:description\" content=\"FDUEG bietet 25 Jahre Erfahrung im elektromechanischen Bereich, f\u00fcr weitere Informationen kontaktieren Sie uns\" \/>\n<meta property=\"og:url\" content=\"https:\/\/www.fdueg.com\/de\/kontakte\/\" \/>\n<meta property=\"og:site_name\" content=\"FDUEG\" \/>\n<meta property=\"article:modified_time\" content=\"2025-11-07T13:59:11+00:00\" \/>\n<meta name=\"twitter:card\" content=\"summary_large_image\" \/>\n<meta name=\"twitter:label1\" content=\"Gesch\u00e4tzte Lesezeit\" \/>\n\t<meta name=\"twitter:data1\" content=\"1\u00a0Minute\" \/>\n<!-- \/ Yoast SEO plugin. -->","yoast_head_json":{"title":"FDUEG: Transformatoren, Drosseln und Filter nach Ma\u00df f\u00fcr Sie","description":"FDUEG bietet 25 Jahre Erfahrung im elektromechanischen Bereich, f\u00fcr weitere Informationen kontaktieren Sie uns","robots":{"index":"index","follow":"follow","max-snippet":"max-snippet:-1","max-image-preview":"max-image-preview:large","max-video-preview":"max-video-preview:-1"},"canonical":"https:\/\/www.fdueg.com\/de\/kontakte\/","og_locale":"de_DE","og_type":"article","og_title":"FDUEG: Transformatoren, Drosseln und Filter nach Ma\u00df f\u00fcr Sie","og_description":"FDUEG bietet 25 Jahre Erfahrung im elektromechanischen Bereich, f\u00fcr weitere Informationen kontaktieren Sie uns","og_url":"https:\/\/www.fdueg.com\/de\/kontakte\/","og_site_name":"FDUEG","article_modified_time":"2025-11-07T13:59:11+00:00","twitter_card":"summary_large_image","twitter_misc":{"Gesch\u00e4tzte Lesezeit":"1\u00a0Minute"},"schema":{"@context":"https:\/\/schema.org","@graph":[{"@type":"WebPage","@id":"https:\/\/www.fdueg.com\/de\/kontakte\/","url":"https:\/\/www.fdueg.com\/de\/kontakte\/","name":"FDUEG: Transformatoren, Drosseln und Filter nach Ma\u00df f\u00fcr Sie","isPartOf":{"@id":"https:\/\/www.fdueg.com\/de\/#website"},"datePublished":"2017-02-03T08:25:54+00:00","dateModified":"2025-11-07T13:59:11+00:00","description":"FDUEG bietet 25 Jahre Erfahrung im elektromechanischen Bereich, f\u00fcr weitere Informationen kontaktieren Sie uns","breadcrumb":{"@id":"https:\/\/www.fdueg.com\/de\/kontakte\/#breadcrumb"},"inLanguage":"de","potentialAction":[{"@type":"ReadAction","target":["https:\/\/www.fdueg.com\/de\/kontakte\/"]}]},{"@type":"BreadcrumbList","@id":"https:\/\/www.fdueg.com\/de\/kontakte\/#breadcrumb","itemListElement":[{"@type":"ListItem","position":1,"name":"Home","item":"https:\/\/www.fdueg.com\/de\/"},{"@type":"ListItem","position":2,"name":"Kontakte"}]},{"@type":"WebSite","@id":"https:\/\/www.fdueg.com\/de\/#website","url":"https:\/\/www.fdueg.com\/de\/","name":"FDUEG","description":"Trasformatori a secco, trasformatori in resina, reattori","publisher":{"@id":"https:\/\/www.fdueg.com\/de\/#organization"},"potentialAction":[{"@type":"SearchAction","target":{"@type":"EntryPoint","urlTemplate":"https:\/\/www.fdueg.com\/de\/?s={search_term_string}"},"query-input":{"@type":"PropertyValueSpecification","valueRequired":true,"valueName":"search_term_string"}}],"inLanguage":"de"},{"@type":"Organization","@id":"https:\/\/www.fdueg.com\/de\/#organization","name":"FDUEG","url":"https:\/\/www.fdueg.com\/de\/","logo":{"@type":"ImageObject","inLanguage":"de","@id":"https:\/\/www.fdueg.com\/de\/#\/schema\/logo\/image\/","url":"https:\/\/www.fdueg.com\/wp-content\/uploads\/2019\/04\/fdueg-logo.png","contentUrl":"https:\/\/www.fdueg.com\/wp-content\/uploads\/2019\/04\/fdueg-logo.png","width":256,"height":55,"caption":"FDUEG"},"image":{"@id":"https:\/\/www.fdueg.com\/de\/#\/schema\/logo\/image\/"}}]}},"_links":{"self":[{"href":"https:\/\/www.fdueg.com\/de\/wp-json\/wp\/v2\/pages\/2902","targetHints":{"allow":["GET"]}}],"collection":[{"href":"https:\/\/www.fdueg.com\/de\/wp-json\/wp\/v2\/pages"}],"about":[{"href":"https:\/\/www.fdueg.com\/de\/wp-json\/wp\/v2\/types\/page"}],"author":[{"embeddable":true,"href":"https:\/\/www.fdueg.com\/de\/wp-json\/wp\/v2\/users\/1"}],"replies":[{"embeddable":true,"href":"https:\/\/www.fdueg.com\/de\/wp-json\/wp\/v2\/comments?post=2902"}],"version-history":[{"count":0,"href":"https:\/\/www.fdueg.com\/de\/wp-json\/wp\/v2\/pages\/2902\/revisions"}],"wp:attachment":[{"href":"https:\/\/www.fdueg.com\/de\/wp-json\/wp\/v2\/media?parent=2902"}],"curies":[{"name":"wp","href":"https:\/\/api.w.org\/{rel}","templated":true}]}}