{"id":2592,"date":"2019-04-12T15:42:23","date_gmt":"2019-04-12T13:42:23","guid":{"rendered":"https:\/\/www.fdueg.com\/cast-resin-transformers\/"},"modified":"2019-07-01T10:09:02","modified_gmt":"2019-07-01T08:09:02","slug":"transformateurs-de-resine","status":"publish","type":"page","link":"https:\/\/www.fdueg.com\/fr\/transformateurs-de-resine\/","title":{"rendered":"Transformateurs de r\u00e9sine"},"content":{"rendered":"<p>[vc_row][vc_column width=\u00a0\u00bb2\/3&Prime; el_class=\u00a0\u00bbsx\u00a0\u00bb css=\u00a0\u00bb.vc_custom_1555578073404{padding-right: 60px !important;padding-left: 60px !important;}\u00a0\u00bb][vc_empty_space height=\u00a0\u00bb25&Prime;][vc_row_inner][vc_column_inner width=\u00a0\u00bb1\/2&Prime;][vc_single_image image=\u00a0\u00bb2596&Prime; img_size=\u00a0\u00bbfull\u00a0\u00bb alignment=\u00a0\u00bbcenter\u00a0\u00bb onclick=\u00a0\u00bbimg_link_large\u00a0\u00bb][\/vc_column_inner][vc_column_inner width=\u00a0\u00bb1\/2&Prime;][vc_single_image image=\u00a0\u00bb2597&Prime; img_size=\u00a0\u00bbfull\u00a0\u00bb alignment=\u00a0\u00bbcenter\u00a0\u00bb onclick=\u00a0\u00bbimg_link_large\u00a0\u00bb][\/vc_column_inner][\/vc_row_inner][vc_column_text]<\/p>\n<h2>Transformateurs en r\u00e9sine BTA-BTB \/ HTA: petite empreinte, prix bas pour fonctionnement et maintenance<\/h2>\n<p>[\/vc_column_text][vc_column_text]Les transformateurs de r\u00e9sine permettent de satisfaire des exigences particuli\u00e8res concernant l&rsquo;isolement et l&rsquo;environnement, en permettant l&rsquo;installation des transformateurs Fdueg dans lieux tr\u00e8s humide et pollu\u00e9. Ces produits sont de facile entretien et sont optimales pour rationaliser la gestion des syst\u00e8mes, en \u00e9liminant les probl\u00e8mes li\u00e9s \u00e0 l&rsquo;incendie.<\/p>\n<p>Dans la phase de conception, les ing\u00e9nieurs r\u00e9servent une large place \u00e0 l&rsquo;\u00e9valuation des pertes et \u00e0 l&rsquo;\u00e9tude des m\u00e9thodes de refroidissement telles que la ventilation naturelle ou forc\u00e9e, afin d&rsquo;obtenir le meilleur compromis entre la qualit\u00e9 \/ co\u00fbt.[\/vc_column_text][vc_empty_space height=\u00a0\u00bb5&Prime;][vc_column_text]Pour grands renseignements: <strong><a href=\"https:\/\/www.fdueg.com\/fr\/transformateurs-de-resine\/\">Cast resin transformers<\/a><\/strong>[\/vc_column_text][vc_empty_space height=\u00a0\u00bb5&Prime;][vc_images_carousel images=\u00a0\u00bb2176,2165&Prime; img_size=\u00a0\u00bbfull\u00a0\u00bb onclick=\u00a0\u00bblink_no\u00a0\u00bb hide_pagination_control=\u00a0\u00bbyes\u00a0\u00bb][vc_row_inner css=\u00a0\u00bb.vc_custom_1556550758627{margin-top: -185px !important;margin-bottom: 10px !important;border-radius: 3px !important;}\u00a0\u00bb][vc_column_inner width=\u00a0\u00bb1\/3&Prime;]<div class=\"icon_box icon_position_top no_border\"><div class=\"icon_wrapper\"><div class=\"icon\"><i class=\"icon-cog\"><\/i><\/div><\/div><div class=\"desc_wrapper\"><h4 class=\"title\">Maintenance r\u00e9duit<\/h4><\/div><\/div>\n[\/vc_column_inner][vc_column_inner width=\u00a0\u00bb1\/3&Prime;]<div class=\"icon_box icon_position_top no_border\"><div class=\"icon_wrapper\"><div class=\"icon\"><i class=\"icon-thumbs-up\"><\/i><\/div><\/div><div class=\"desc_wrapper\"><h4 class=\"title\">Prix bas<\/h4><\/div><\/div>\n[\/vc_column_inner][vc_column_inner width=\u00a0\u00bb1\/3&Prime;]<div class=\"icon_box icon_position_top no_border\"><div class=\"icon_wrapper\"><div class=\"icon\"><i class=\"icon-tools\"><\/i><\/div><\/div><div class=\"desc_wrapper\"><h4 class=\"title\">Dimensions et poids petits<\/h4><\/div><\/div>\n[\/vc_column_inner][\/vc_row_inner][vc_empty_space height=\u00a0\u00bb25&Prime;][\/vc_column][vc_column width=\u00a0\u00bb1\/3&Prime; css=\u00a0\u00bb.vc_custom_1555579008876{border-right-width: 1px !important;border-left-width: 1px !important;border-left-color: #eaeaea !important;border-left-style: solid !important;border-right-color: #eaeaea !important;border-right-style: solid !important;}\u00a0\u00bb][vc_column_text css=\u00a0\u00bb.vc_custom_1559741366602{margin-top: 25px !important;margin-bottom: 1px !important;border-bottom-width: 1px !important;}\u00a0\u00bb]<\/p>\n<h3>Download<\/h3>\n<p>[\/vc_column_text][vc_empty_space height=\u00a0\u00bb0&Prime;][vc_btn title=\u00a0\u00bbFiche technique\u00a0\u00bb style=\u00a0\u00bbcustom\u00a0\u00bb custom_background=\u00a0\u00bb#204b9b\u00a0\u00bb custom_text=\u00a0\u00bb#ffffff\u00a0\u00bb i_icon_fontawesome=\u00a0\u00bbfa fa-file-pdf-o\u00a0\u00bb add_icon=\u00a0\u00bbtrue\u00a0\u00bb link=\u00a0\u00bburl:https%3A%2F%2Fwww.fdueg.com%2Fwp-content%2Fuploads%2F2019%2F06%2FDistribuition-Transformers-Cast-Resin-FDUEG.pdf||target:%20_blank|\u00a0\u00bb][vc_column_text css=\u00a0\u00bb.vc_custom_1560430774454{margin-top: 25px !important;margin-bottom: 1px !important;border-bottom-width: 1px !important;}\u00a0\u00bb]<\/p>\n<h3>Donn\u00e9es techniques<\/h3>\n<p>[\/vc_column_text][vc_empty_space height=\u00a0\u00bb0&Prime;][vc_column_text]<\/p>\n<table>\n<tbody>\n<tr>\n<td><em>TYPE<\/em><\/td>\n<td><em>POWER<\/em><\/td>\n<td><em>FEATURES<\/em><\/td>\n<td><em>COOLING<\/em><\/td>\n<\/tr>\n<tr>\n<td><em><strong>Distribution transformer<\/strong><\/em><\/td>\n<td><em>UP TO 16 MVA<\/em><\/td>\n<td><em>UP TO 24 kV<\/em><\/td>\n<td><em>AN &#8211; AF<\/em><\/td>\n<\/tr>\n<tr>\n<td><em><strong>Medium frequency (MF) transformer<\/strong><\/em><\/td>\n<td><em>UP TO\u00a0 10 MVA<\/em><\/td>\n<td><em>UP TO 10 kHz<\/em><\/td>\n<td><em>WF<\/em><\/td>\n<\/tr>\n<\/tbody>\n<\/table>\n<p>[\/vc_column_text][vc_column_text css=\u00a0\u00bb.vc_custom_1559736133986{margin-bottom: 1px !important;border-bottom-width: 1px !important;}\u00a0\u00bb]<\/p>\n<h3>Applications<\/h3>\n<p>[\/vc_column_text][vc_empty_space height=\u00a0\u00bb0&Prime;]<div class=\"aio-icon-component  vc_custom_1555583364937   style_1\"><div id=\"Info-box-wrap-4076\" class=\"aio-icon-box default-icon\" style=\"\"  ><div class=\"aio-icon-default\"><div class=\"ult-just-icon-wrapper  \"><div class=\"align-icon\" style=\"text-align:center;\">\n<div class=\"aio-icon-img \" style=\"font-size:40px;display:inline-block;\" >\n\t<img decoding=\"async\" class=\"img-icon\" alt=\"fdueg-applicazioni-transmission-lines\" src=\"https:\/\/www.fdueg.com\/wp-content\/uploads\/2019\/04\/fdueg-applicazioni-transmission-lines.jpg\"\/>\n<\/div><\/div><\/div><\/div><div class=\"aio-icon-header\" ><h5 class=\"aio-icon-title ult-responsive\"  data-ultimate-target='#Info-box-wrap-4076 .aio-icon-title'  data-responsive-json-new='{\"font-size\":\"\",\"line-height\":\"\"}'  style=\"\">Industrial electric power supply<\/h5><\/div> <!-- header --><\/div> <!-- aio-icon-box --><\/div> <!-- aio-icon-component --><div class=\"aio-icon-component  vc_custom_1555080344238   style_1\"><div id=\"Info-box-wrap-6242\" class=\"aio-icon-box default-icon\" style=\"\"  ><div class=\"aio-icon-default\"><div class=\"ult-just-icon-wrapper  \"><div class=\"align-icon\" style=\"text-align:center;\">\n<div class=\"aio-icon-img \" style=\"font-size:40px;display:inline-block;\" >\n\t<img decoding=\"async\" class=\"img-icon\" alt=\"fdueg-applicazioni-industry\" src=\"https:\/\/www.fdueg.com\/wp-content\/uploads\/2019\/04\/fdueg-applicazioni-industry.jpg\"\/>\n<\/div><\/div><\/div><\/div><div class=\"aio-icon-header\" ><h5 class=\"aio-icon-title ult-responsive\"  data-ultimate-target='#Info-box-wrap-6242 .aio-icon-title'  data-responsive-json-new='{\"font-size\":\"\",\"line-height\":\"\"}'  style=\"\">Industry<\/h5><\/div> <!-- header --><\/div> <!-- aio-icon-box --><\/div> <!-- aio-icon-component --><div class=\"aio-icon-component  vc_custom_1555080292333   style_1\"><div id=\"Info-box-wrap-3508\" class=\"aio-icon-box default-icon\" style=\"\"  ><div class=\"aio-icon-default\"><div class=\"ult-just-icon-wrapper  \"><div class=\"align-icon\" style=\"text-align:center;\">\n<div class=\"aio-icon-img \" style=\"font-size:40px;display:inline-block;\" >\n\t<img decoding=\"async\" class=\"img-icon\" alt=\"fdueg-applicazioni-pubblic-and-commercial-buildings\" src=\"https:\/\/www.fdueg.com\/wp-content\/uploads\/2019\/04\/fdueg-applicazioni-pubblic-and-commercial-buildings.jpg\"\/>\n<\/div><\/div><\/div><\/div><div class=\"aio-icon-header\" ><h5 class=\"aio-icon-title ult-responsive\"  data-ultimate-target='#Info-box-wrap-3508 .aio-icon-title'  data-responsive-json-new='{\"font-size\":\"\",\"line-height\":\"\"}'  style=\"\">Public and commercial buildings<\/h5><\/div> <!-- header --><\/div> <!-- aio-icon-box --><\/div> <!-- aio-icon-component --><div class=\"aio-icon-component  vc_custom_1555080164262   style_1\"><div id=\"Info-box-wrap-4519\" class=\"aio-icon-box default-icon\" style=\"\"  ><div class=\"aio-icon-default\"><div class=\"ult-just-icon-wrapper  \"><div class=\"align-icon\" style=\"text-align:center;\">\n<div class=\"aio-icon-img \" style=\"font-size:40px;display:inline-block;\" >\n\t<img decoding=\"async\" class=\"img-icon\" alt=\"fdueg-applicazioni-renewable-energies\" src=\"https:\/\/www.fdueg.com\/wp-content\/uploads\/2019\/04\/fdueg-applicazioni-renewable-energies.jpg\"\/>\n<\/div><\/div><\/div><\/div><div class=\"aio-icon-header\" ><h5 class=\"aio-icon-title ult-responsive\"  data-ultimate-target='#Info-box-wrap-4519 .aio-icon-title'  data-responsive-json-new='{\"font-size\":\"\",\"line-height\":\"\"}'  style=\"\">Renewable energies<\/h5><\/div> <!-- header --><\/div> <!-- aio-icon-box --><\/div> <!-- aio-icon-component -->[vc_column_text css=\u00a0\u00bb.vc_custom_1559741396225{margin-top: 25px !important;margin-bottom: 1px !important;border-bottom-width: 1px !important;}\u00a0\u00bb]<\/p>\n<h3>Informations<\/h3>\n<p>[\/vc_column_text][vc_empty_space height=\u00a0\u00bb0&Prime;][vc_row_inner css=\u00a0\u00bb.vc_custom_1556028614925{background-color: #edeff2 !important;border-radius: 3px !important;}\u00a0\u00bb][vc_column_inner]\n<div class=\"wpcf7 no-js\" id=\"wpcf7-f3278-o1\" lang=\"fr-FR\" dir=\"ltr\" data-wpcf7-id=\"3278\">\n<div class=\"screen-reader-response\"><p role=\"status\" aria-live=\"polite\" aria-atomic=\"true\"><\/p> <ul><\/ul><\/div>\n<form action=\"\/fr\/wp-json\/wp\/v2\/pages\/2592#wpcf7-f3278-o1\" method=\"post\" class=\"wpcf7-form init\" aria-label=\"Formulaire de contact\" novalidate=\"novalidate\" data-status=\"init\">\n<fieldset class=\"hidden-fields-container\"><input type=\"hidden\" name=\"_wpcf7\" value=\"3278\" \/><input type=\"hidden\" name=\"_wpcf7_version\" value=\"6.1.5\" \/><input type=\"hidden\" name=\"_wpcf7_locale\" value=\"fr_FR\" \/><input type=\"hidden\" name=\"_wpcf7_unit_tag\" value=\"wpcf7-f3278-o1\" \/><input type=\"hidden\" name=\"_wpcf7_container_post\" value=\"0\" \/><input type=\"hidden\" name=\"_wpcf7_posted_data_hash\" value=\"\" \/><input type=\"hidden\" name=\"_wpcf7_recaptcha_response\" value=\"\" \/>\n<\/fieldset>\n<h4>Remplissez le formulaire ou appelez-nous au <a href=\"tel:+390321824131\">+39 0321 824131<\/a>\n<\/h4>\n<p><label>Nom et pr\u00e9nom*<br \/>\n<span class=\"wpcf7-form-control-wrap\" data-name=\"your-name\"><input size=\"40\" maxlength=\"400\" class=\"wpcf7-form-control wpcf7-text wpcf7-validates-as-required\" aria-required=\"true\" aria-invalid=\"false\" value=\"\" type=\"text\" name=\"your-name\" \/><\/span> <\/label>\n<\/p>\n<p><label>Soci\u00e9t\u00e9<br \/>\n<span class=\"wpcf7-form-control-wrap\" data-name=\"text-55\"><input size=\"40\" maxlength=\"400\" class=\"wpcf7-form-control wpcf7-text\" aria-invalid=\"false\" value=\"\" type=\"text\" name=\"text-55\" \/><\/span> <\/label>\n<\/p>\n<p><label>Email*<br \/>\n<span class=\"wpcf7-form-control-wrap\" data-name=\"your-email\"><input size=\"40\" maxlength=\"400\" class=\"wpcf7-form-control wpcf7-email wpcf7-validates-as-required wpcf7-text wpcf7-validates-as-email\" aria-required=\"true\" aria-invalid=\"false\" value=\"\" type=\"email\" name=\"your-email\" \/><\/span> <\/label>\n<\/p>\n<p><label> Message*<br \/>\n<span class=\"wpcf7-form-control-wrap\" data-name=\"textarea-242\"><textarea cols=\"40\" rows=\"10\" maxlength=\"2000\" class=\"wpcf7-form-control wpcf7-textarea wpcf7-validates-as-required\" aria-required=\"true\" aria-invalid=\"false\" name=\"textarea-242\"><\/textarea><\/span> <\/label>\n<\/p>\n<p><span class=\"wpcf7-form-control-wrap\" data-name=\"acceptance-269\"><span class=\"wpcf7-form-control wpcf7-acceptance\"><span class=\"wpcf7-list-item\"><label><input type=\"checkbox\" name=\"acceptance-269\" value=\"1\" aria-invalid=\"false\" \/><span class=\"wpcf7-list-item-label\">I have read and consent to the processing of my data according to the <a href=\"https:\/\/www.fdueg.com\/fr\/privacy-policy\/\" target=\"\/blank\">Privacy Policy<\/a><\/span><\/label><\/span><\/span><\/span>\n<\/p>\n<p><input class=\"wpcf7-form-control wpcf7-submit has-spinner\" type=\"submit\" value=\"ENVOYER\" \/>\n<\/p><input type='hidden' class='wpcf7-pum' value='{\"closepopup\":false,\"closedelay\":0,\"openpopup\":false,\"openpopup_id\":0}' \/><div class=\"wpcf7-response-output\" aria-hidden=\"true\"><\/div>\n<\/form>\n<\/div>\n[\/vc_column_inner][\/vc_row_inner][vc_empty_space height=\u00a0\u00bb25&Prime;][vc_empty_space height=\u00a0\u00bb0&Prime;][\/vc_column][\/vc_row]<\/p>\n","protected":false},"excerpt":{"rendered":"<p>[vc_row][vc_column width=\u00a0\u00bb2\/3&Prime; el_class=\u00a0\u00bbsx\u00a0\u00bb css=\u00a0\u00bb.vc_custom_1555578073404{padding-right: 60px !important;padding-left: 60px !important;}\u00a0\u00bb][vc_empty_space height=\u00a0\u00bb25&Prime;][vc_row_inner][vc_column_inner width=\u00a0\u00bb1\/2&Prime;][vc_single_image image=\u00a0\u00bb2596&Prime; img_size=\u00a0\u00bbfull\u00a0\u00bb alignment=\u00a0\u00bbcenter\u00a0\u00bb onclick=\u00a0\u00bbimg_link_large\u00a0\u00bb][\/vc_column_inner][vc_column_inner width=\u00a0\u00bb1\/2&Prime;][vc_single_image image=\u00a0\u00bb2597&Prime; img_size=\u00a0\u00bbfull\u00a0\u00bb alignment=\u00a0\u00bbcenter\u00a0\u00bb onclick=\u00a0\u00bbimg_link_large\u00a0\u00bb][\/vc_column_inner][\/vc_row_inner][vc_column_text] Transformateurs en r\u00e9sine BTA-BTB \/ HTA: petite empreinte, prix bas pour fonctionnement et maintenance [\/vc_column_text][vc_column_text]Les transformateurs de r\u00e9sine permettent de satisfaire des exigences particuli\u00e8res concernant l&rsquo;isolement et l&rsquo;environnement, en permettant l&rsquo;installation des transformateurs Fdueg dans lieux tr\u00e8s humide et pollu\u00e9. Ces produits sont de facile entretien et sont optimales pour rationaliser la gestion des syst\u00e8mes, en \u00e9liminant les probl\u00e8mes li\u00e9s \u00e0 l&rsquo;incendie. Dans la phase de conception, les ing\u00e9nieurs r\u00e9servent une large place \u00e0 l&rsquo;\u00e9valuation des pertes et \u00e0 l&rsquo;\u00e9tude des m\u00e9thodes de refroidissement telles que la ventilation naturelle ou forc\u00e9e, afin d&rsquo;obtenir le meilleur compromis entre la qualit\u00e9 \/ co\u00fbt.[\/vc_column_text][vc_empty_space height=\u00a0\u00bb5&Prime;][vc_column_text]Pour grands renseignements: Cast resin transformers[\/vc_column_text][vc_empty_space height=\u00a0\u00bb5&Prime;][vc_images_carousel images=\u00a0\u00bb2176,2165&Prime; img_size=\u00a0\u00bbfull\u00a0\u00bb onclick=\u00a0\u00bblink_no\u00a0\u00bb hide_pagination_control=\u00a0\u00bbyes\u00a0\u00bb][vc_row_inner css=\u00a0\u00bb.vc_custom_1556550758627{margin-top: -185px !important;margin-bottom: 10px !important;border-radius: 3px !important;}\u00a0\u00bb][vc_column_inner width=\u00a0\u00bb1\/3&Prime;][\/vc_column_inner][vc_column_inner width=\u00a0\u00bb1\/3&Prime;][\/vc_column_inner][vc_column_inner width=\u00a0\u00bb1\/3&Prime;][\/vc_column_inner][\/vc_row_inner][vc_empty_space height=\u00a0\u00bb25&Prime;][\/vc_column][vc_column width=\u00a0\u00bb1\/3&Prime; css=\u00a0\u00bb.vc_custom_1555579008876{border-right-width: 1px !important;border-left-width: 1px !important;border-left-color: #eaeaea !important;border-left-style: solid !important;border-right-color: #eaeaea !important;border-right-style: solid !important;}\u00a0\u00bb][vc_column_text css=\u00a0\u00bb.vc_custom_1559741366602{margin-top: 25px !important;margin-bottom: 1px !important;border-bottom-width: 1px !important;}\u00a0\u00bb] Download [\/vc_column_text][vc_empty_space height=\u00a0\u00bb0&Prime;][vc_btn title=\u00a0\u00bbFiche technique\u00a0\u00bb style=\u00a0\u00bbcustom\u00a0\u00bb custom_background=\u00a0\u00bb#204b9b\u00a0\u00bb custom_text=\u00a0\u00bb#ffffff\u00a0\u00bb i_icon_fontawesome=\u00a0\u00bbfa fa-file-pdf-o\u00a0\u00bb add_icon=\u00a0\u00bbtrue\u00a0\u00bb link=\u00a0\u00bburl:https%3A%2F%2Fwww.fdueg.com%2Fwp-content%2Fuploads%2F2019%2F06%2FDistribuition-Transformers-Cast-Resin-FDUEG.pdf||target:%20_blank|\u00a0\u00bb][vc_column_text css=\u00a0\u00bb.vc_custom_1560430774454{margin-top: 25px !important;margin-bottom: 1px !important;border-bottom-width: 1px !important;}\u00a0\u00bb] Donn\u00e9es techniques [\/vc_column_text][vc_empty_space height=\u00a0\u00bb0&Prime;][vc_column_text] TYPE POWER FEATURES COOLING Distribution transformer UP TO 16 MVA UP TO 24 kV AN &#8211; AF Medium frequency (MF) transformer UP TO\u00a0 10 MVA UP TO 10 kHz WF [\/vc_column_text][vc_column_text css=\u00a0\u00bb.vc_custom_1559736133986{margin-bottom: 1px !important;border-bottom-width: 1px !important;}\u00a0\u00bb] Applications [\/vc_column_text][vc_empty_space height=\u00a0\u00bb0&Prime;][vc_column_text css=\u00a0\u00bb.vc_custom_1559741396225{margin-top: 25px !important;margin-bottom: 1px !important;border-bottom-width: 1px !important;}\u00a0\u00bb] Informations [\/vc_column_text][vc_empty_space height=\u00a0\u00bb0&Prime;][vc_row_inner css=\u00a0\u00bb.vc_custom_1556028614925{background-color: #edeff2 !important;border-radius: 3px !important;}\u00a0\u00bb][vc_column_inner][\/vc_column_inner][\/vc_row_inner][vc_empty_space height=\u00a0\u00bb25&Prime;][vc_empty_space height=\u00a0\u00bb0&Prime;][\/vc_column][\/vc_row]<\/p>\n","protected":false},"author":1,"featured_media":2593,"parent":0,"menu_order":0,"comment_status":"closed","ping_status":"closed","template":"","meta":{"_acf_changed":false,"footnotes":""},"class_list":["post-2592","page","type-page","status-publish","has-post-thumbnail","hentry"],"acf":[],"yoast_head":"<!-- This site is optimized with the Yoast SEO plugin v27.3 - https:\/\/yoast.com\/product\/yoast-seo-wordpress\/ -->\n<title>FDUEG, producteurs italiens de Transformateurs de r\u00e9sine<\/title>\n<meta name=\"description\" content=\"FDUEG, Transformateurs en r\u00e9sine BTA-BTB \/ HTA: petite empreinte, prix bas pour fonctionnement et maintenance.\" \/>\n<meta name=\"robots\" content=\"index, follow, max-snippet:-1, max-image-preview:large, max-video-preview:-1\" \/>\n<link rel=\"canonical\" href=\"https:\/\/www.fdueg.com\/fr\/transformateurs-de-resine\/\" \/>\n<meta property=\"og:locale\" content=\"fr_FR\" \/>\n<meta property=\"og:type\" content=\"article\" \/>\n<meta property=\"og:title\" content=\"FDUEG, producteurs italiens de Transformateurs de r\u00e9sine\" \/>\n<meta property=\"og:description\" content=\"FDUEG, Transformateurs en r\u00e9sine BTA-BTB \/ HTA: petite empreinte, prix bas pour fonctionnement et maintenance.\" \/>\n<meta property=\"og:url\" content=\"https:\/\/www.fdueg.com\/fr\/transformateurs-de-resine\/\" \/>\n<meta property=\"og:site_name\" content=\"FDUEG\" \/>\n<meta property=\"article:modified_time\" content=\"2019-07-01T08:09:02+00:00\" \/>\n<meta property=\"og:image\" content=\"https:\/\/www.fdueg.com\/wp-content\/uploads\/2019\/06\/FDUEG-cast-resin-transformers-manufacturers.jpg\" \/>\n\t<meta property=\"og:image:width\" content=\"1920\" \/>\n\t<meta property=\"og:image:height\" content=\"760\" \/>\n\t<meta property=\"og:image:type\" content=\"image\/jpeg\" \/>\n<meta name=\"twitter:card\" content=\"summary_large_image\" \/>\n<meta name=\"twitter:label1\" content=\"Dur\u00e9e de lecture estim\u00e9e\" \/>\n\t<meta name=\"twitter:data1\" content=\"4 minutes\" \/>\n<!-- \/ Yoast SEO plugin. -->","yoast_head_json":{"title":"FDUEG, producteurs italiens de Transformateurs de r\u00e9sine","description":"FDUEG, Transformateurs en r\u00e9sine BTA-BTB \/ HTA: petite empreinte, prix bas pour fonctionnement et maintenance.","robots":{"index":"index","follow":"follow","max-snippet":"max-snippet:-1","max-image-preview":"max-image-preview:large","max-video-preview":"max-video-preview:-1"},"canonical":"https:\/\/www.fdueg.com\/fr\/transformateurs-de-resine\/","og_locale":"fr_FR","og_type":"article","og_title":"FDUEG, producteurs italiens de Transformateurs de r\u00e9sine","og_description":"FDUEG, Transformateurs en r\u00e9sine BTA-BTB \/ HTA: petite empreinte, prix bas pour fonctionnement et maintenance.","og_url":"https:\/\/www.fdueg.com\/fr\/transformateurs-de-resine\/","og_site_name":"FDUEG","article_modified_time":"2019-07-01T08:09:02+00:00","og_image":[{"width":1920,"height":760,"url":"https:\/\/www.fdueg.com\/wp-content\/uploads\/2019\/06\/FDUEG-cast-resin-transformers-manufacturers.jpg","type":"image\/jpeg"}],"twitter_card":"summary_large_image","twitter_misc":{"Dur\u00e9e de lecture estim\u00e9e":"4 minutes"},"schema":{"@context":"https:\/\/schema.org","@graph":[{"@type":"WebPage","@id":"https:\/\/www.fdueg.com\/fr\/transformateurs-de-resine\/","url":"https:\/\/www.fdueg.com\/fr\/transformateurs-de-resine\/","name":"FDUEG, producteurs italiens de Transformateurs de r\u00e9sine","isPartOf":{"@id":"https:\/\/www.fdueg.com\/fr\/#website"},"primaryImageOfPage":{"@id":"https:\/\/www.fdueg.com\/fr\/transformateurs-de-resine\/#primaryimage"},"image":{"@id":"https:\/\/www.fdueg.com\/fr\/transformateurs-de-resine\/#primaryimage"},"thumbnailUrl":"https:\/\/www.fdueg.com\/wp-content\/uploads\/2019\/06\/FDUEG-cast-resin-transformers-manufacturers.jpg","datePublished":"2019-04-12T13:42:23+00:00","dateModified":"2019-07-01T08:09:02+00:00","description":"FDUEG, Transformateurs en r\u00e9sine BTA-BTB \/ HTA: petite empreinte, prix bas pour fonctionnement et maintenance.","breadcrumb":{"@id":"https:\/\/www.fdueg.com\/fr\/transformateurs-de-resine\/#breadcrumb"},"inLanguage":"fr-FR","potentialAction":[{"@type":"ReadAction","target":["https:\/\/www.fdueg.com\/fr\/transformateurs-de-resine\/"]}]},{"@type":"ImageObject","inLanguage":"fr-FR","@id":"https:\/\/www.fdueg.com\/fr\/transformateurs-de-resine\/#primaryimage","url":"https:\/\/www.fdueg.com\/wp-content\/uploads\/2019\/06\/FDUEG-cast-resin-transformers-manufacturers.jpg","contentUrl":"https:\/\/www.fdueg.com\/wp-content\/uploads\/2019\/06\/FDUEG-cast-resin-transformers-manufacturers.jpg","width":1920,"height":760},{"@type":"BreadcrumbList","@id":"https:\/\/www.fdueg.com\/fr\/transformateurs-de-resine\/#breadcrumb","itemListElement":[{"@type":"ListItem","position":1,"name":"Home","item":"https:\/\/www.fdueg.com\/fr\/"},{"@type":"ListItem","position":2,"name":"Transformateurs de r\u00e9sine"}]},{"@type":"WebSite","@id":"https:\/\/www.fdueg.com\/fr\/#website","url":"https:\/\/www.fdueg.com\/fr\/","name":"FDUEG","description":"Trasformatori a secco, trasformatori in resina, reattori","publisher":{"@id":"https:\/\/www.fdueg.com\/fr\/#organization"},"potentialAction":[{"@type":"SearchAction","target":{"@type":"EntryPoint","urlTemplate":"https:\/\/www.fdueg.com\/fr\/?s={search_term_string}"},"query-input":{"@type":"PropertyValueSpecification","valueRequired":true,"valueName":"search_term_string"}}],"inLanguage":"fr-FR"},{"@type":"Organization","@id":"https:\/\/www.fdueg.com\/fr\/#organization","name":"FDUEG","url":"https:\/\/www.fdueg.com\/fr\/","logo":{"@type":"ImageObject","inLanguage":"fr-FR","@id":"https:\/\/www.fdueg.com\/fr\/#\/schema\/logo\/image\/","url":"https:\/\/www.fdueg.com\/wp-content\/uploads\/2019\/04\/fdueg-logo.png","contentUrl":"https:\/\/www.fdueg.com\/wp-content\/uploads\/2019\/04\/fdueg-logo.png","width":256,"height":55,"caption":"FDUEG"},"image":{"@id":"https:\/\/www.fdueg.com\/fr\/#\/schema\/logo\/image\/"}}]}},"_links":{"self":[{"href":"https:\/\/www.fdueg.com\/fr\/wp-json\/wp\/v2\/pages\/2592","targetHints":{"allow":["GET"]}}],"collection":[{"href":"https:\/\/www.fdueg.com\/fr\/wp-json\/wp\/v2\/pages"}],"about":[{"href":"https:\/\/www.fdueg.com\/fr\/wp-json\/wp\/v2\/types\/page"}],"author":[{"embeddable":true,"href":"https:\/\/www.fdueg.com\/fr\/wp-json\/wp\/v2\/users\/1"}],"replies":[{"embeddable":true,"href":"https:\/\/www.fdueg.com\/fr\/wp-json\/wp\/v2\/comments?post=2592"}],"version-history":[{"count":0,"href":"https:\/\/www.fdueg.com\/fr\/wp-json\/wp\/v2\/pages\/2592\/revisions"}],"wp:featuredmedia":[{"embeddable":true,"href":"https:\/\/www.fdueg.com\/fr\/wp-json\/wp\/v2\/media\/2593"}],"wp:attachment":[{"href":"https:\/\/www.fdueg.com\/fr\/wp-json\/wp\/v2\/media?parent=2592"}],"curies":[{"name":"wp","href":"https:\/\/api.w.org\/{rel}","templated":true}]}}