{"id":2623,"date":"2019-04-26T14:49:42","date_gmt":"2019-04-26T12:49:42","guid":{"rendered":"https:\/\/www.fdueg.com\/ip-class-protection\/"},"modified":"2019-07-01T17:01:07","modified_gmt":"2019-07-01T15:01:07","slug":"box-de-protection","status":"publish","type":"page","link":"https:\/\/www.fdueg.com\/fr\/box-de-protection\/","title":{"rendered":"Box de protection"},"content":{"rendered":"<p>[vc_row full_height=\u00a0\u00bbyes\u00a0\u00bb parallax_content=\u00a0\u00bbparallax_content_value\u00a0\u00bb parallax_content_sense=\u00a0\u00bb1,2&Prime; css=\u00a0\u00bb.vc_custom_1557157397720{margin-top: 80px !important;margin-bottom: 0px !important;}\u00a0\u00bb][vc_column][vc_row_inner][vc_column_inner width=\u00a0\u00bb1\/2&Prime;][vc_column_text]FdueG fournit ses produits dans des boxes avec un degr\u00e9 de protection IP66 qui garantissent aux transformateurs et aux r\u00e9acteurs l&rsquo;installation et le fonctionnement en toute s\u00e9curit\u00e9 dans n&rsquo;importe quel environnement.<\/p>\n<p>Pour tous les boxes sont fournis sur demande accessoires tels que ventilateurs, interrupteurs, syst\u00e8mes de contr\u00f4le de la temp\u00e9rature, roues. Les boxes avec un degr\u00e9 plus \u00e9lev\u00e9 de protection IP44 permettent l&rsquo;installation des produits FdueG dans lieux avec atmosph\u00e8re difficile et peuvent \u00eatre \u00e9quip\u00e9s avec des syst\u00e8mes de ventilation forc\u00e9e, air-eau ou air-air.[\/vc_column_text][\/vc_column_inner][vc_column_inner width=\u00a0\u00bb1\/2&Prime;][vc_column_text]L&rsquo;air de ventilation du transformateur est ind\u00e9pendant de l&rsquo;air pr\u00e9sent \u00e0 l&rsquo;ext\u00e9rieur de la surface, et l&rsquo;\u00e9change de chaleur a lieu \u00e0 travers des syst\u00e8mes d&rsquo;eau ou d&rsquo;air puls\u00e9. Ces syst\u00e8mes am\u00e9liorent consid\u00e9rablement les performances en r\u00e9duisant la taille et permettant l&rsquo;installation de produits impr\u00e9gn\u00e9 sous vide, m\u00eame dans des conditions de fonctionnement difficiles.[\/vc_column_text][vc_column_text]Pour grands renseignements: <a href=\"https:\/\/www.fdueg.com\/fr\/box-de-protection\/\">IP class protection<\/a>[\/vc_column_text][\/vc_column_inner][\/vc_row_inner][vc_column_text]<\/p>\n<h3 style=\"text-align: center;\">Box de protection jusqu&rsquo;\u00e0 IP 66<\/h3>\n<p>[\/vc_column_text][vc_row_inner][vc_column_inner width=\u00a0\u00bb1\/3&Prime;][vc_single_image image=\u00a0\u00bb2626&Prime; img_size=\u00a0\u00bbfull\u00a0\u00bb alignment=\u00a0\u00bbcenter\u00a0\u00bb onclick=\u00a0\u00bbimg_link_large\u00a0\u00bb][\/vc_column_inner][vc_column_inner width=\u00a0\u00bb1\/3&Prime;][vc_single_image image=\u00a0\u00bb2627&Prime; img_size=\u00a0\u00bbfull\u00a0\u00bb alignment=\u00a0\u00bbcenter\u00a0\u00bb onclick=\u00a0\u00bbimg_link_large\u00a0\u00bb][\/vc_column_inner][vc_column_inner width=\u00a0\u00bb1\/3&Prime;][vc_single_image image=\u00a0\u00bb2628&Prime; img_size=\u00a0\u00bbfull\u00a0\u00bb alignment=\u00a0\u00bbcenter\u00a0\u00bb onclick=\u00a0\u00bbimg_link_large\u00a0\u00bb][\/vc_column_inner][\/vc_row_inner][\/vc_column][\/vc_row][vc_row full_height=\u00a0\u00bbyes\u00a0\u00bb parallax_content=\u00a0\u00bbparallax_content_value\u00a0\u00bb parallax_content_sense=\u00a0\u00bb1,2&Prime; css=\u00a0\u00bb.vc_custom_1557157352044{margin-top: 0px !important;margin-bottom: 0px !important;}\u00a0\u00bb][vc_column][vc_column_text]<\/p>\n<p style=\"text-align: center;\"><strong>According to the standard CEI EN 60529 (CEI 70-1) the degree of protection of the casing for electrical equipment is specified. It is characterized by the abbreviation \u00ab\u00a0IP\u00a0\u00bb and by two characteristic figures; the first digit gives an indication on the protection against accidental contacts and against foreign bodies, while the second specifies the behavior with respect to water exposure.<\/strong><\/p>\n<p>[\/vc_column_text][vc_row_inner][vc_column_inner][vc_column_text]<\/p>\n<h3 style=\"text-align: center;\">Tableau de degr\u00e9 de protection IP<\/h3>\n<p>[\/vc_column_text][vc_column_text]<\/p>\n<table width=\"100%\">\n<tbody>\n<tr>\n<td><strong>IP..<\/strong><\/td>\n<td><strong>First digit:<br \/>\nAccess of solid objects<\/strong><\/td>\n<td><strong>Second digit:<br \/>\nAccess of liquids<\/strong><\/td>\n<\/tr>\n<tr>\n<td>0<\/td>\n<td>No protection<\/td>\n<td>No protection<\/td>\n<\/tr>\n<tr>\n<td>1<\/td>\n<td>Protected against solid objects over 50mm e.g. hands, large tools.<\/td>\n<td>Protected against vertically falling drops of water or condensation.<\/td>\n<\/tr>\n<tr>\n<td>2<\/td>\n<td>Protected against solid objects over 12.5mm e.g. hands, large tools.<\/td>\n<td>Protected against falling drops of water, at an angle up to 15\u00b0 from vertical.<\/td>\n<\/tr>\n<tr>\n<td>3<\/td>\n<td>Protected against solid objects over 2.5mm e.g. wire, small tools.<\/td>\n<td>Protected against sprays of water from any direction, at an angle up to 60\u00b0 from vertical.<\/td>\n<\/tr>\n<tr>\n<td>4<\/td>\n<td>Protected against solid objects over 1.0mm e.g. wires.<\/td>\n<td>Protected against splash water from any direction.<\/td>\n<\/tr>\n<tr>\n<td>5<\/td>\n<td>Limited protection against dust ingress.<br \/>\n(no harmful deposit)<\/td>\n<td>Protected against low pressure water jets from any direction. Limited access permitted.<\/td>\n<\/tr>\n<tr>\n<td>6<\/td>\n<td>Totally protected against dust ingress.<\/td>\n<td>Protected against high pressure water jets from any direction. Limited access permitted.<\/td>\n<\/tr>\n<tr>\n<td>7<\/td>\n<td>N\/A<\/td>\n<td>Protected against short periods of immersion in water.<\/td>\n<\/tr>\n<tr>\n<td>8<\/td>\n<td>N\/A<\/td>\n<td>Protected against long, durable periods of immersion in water.<\/td>\n<\/tr>\n<tr>\n<td>9<\/td>\n<td>N\/A<\/td>\n<td>Protected against close-range high pressure, high temperature spray downs.<\/td>\n<\/tr>\n<\/tbody>\n<\/table>\n<p>[\/vc_column_text][\/vc_column_inner][\/vc_row_inner][vc_row_inner][vc_column_inner][vc_btn title=\u00a0\u00bbTableau de degr\u00e9 de protection IP\u00a0\u00bb style=\u00a0\u00bbcustom\u00a0\u00bb custom_background=\u00a0\u00bb#204b9b\u00a0\u00bb custom_text=\u00a0\u00bb#ffffff\u00a0\u00bb size=\u00a0\u00bblg\u00a0\u00bb align=\u00a0\u00bbcenter\u00a0\u00bb i_icon_fontawesome=\u00a0\u00bbfa fa-file-pdf-o\u00a0\u00bb add_icon=\u00a0\u00bbtrue\u00a0\u00bb link=\u00a0\u00bburl:https%3A%2F%2Fwww.fdueg.com%2Fwp-content%2Fuploads%2F2019%2F04%2FGradi-di-protezione-IP-tabella-pdf.pdf||target:%20_blank|\u00a0\u00bb][\/vc_column_inner][\/vc_row_inner][\/vc_column][\/vc_row][vc_row full_width=\u00a0\u00bbstretch_row\u00a0\u00bb css=\u00a0\u00bb.vc_custom_1555671234989{background-color: #204b9b !important;}\u00a0\u00bb][vc_column][vc_column_text el_class=\u00a0\u00bbbianco\u00a0\u00bb]<\/p>\n<h2 style=\"text-align: center; color: #ffffff;\">FDUEG fournit ses produits dans des boxes avec un degr\u00e9 de protection IP 66<\/h2>\n<p>[\/vc_column_text][\/vc_column][\/vc_row][vc_row full_width=\u00a0\u00bbstretch_row\u00a0\u00bb css=\u00a0\u00bb.vc_custom_1556028495144{background-color: #edeff2 !important;}\u00a0\u00bb][vc_column]\n<div class=\"wpcf7 no-js\" id=\"wpcf7-f3276-o1\" lang=\"fr-FR\" dir=\"ltr\" data-wpcf7-id=\"3276\">\n<div class=\"screen-reader-response\"><p role=\"status\" aria-live=\"polite\" aria-atomic=\"true\"><\/p> <ul><\/ul><\/div>\n<form action=\"\/fr\/wp-json\/wp\/v2\/pages\/2623#wpcf7-f3276-o1\" method=\"post\" class=\"wpcf7-form init\" aria-label=\"Formulaire de contact\" novalidate=\"novalidate\" data-status=\"init\">\n<fieldset class=\"hidden-fields-container\"><input type=\"hidden\" name=\"_wpcf7\" value=\"3276\" \/><input type=\"hidden\" name=\"_wpcf7_version\" value=\"6.1.5\" \/><input type=\"hidden\" name=\"_wpcf7_locale\" value=\"fr_FR\" \/><input type=\"hidden\" name=\"_wpcf7_unit_tag\" value=\"wpcf7-f3276-o1\" \/><input type=\"hidden\" name=\"_wpcf7_container_post\" value=\"0\" \/><input type=\"hidden\" name=\"_wpcf7_posted_data_hash\" value=\"\" \/><input type=\"hidden\" name=\"_wpcf7_recaptcha_response\" value=\"\" \/>\n<\/fieldset>\n<div align=\"center\">\n\t<h4>Remplissez le formulaire ou appelez-nous au <a href=\"tel:+390321824131\">+39 0321 824131<\/a>\n\t<\/h4>\n\t<p><label>Nom et pr\u00e9nom*<br \/>\n<span class=\"wpcf7-form-control-wrap\" data-name=\"your-name\"><input size=\"40\" maxlength=\"400\" class=\"wpcf7-form-control wpcf7-text wpcf7-validates-as-required\" aria-required=\"true\" aria-invalid=\"false\" value=\"\" type=\"text\" name=\"your-name\" \/><\/span> <\/label>\n\t<\/p>\n\t<p><label>Soci\u00e9t\u00e9<br \/>\n<span class=\"wpcf7-form-control-wrap\" data-name=\"text-55\"><input size=\"40\" maxlength=\"400\" class=\"wpcf7-form-control wpcf7-text\" aria-invalid=\"false\" value=\"\" type=\"text\" name=\"text-55\" \/><\/span> <\/label>\n\t<\/p>\n\t<p><label>Email*<br \/>\n<span class=\"wpcf7-form-control-wrap\" data-name=\"your-email\"><input size=\"40\" maxlength=\"400\" class=\"wpcf7-form-control wpcf7-email wpcf7-validates-as-required wpcf7-text wpcf7-validates-as-email\" aria-required=\"true\" aria-invalid=\"false\" value=\"\" type=\"email\" name=\"your-email\" \/><\/span> <\/label>\n\t<\/p>\n\t<p><label> Message*<br \/>\n<span class=\"wpcf7-form-control-wrap\" data-name=\"textarea-242\"><textarea cols=\"40\" rows=\"10\" maxlength=\"2000\" class=\"wpcf7-form-control wpcf7-textarea wpcf7-validates-as-required\" aria-required=\"true\" aria-invalid=\"false\" name=\"textarea-242\"><\/textarea><\/span> <\/label>\n\t<\/p>\n\t<p><span class=\"wpcf7-form-control-wrap\" data-name=\"acceptance-269\"><span class=\"wpcf7-form-control wpcf7-acceptance\"><span class=\"wpcf7-list-item\"><label><input type=\"checkbox\" name=\"acceptance-269\" value=\"1\" aria-invalid=\"false\" \/><span class=\"wpcf7-list-item-label\">I have read and consent to the processing of my data according to the <a href=\"https:\/\/www.fdueg.com\/fr\/privacy-policy\/\" target=\"\/blank\">Privacy Policy<\/a><\/span><\/label><\/span><\/span><\/span>\n\t<\/p>\n\t<p><input class=\"wpcf7-form-control wpcf7-submit has-spinner\" type=\"submit\" value=\"ENVOYER\" \/>\n\t<\/p>\n<\/div><input type='hidden' class='wpcf7-pum' value='{\"closepopup\":false,\"closedelay\":0,\"openpopup\":false,\"openpopup_id\":0}' \/><div class=\"wpcf7-response-output\" aria-hidden=\"true\"><\/div>\n<\/form>\n<\/div>\n[\/vc_column][\/vc_row]<\/p>\n","protected":false},"excerpt":{"rendered":"<p>[vc_row full_height=\u00a0\u00bbyes\u00a0\u00bb parallax_content=\u00a0\u00bbparallax_content_value\u00a0\u00bb parallax_content_sense=\u00a0\u00bb1,2&Prime; css=\u00a0\u00bb.vc_custom_1557157397720{margin-top: 80px !important;margin-bottom: 0px !important;}\u00a0\u00bb][vc_column][vc_row_inner][vc_column_inner width=\u00a0\u00bb1\/2&Prime;][vc_column_text]FdueG fournit ses produits dans des boxes avec un degr\u00e9 de protection IP66 qui garantissent aux transformateurs et aux r\u00e9acteurs l&rsquo;installation et le fonctionnement en toute s\u00e9curit\u00e9 dans n&rsquo;importe quel environnement. Pour tous les boxes sont fournis sur demande accessoires tels que ventilateurs, interrupteurs, syst\u00e8mes de contr\u00f4le de la temp\u00e9rature, roues. Les boxes avec un degr\u00e9 plus \u00e9lev\u00e9 de protection IP44 permettent l&rsquo;installation des produits FdueG dans lieux avec atmosph\u00e8re difficile et peuvent \u00eatre \u00e9quip\u00e9s avec des syst\u00e8mes de ventilation forc\u00e9e, air-eau ou air-air.[\/vc_column_text][\/vc_column_inner][vc_column_inner width=\u00a0\u00bb1\/2&Prime;][vc_column_text]L&rsquo;air de ventilation du transformateur est ind\u00e9pendant de l&rsquo;air pr\u00e9sent \u00e0 l&rsquo;ext\u00e9rieur de la surface, et l&rsquo;\u00e9change de chaleur a lieu \u00e0 travers des syst\u00e8mes d&rsquo;eau ou d&rsquo;air puls\u00e9. Ces syst\u00e8mes am\u00e9liorent consid\u00e9rablement les performances en r\u00e9duisant la taille et permettant l&rsquo;installation de produits impr\u00e9gn\u00e9 sous vide, m\u00eame dans des conditions de fonctionnement difficiles.[\/vc_column_text][vc_column_text]Pour grands renseignements: IP class protection[\/vc_column_text][\/vc_column_inner][\/vc_row_inner][vc_column_text] Box de protection jusqu&rsquo;\u00e0 IP 66 [\/vc_column_text][vc_row_inner][vc_column_inner width=\u00a0\u00bb1\/3&Prime;][vc_single_image image=\u00a0\u00bb2626&Prime; img_size=\u00a0\u00bbfull\u00a0\u00bb alignment=\u00a0\u00bbcenter\u00a0\u00bb onclick=\u00a0\u00bbimg_link_large\u00a0\u00bb][\/vc_column_inner][vc_column_inner width=\u00a0\u00bb1\/3&Prime;][vc_single_image image=\u00a0\u00bb2627&Prime; img_size=\u00a0\u00bbfull\u00a0\u00bb alignment=\u00a0\u00bbcenter\u00a0\u00bb onclick=\u00a0\u00bbimg_link_large\u00a0\u00bb][\/vc_column_inner][vc_column_inner width=\u00a0\u00bb1\/3&Prime;][vc_single_image image=\u00a0\u00bb2628&Prime; img_size=\u00a0\u00bbfull\u00a0\u00bb alignment=\u00a0\u00bbcenter\u00a0\u00bb onclick=\u00a0\u00bbimg_link_large\u00a0\u00bb][\/vc_column_inner][\/vc_row_inner][\/vc_column][\/vc_row][vc_row full_height=\u00a0\u00bbyes\u00a0\u00bb parallax_content=\u00a0\u00bbparallax_content_value\u00a0\u00bb parallax_content_sense=\u00a0\u00bb1,2&Prime; css=\u00a0\u00bb.vc_custom_1557157352044{margin-top: 0px !important;margin-bottom: 0px !important;}\u00a0\u00bb][vc_column][vc_column_text] According to the standard CEI EN 60529 (CEI 70-1) the degree of protection of the casing for electrical equipment is specified. It is characterized by the abbreviation \u00ab\u00a0IP\u00a0\u00bb and by two characteristic figures; the first digit gives an indication on the protection against accidental contacts and against foreign bodies, while the second specifies the behavior with respect to water exposure. [\/vc_column_text][vc_row_inner][vc_column_inner][vc_column_text] Tableau de degr\u00e9 de protection IP [\/vc_column_text][vc_column_text] IP.. First digit: Access of solid objects Second digit: Access of liquids 0 No protection No protection 1 Protected against solid objects over 50mm e.g. hands, large tools. Protected against vertically falling drops of water or condensation. 2 Protected against solid objects over 12.5mm e.g. hands, large tools. Protected against falling drops of water, at an angle up to 15\u00b0 from vertical. 3 Protected against solid objects over 2.5mm e.g. wire, small tools. Protected against sprays of water from any direction, at an angle up to 60\u00b0 from vertical. 4 Protected against solid objects over 1.0mm e.g. wires. Protected against splash water from any direction. 5 Limited protection against dust ingress. (no harmful deposit) Protected against low pressure water jets from any direction. Limited access permitted. 6 Totally protected against dust ingress. Protected against high pressure water jets from any direction. Limited access permitted. 7 N\/A Protected against short periods<span class=\"excerpt-hellip\"> [\u2026]<\/span><\/p>\n","protected":false},"author":1,"featured_media":1346,"parent":0,"menu_order":0,"comment_status":"closed","ping_status":"closed","template":"","meta":{"_acf_changed":false,"footnotes":""},"class_list":["post-2623","page","type-page","status-publish","has-post-thumbnail","hentry"],"acf":[],"yoast_head":"<!-- This site is optimized with the Yoast SEO plugin v27.3 - https:\/\/yoast.com\/product\/yoast-seo-wordpress\/ -->\n<title>FdueG fournit produits dans des boxes avec un degr\u00e9 de protection IP 66<\/title>\n<meta name=\"description\" content=\"FdueG fournit des boxes de protection avec un degr\u00e9 de protection IP66 garantissant le fonctionnement s\u00fbr des transformateurs et des r\u00e9acteurs\" \/>\n<meta name=\"robots\" content=\"index, follow, max-snippet:-1, max-image-preview:large, max-video-preview:-1\" \/>\n<link rel=\"canonical\" href=\"https:\/\/www.fdueg.com\/fr\/box-de-protection\/\" \/>\n<meta property=\"og:locale\" content=\"fr_FR\" \/>\n<meta property=\"og:type\" content=\"article\" \/>\n<meta property=\"og:title\" content=\"FdueG fournit produits dans des boxes avec un degr\u00e9 de protection IP 66\" \/>\n<meta property=\"og:description\" content=\"FdueG fournit des boxes de protection avec un degr\u00e9 de protection IP66 garantissant le fonctionnement s\u00fbr des transformateurs et des r\u00e9acteurs\" \/>\n<meta property=\"og:url\" content=\"https:\/\/www.fdueg.com\/fr\/box-de-protection\/\" \/>\n<meta property=\"og:site_name\" content=\"FDUEG\" \/>\n<meta property=\"article:modified_time\" content=\"2019-07-01T15:01:07+00:00\" \/>\n<meta property=\"og:image\" content=\"https:\/\/www.fdueg.com\/wp-content\/uploads\/2019\/04\/fdueg-head-grado-ip.jpg\" \/>\n\t<meta property=\"og:image:width\" content=\"1920\" \/>\n\t<meta property=\"og:image:height\" content=\"760\" \/>\n\t<meta property=\"og:image:type\" content=\"image\/jpeg\" \/>\n<meta name=\"twitter:card\" content=\"summary_large_image\" \/>\n<meta name=\"twitter:label1\" content=\"Dur\u00e9e de lecture estim\u00e9e\" \/>\n\t<meta name=\"twitter:data1\" content=\"4 minutes\" \/>\n<!-- \/ Yoast SEO plugin. -->","yoast_head_json":{"title":"FdueG fournit produits dans des boxes avec un degr\u00e9 de protection IP 66","description":"FdueG fournit des boxes de protection avec un degr\u00e9 de protection IP66 garantissant le fonctionnement s\u00fbr des transformateurs et des r\u00e9acteurs","robots":{"index":"index","follow":"follow","max-snippet":"max-snippet:-1","max-image-preview":"max-image-preview:large","max-video-preview":"max-video-preview:-1"},"canonical":"https:\/\/www.fdueg.com\/fr\/box-de-protection\/","og_locale":"fr_FR","og_type":"article","og_title":"FdueG fournit produits dans des boxes avec un degr\u00e9 de protection IP 66","og_description":"FdueG fournit des boxes de protection avec un degr\u00e9 de protection IP66 garantissant le fonctionnement s\u00fbr des transformateurs et des r\u00e9acteurs","og_url":"https:\/\/www.fdueg.com\/fr\/box-de-protection\/","og_site_name":"FDUEG","article_modified_time":"2019-07-01T15:01:07+00:00","og_image":[{"width":1920,"height":760,"url":"https:\/\/www.fdueg.com\/wp-content\/uploads\/2019\/04\/fdueg-head-grado-ip.jpg","type":"image\/jpeg"}],"twitter_card":"summary_large_image","twitter_misc":{"Dur\u00e9e de lecture estim\u00e9e":"4 minutes"},"schema":{"@context":"https:\/\/schema.org","@graph":[{"@type":"WebPage","@id":"https:\/\/www.fdueg.com\/fr\/box-de-protection\/","url":"https:\/\/www.fdueg.com\/fr\/box-de-protection\/","name":"FdueG fournit produits dans des boxes avec un degr\u00e9 de protection IP 66","isPartOf":{"@id":"https:\/\/www.fdueg.com\/fr\/#website"},"primaryImageOfPage":{"@id":"https:\/\/www.fdueg.com\/fr\/box-de-protection\/#primaryimage"},"image":{"@id":"https:\/\/www.fdueg.com\/fr\/box-de-protection\/#primaryimage"},"thumbnailUrl":"https:\/\/www.fdueg.com\/wp-content\/uploads\/2019\/04\/fdueg-head-grado-ip.jpg","datePublished":"2019-04-26T12:49:42+00:00","dateModified":"2019-07-01T15:01:07+00:00","description":"FdueG fournit des boxes de protection avec un degr\u00e9 de protection IP66 garantissant le fonctionnement s\u00fbr des transformateurs et des r\u00e9acteurs","breadcrumb":{"@id":"https:\/\/www.fdueg.com\/fr\/box-de-protection\/#breadcrumb"},"inLanguage":"fr-FR","potentialAction":[{"@type":"ReadAction","target":["https:\/\/www.fdueg.com\/fr\/box-de-protection\/"]}]},{"@type":"ImageObject","inLanguage":"fr-FR","@id":"https:\/\/www.fdueg.com\/fr\/box-de-protection\/#primaryimage","url":"https:\/\/www.fdueg.com\/wp-content\/uploads\/2019\/04\/fdueg-head-grado-ip.jpg","contentUrl":"https:\/\/www.fdueg.com\/wp-content\/uploads\/2019\/04\/fdueg-head-grado-ip.jpg","width":1920,"height":760},{"@type":"BreadcrumbList","@id":"https:\/\/www.fdueg.com\/fr\/box-de-protection\/#breadcrumb","itemListElement":[{"@type":"ListItem","position":1,"name":"Home","item":"https:\/\/www.fdueg.com\/fr\/"},{"@type":"ListItem","position":2,"name":"Box de protection"}]},{"@type":"WebSite","@id":"https:\/\/www.fdueg.com\/fr\/#website","url":"https:\/\/www.fdueg.com\/fr\/","name":"FDUEG","description":"Trasformatori a secco, trasformatori in resina, reattori","publisher":{"@id":"https:\/\/www.fdueg.com\/fr\/#organization"},"potentialAction":[{"@type":"SearchAction","target":{"@type":"EntryPoint","urlTemplate":"https:\/\/www.fdueg.com\/fr\/?s={search_term_string}"},"query-input":{"@type":"PropertyValueSpecification","valueRequired":true,"valueName":"search_term_string"}}],"inLanguage":"fr-FR"},{"@type":"Organization","@id":"https:\/\/www.fdueg.com\/fr\/#organization","name":"FDUEG","url":"https:\/\/www.fdueg.com\/fr\/","logo":{"@type":"ImageObject","inLanguage":"fr-FR","@id":"https:\/\/www.fdueg.com\/fr\/#\/schema\/logo\/image\/","url":"https:\/\/www.fdueg.com\/wp-content\/uploads\/2019\/04\/fdueg-logo.png","contentUrl":"https:\/\/www.fdueg.com\/wp-content\/uploads\/2019\/04\/fdueg-logo.png","width":256,"height":55,"caption":"FDUEG"},"image":{"@id":"https:\/\/www.fdueg.com\/fr\/#\/schema\/logo\/image\/"}}]}},"_links":{"self":[{"href":"https:\/\/www.fdueg.com\/fr\/wp-json\/wp\/v2\/pages\/2623","targetHints":{"allow":["GET"]}}],"collection":[{"href":"https:\/\/www.fdueg.com\/fr\/wp-json\/wp\/v2\/pages"}],"about":[{"href":"https:\/\/www.fdueg.com\/fr\/wp-json\/wp\/v2\/types\/page"}],"author":[{"embeddable":true,"href":"https:\/\/www.fdueg.com\/fr\/wp-json\/wp\/v2\/users\/1"}],"replies":[{"embeddable":true,"href":"https:\/\/www.fdueg.com\/fr\/wp-json\/wp\/v2\/comments?post=2623"}],"version-history":[{"count":0,"href":"https:\/\/www.fdueg.com\/fr\/wp-json\/wp\/v2\/pages\/2623\/revisions"}],"wp:featuredmedia":[{"embeddable":true,"href":"https:\/\/www.fdueg.com\/fr\/wp-json\/wp\/v2\/media\/1346"}],"wp:attachment":[{"href":"https:\/\/www.fdueg.com\/fr\/wp-json\/wp\/v2\/media?parent=2623"}],"curies":[{"name":"wp","href":"https:\/\/api.w.org\/{rel}","templated":true}]}}