{"id":2630,"date":"2019-04-23T15:59:56","date_gmt":"2019-04-23T13:59:56","guid":{"rendered":"https:\/\/www.fdueg.com\/mission-and-values\/"},"modified":"2019-06-27T12:57:24","modified_gmt":"2019-06-27T10:57:24","slug":"staff","status":"publish","type":"page","link":"https:\/\/www.fdueg.com\/fr\/staff\/","title":{"rendered":"Staff"},"content":{"rendered":"<p>[vc_row css=\u00a0\u00bb.vc_custom_1555667616967{margin-top: 80px !important;}\u00a0\u00bb][vc_column width=\u00a0\u00bb1\/2&Prime;][vc_column_text]<\/p>\n<h3>Nous croyons fermement dans les personnes<\/h3>\n<p>[\/vc_column_text][vc_column_text]Nous croyons fermement dans les personnes, les personnes sont la valeur la plus importante de Fdueg.<\/p>\n<p>Notre culture nous encourage \u00e0 investir toujours dans la formation pour atteindre l&rsquo;excellence dans tous les domaines professionnels. Chaque jour est un nouveau d\u00e9fi, nous nous n\u2019arr\u00eatons pas en face de la complexit\u00e9 des solutions qui nous sont pos\u00e9es.<\/p>\n<p>Les d\u00e9fis nous fascinent et nous poussent \u00e0 faire de notre mieux dans chaque situation, car nous savons que tous nos efforts auront des r\u00e9percussions positives pour le client et pour la communaut\u00e9. Nous poussons les personnes \u00e0 donner leur mieux pour am\u00e9liorer , parce que les personnes qui y travaillent sont eux-m\u00eames Fdueg.<\/p>\n<p>Notre activit\u00e9 est bas\u00e9e sur l&rsquo;\u00e9coute et la compr\u00e9hension du client afin de r\u00e9pondre \u00e0 ses besoins, alors nous transformons ses demandes dans les meilleures solutions d&rsquo;ing\u00e9nierie.[\/vc_column_text][\/vc_column][vc_column width=\u00a0\u00bb1\/2&Prime;][vc_column_text]<\/p>\n<h3>Mission<\/h3>\n<p>[\/vc_column_text][vc_column_text]Notre <b>mission <\/b>est de r\u00e9pondre aux demandes des clients avec la meilleure conception et la mise en \u0153uvre de solutions techniques , afin d&rsquo;assurer le meilleur produit possible par la cr\u00e9ation d&rsquo; une entreprise agile, bas\u00e9e sur l&rsquo;utilisation efficace des resources, qui recherche la qualit\u00e9 et la rentabilit\u00e9 des produits et services offerts dans le plein respect des personnes et d\u2019environnement.<\/p>\n<p>Les valeurs qui nous guident et soutiennent dans chaque d\u00e9cision et chaque action sont:[\/vc_column_text][\/vc_column][\/vc_row][vc_row full_width=\u00a0\u00bbstretch_row\u00a0\u00bb parallax=\u00a0\u00bbcontent-moving\u00a0\u00bb parallax_image=\u00a0\u00bb534&Prime; css=\u00a0\u00bb.vc_custom_1556030666652{padding-top: 100px !important;padding-bottom: 100px !important;}\u00a0\u00bb][vc_column][vc_empty_space height=\u00a0\u00bb80&Prime;][\/vc_column][\/vc_row][vc_row full_height=\u00a0\u00bbyes\u00a0\u00bb parallax_content=\u00a0\u00bbparallax_content_value\u00a0\u00bb parallax_content_sense=\u00a0\u00bb1,2&Prime; css=\u00a0\u00bb.vc_custom_1556027563544{margin-top: 0px !important;margin-bottom: 0px !important;}\u00a0\u00bb][vc_column]<div class=\"fancy_heading fancy_heading_line\"><div class=\"fh-top\"><\/div><h2 class=\"title\">Values<\/h2><\/div>\n[vc_row_inner][vc_column_inner width=\u00a0\u00bb1\/3&Prime;]<div class=\"icon_box icon_position_top no_border\"><div class=\"icon_wrapper\"><div class=\"icon\"><i class=\"icon-star\"><\/i><\/div><\/div><div class=\"desc_wrapper\"><h4 class=\"title\">Qualit\u00e9<\/h4><div class=\"desc\">Est l&rsquo;am\u00e9lioration de l&rsquo;ensemble de nos activit\u00e9s au point d&rsquo;\u00eatre en mesure de r\u00e9pondre \u00e0 l&rsquo;ensemble de la communaut\u00e9 qui gravite autour de la ferme.<\/div><\/div><\/div>\n[vc_empty_space height=\u00a0\u00bb5&Prime;]<div class=\"icon_box icon_position_top no_border\"><div class=\"icon_wrapper\"><div class=\"icon\"><i class=\"icon-flag\"><\/i><\/div><\/div><div class=\"desc_wrapper\"><h4 class=\"title\">Leadership<\/h4><div class=\"desc\">tous nos efforts sont faits pour l&rsquo;am\u00e9lioration de nos services et pour devenir un syst\u00e8me de r\u00e9f\u00e9rence et un mod\u00e8le pour tout le monde; tous les efforts visent \u00e0 obtenir des objectifs ambitieux dans tous les domaines dans lesquels nous concourons<\/div><\/div><\/div>\n[vc_empty_space height=\u00a0\u00bb5&Prime;][\/vc_column_inner][vc_column_inner width=\u00a0\u00bb1\/3&Prime;]<div class=\"icon_box icon_position_top no_border\"><div class=\"icon_wrapper\"><div class=\"icon\"><i class=\"icon-thumbs-up\"><\/i><\/div><\/div><div class=\"desc_wrapper\"><h4 class=\"title\">Efficacit\u00e9<\/h4><div class=\"desc\">Chaque action vise \u00e0 atteindre un r\u00e9sultat d\u00e9finitif et correspondant \u00e0 nos objectifs<\/div><\/div><\/div>\n[vc_empty_space height=\u00a0\u00bb5&Prime;]<div class=\"icon_box icon_position_top no_border\"><div class=\"icon_wrapper\"><div class=\"icon\"><i class=\"icon-lamp\"><\/i><\/div><\/div><div class=\"desc_wrapper\"><h4 class=\"title\">Innovation<\/h4><div class=\"desc\">nous offrons \u00e0 nos clients des produits innovants et ils peuvent \u00eatre une partie de ces innovations<\/div><\/div><\/div>\n[vc_empty_space height=\u00a0\u00bb5&Prime;][\/vc_column_inner][vc_column_inner width=\u00a0\u00bb1\/3&Prime;]<div class=\"icon_box icon_position_top no_border\"><div class=\"icon_wrapper\"><div class=\"icon\"><i class=\"icon-heart-fa\"><\/i><\/div><\/div><div class=\"desc_wrapper\"><h4 class=\"title\">Honn\u00eatet\u00e9 et int\u00e9grit\u00e9<\/h4><div class=\"desc\">Sont \u00e0 la base de la conduite de nos affaires<\/div><\/div><\/div>\n[vc_empty_space height=\u00a0\u00bb5&Prime;]<div class=\"icon_box icon_position_top no_border\"><div class=\"icon_wrapper\"><div class=\"icon\"><i class=\"icon-users\"><\/i><\/div><\/div><div class=\"desc_wrapper\"><h4 class=\"title\">Participation et travail d'\u00e9quipe<\/h4><div class=\"desc\">nous appr\u00e9cions et encourageons la collaboration et le travail d&rsquo;\u00e9quipe en impliquant les employ\u00e9s dans la r\u00e9alisation des objectifs<\/div><\/div><\/div>\n[vc_empty_space height=\u00a0\u00bb5&Prime;][\/vc_column_inner][\/vc_row_inner][\/vc_column][\/vc_row][vc_row full_width=\u00a0\u00bbstretch_row\u00a0\u00bb css=\u00a0\u00bb.vc_custom_1555671234989{background-color: #204b9b !important;}\u00a0\u00bb][vc_column][vc_column_text el_class=\u00a0\u00bbbianco\u00a0\u00bb]<\/p>\n<h2 style=\"text-align: center; color: #ffffff;\">Nous croyons fermement dans les personnes, les personnes sont la valeur la plus importante de FDUEG<\/h2>\n<p>[\/vc_column_text][\/vc_column][\/vc_row][vc_row full_width=\u00a0\u00bbstretch_row\u00a0\u00bb css=\u00a0\u00bb.vc_custom_1556028528769{background-color: #edeff2 !important;}\u00a0\u00bb][vc_column]\n<div class=\"wpcf7 no-js\" id=\"wpcf7-f3276-o1\" lang=\"fr-FR\" dir=\"ltr\" data-wpcf7-id=\"3276\">\n<div class=\"screen-reader-response\"><p role=\"status\" aria-live=\"polite\" aria-atomic=\"true\"><\/p> <ul><\/ul><\/div>\n<form action=\"\/fr\/wp-json\/wp\/v2\/pages\/2630#wpcf7-f3276-o1\" method=\"post\" class=\"wpcf7-form init\" aria-label=\"Formulaire de contact\" novalidate=\"novalidate\" data-status=\"init\">\n<fieldset class=\"hidden-fields-container\"><input type=\"hidden\" name=\"_wpcf7\" value=\"3276\" \/><input type=\"hidden\" name=\"_wpcf7_version\" value=\"6.1.5\" \/><input type=\"hidden\" name=\"_wpcf7_locale\" value=\"fr_FR\" \/><input type=\"hidden\" name=\"_wpcf7_unit_tag\" value=\"wpcf7-f3276-o1\" \/><input type=\"hidden\" name=\"_wpcf7_container_post\" value=\"0\" \/><input type=\"hidden\" name=\"_wpcf7_posted_data_hash\" value=\"\" \/><input type=\"hidden\" name=\"_wpcf7_recaptcha_response\" value=\"\" \/>\n<\/fieldset>\n<div align=\"center\">\n\t<h4>Remplissez le formulaire ou appelez-nous au <a href=\"tel:+390321824131\">+39 0321 824131<\/a>\n\t<\/h4>\n\t<p><label>Nom et pr\u00e9nom*<br \/>\n<span class=\"wpcf7-form-control-wrap\" data-name=\"your-name\"><input size=\"40\" maxlength=\"400\" class=\"wpcf7-form-control wpcf7-text wpcf7-validates-as-required\" aria-required=\"true\" aria-invalid=\"false\" value=\"\" type=\"text\" name=\"your-name\" \/><\/span> <\/label>\n\t<\/p>\n\t<p><label>Soci\u00e9t\u00e9<br \/>\n<span class=\"wpcf7-form-control-wrap\" data-name=\"text-55\"><input size=\"40\" maxlength=\"400\" class=\"wpcf7-form-control wpcf7-text\" aria-invalid=\"false\" value=\"\" type=\"text\" name=\"text-55\" \/><\/span> <\/label>\n\t<\/p>\n\t<p><label>Email*<br \/>\n<span class=\"wpcf7-form-control-wrap\" data-name=\"your-email\"><input size=\"40\" maxlength=\"400\" class=\"wpcf7-form-control wpcf7-email wpcf7-validates-as-required wpcf7-text wpcf7-validates-as-email\" aria-required=\"true\" aria-invalid=\"false\" value=\"\" type=\"email\" name=\"your-email\" \/><\/span> <\/label>\n\t<\/p>\n\t<p><label> Message*<br \/>\n<span class=\"wpcf7-form-control-wrap\" data-name=\"textarea-242\"><textarea cols=\"40\" rows=\"10\" maxlength=\"2000\" class=\"wpcf7-form-control wpcf7-textarea wpcf7-validates-as-required\" aria-required=\"true\" aria-invalid=\"false\" name=\"textarea-242\"><\/textarea><\/span> <\/label>\n\t<\/p>\n\t<p><span class=\"wpcf7-form-control-wrap\" data-name=\"acceptance-269\"><span class=\"wpcf7-form-control wpcf7-acceptance\"><span class=\"wpcf7-list-item\"><label><input type=\"checkbox\" name=\"acceptance-269\" value=\"1\" aria-invalid=\"false\" \/><span class=\"wpcf7-list-item-label\">I have read and consent to the processing of my data according to the <a href=\"https:\/\/www.fdueg.com\/fr\/privacy-policy\/\" target=\"\/blank\">Privacy Policy<\/a><\/span><\/label><\/span><\/span><\/span>\n\t<\/p>\n\t<p><input class=\"wpcf7-form-control wpcf7-submit has-spinner\" type=\"submit\" value=\"ENVOYER\" \/>\n\t<\/p>\n<\/div><input type='hidden' class='wpcf7-pum' value='{\"closepopup\":false,\"closedelay\":0,\"openpopup\":false,\"openpopup_id\":0}' \/><div class=\"wpcf7-response-output\" aria-hidden=\"true\"><\/div>\n<\/form>\n<\/div>\n[\/vc_column][\/vc_row]<\/p>\n","protected":false},"excerpt":{"rendered":"<p>[vc_row css=\u00a0\u00bb.vc_custom_1555667616967{margin-top: 80px !important;}\u00a0\u00bb][vc_column width=\u00a0\u00bb1\/2&Prime;][vc_column_text] Nous croyons fermement dans les personnes [\/vc_column_text][vc_column_text]Nous croyons fermement dans les personnes, les personnes sont la valeur la plus importante de Fdueg. Notre culture nous encourage \u00e0 investir toujours dans la formation pour atteindre l&rsquo;excellence dans tous les domaines professionnels. Chaque jour est un nouveau d\u00e9fi, nous nous n\u2019arr\u00eatons pas en face de la complexit\u00e9 des solutions qui nous sont pos\u00e9es. Les d\u00e9fis nous fascinent et nous poussent \u00e0 faire de notre mieux dans chaque situation, car nous savons que tous nos efforts auront des r\u00e9percussions positives pour le client et pour la communaut\u00e9. Nous poussons les personnes \u00e0 donner leur mieux pour am\u00e9liorer , parce que les personnes qui y travaillent sont eux-m\u00eames Fdueg. Notre activit\u00e9 est bas\u00e9e sur l&rsquo;\u00e9coute et la compr\u00e9hension du client afin de r\u00e9pondre \u00e0 ses besoins, alors nous transformons ses demandes dans les meilleures solutions d&rsquo;ing\u00e9nierie.[\/vc_column_text][\/vc_column][vc_column width=\u00a0\u00bb1\/2&Prime;][vc_column_text] Mission [\/vc_column_text][vc_column_text]Notre mission est de r\u00e9pondre aux demandes des clients avec la meilleure conception et la mise en \u0153uvre de solutions techniques , afin d&rsquo;assurer le meilleur produit possible par la cr\u00e9ation d&rsquo; une entreprise agile, bas\u00e9e sur l&rsquo;utilisation efficace des resources, qui recherche la qualit\u00e9 et la rentabilit\u00e9 des produits et services offerts dans le plein respect des personnes et d\u2019environnement. Les valeurs qui nous guident et soutiennent dans chaque d\u00e9cision et chaque action sont:[\/vc_column_text][\/vc_column][\/vc_row][vc_row full_width=\u00a0\u00bbstretch_row\u00a0\u00bb parallax=\u00a0\u00bbcontent-moving\u00a0\u00bb parallax_image=\u00a0\u00bb534&Prime; css=\u00a0\u00bb.vc_custom_1556030666652{padding-top: 100px !important;padding-bottom: 100px !important;}\u00a0\u00bb][vc_column][vc_empty_space height=\u00a0\u00bb80&Prime;][\/vc_column][\/vc_row][vc_row full_height=\u00a0\u00bbyes\u00a0\u00bb parallax_content=\u00a0\u00bbparallax_content_value\u00a0\u00bb parallax_content_sense=\u00a0\u00bb1,2&Prime; css=\u00a0\u00bb.vc_custom_1556027563544{margin-top: 0px !important;margin-bottom: 0px !important;}\u00a0\u00bb][vc_column][vc_row_inner][vc_column_inner width=\u00a0\u00bb1\/3&Prime;][vc_empty_space height=\u00a0\u00bb5&Prime;][vc_empty_space height=\u00a0\u00bb5&Prime;][\/vc_column_inner][vc_column_inner width=\u00a0\u00bb1\/3&Prime;][vc_empty_space height=\u00a0\u00bb5&Prime;][vc_empty_space height=\u00a0\u00bb5&Prime;][\/vc_column_inner][vc_column_inner width=\u00a0\u00bb1\/3&Prime;][vc_empty_space height=\u00a0\u00bb5&Prime;][vc_empty_space height=\u00a0\u00bb5&Prime;][\/vc_column_inner][\/vc_row_inner][\/vc_column][\/vc_row][vc_row full_width=\u00a0\u00bbstretch_row\u00a0\u00bb css=\u00a0\u00bb.vc_custom_1555671234989{background-color: #204b9b !important;}\u00a0\u00bb][vc_column][vc_column_text el_class=\u00a0\u00bbbianco\u00a0\u00bb] Nous croyons fermement dans les personnes, les personnes sont la valeur la plus importante de FDUEG [\/vc_column_text][\/vc_column][\/vc_row][vc_row full_width=\u00a0\u00bbstretch_row\u00a0\u00bb css=\u00a0\u00bb.vc_custom_1556028528769{background-color: #edeff2 !important;}\u00a0\u00bb][vc_column][\/vc_column][\/vc_row]<\/p>\n","protected":false},"author":1,"featured_media":1285,"parent":0,"menu_order":0,"comment_status":"closed","ping_status":"closed","template":"","meta":{"_acf_changed":false,"footnotes":""},"class_list":["post-2630","page","type-page","status-publish","has-post-thumbnail","hentry"],"acf":[],"yoast_head":"<!-- This site is optimized with the Yoast SEO plugin v27.3 - https:\/\/yoast.com\/product\/yoast-seo-wordpress\/ -->\n<title>Le Staff est la valeur la plus importante de FDUEG<\/title>\n<meta name=\"description\" content=\"Nous croyons fermement dans les personnes, les personnes sont la valeur la plus importante de FDUEG. Le Staff est la valeur la plus importante.\" \/>\n<meta name=\"robots\" content=\"index, follow, max-snippet:-1, max-image-preview:large, max-video-preview:-1\" \/>\n<link rel=\"canonical\" href=\"https:\/\/www.fdueg.com\/fr\/staff\/\" \/>\n<meta property=\"og:locale\" content=\"fr_FR\" \/>\n<meta property=\"og:type\" content=\"article\" \/>\n<meta property=\"og:title\" content=\"Le Staff est la valeur la plus importante de FDUEG\" \/>\n<meta property=\"og:description\" content=\"Nous croyons fermement dans les personnes, les personnes sont la valeur la plus importante de FDUEG. Le Staff est la valeur la plus importante.\" \/>\n<meta property=\"og:url\" content=\"https:\/\/www.fdueg.com\/fr\/staff\/\" \/>\n<meta property=\"og:site_name\" content=\"FDUEG\" \/>\n<meta property=\"article:modified_time\" content=\"2019-06-27T10:57:24+00:00\" \/>\n<meta property=\"og:image\" content=\"https:\/\/www.fdueg.com\/wp-content\/uploads\/2019\/04\/fdueg-head-missione.jpg\" \/>\n\t<meta property=\"og:image:width\" content=\"1920\" \/>\n\t<meta property=\"og:image:height\" content=\"760\" \/>\n\t<meta property=\"og:image:type\" content=\"image\/jpeg\" \/>\n<meta name=\"twitter:card\" content=\"summary_large_image\" \/>\n<meta name=\"twitter:label1\" content=\"Dur\u00e9e de lecture estim\u00e9e\" \/>\n\t<meta name=\"twitter:data1\" content=\"3 minutes\" \/>\n<!-- \/ Yoast SEO plugin. -->","yoast_head_json":{"title":"Le Staff est la valeur la plus importante de FDUEG","description":"Nous croyons fermement dans les personnes, les personnes sont la valeur la plus importante de FDUEG. Le Staff est la valeur la plus importante.","robots":{"index":"index","follow":"follow","max-snippet":"max-snippet:-1","max-image-preview":"max-image-preview:large","max-video-preview":"max-video-preview:-1"},"canonical":"https:\/\/www.fdueg.com\/fr\/staff\/","og_locale":"fr_FR","og_type":"article","og_title":"Le Staff est la valeur la plus importante de FDUEG","og_description":"Nous croyons fermement dans les personnes, les personnes sont la valeur la plus importante de FDUEG. Le Staff est la valeur la plus importante.","og_url":"https:\/\/www.fdueg.com\/fr\/staff\/","og_site_name":"FDUEG","article_modified_time":"2019-06-27T10:57:24+00:00","og_image":[{"width":1920,"height":760,"url":"https:\/\/www.fdueg.com\/wp-content\/uploads\/2019\/04\/fdueg-head-missione.jpg","type":"image\/jpeg"}],"twitter_card":"summary_large_image","twitter_misc":{"Dur\u00e9e de lecture estim\u00e9e":"3 minutes"},"schema":{"@context":"https:\/\/schema.org","@graph":[{"@type":"WebPage","@id":"https:\/\/www.fdueg.com\/fr\/staff\/","url":"https:\/\/www.fdueg.com\/fr\/staff\/","name":"Le Staff est la valeur la plus importante de FDUEG","isPartOf":{"@id":"https:\/\/www.fdueg.com\/fr\/#website"},"primaryImageOfPage":{"@id":"https:\/\/www.fdueg.com\/fr\/staff\/#primaryimage"},"image":{"@id":"https:\/\/www.fdueg.com\/fr\/staff\/#primaryimage"},"thumbnailUrl":"https:\/\/www.fdueg.com\/wp-content\/uploads\/2019\/04\/fdueg-head-missione.jpg","datePublished":"2019-04-23T13:59:56+00:00","dateModified":"2019-06-27T10:57:24+00:00","description":"Nous croyons fermement dans les personnes, les personnes sont la valeur la plus importante de FDUEG. Le Staff est la valeur la plus importante.","breadcrumb":{"@id":"https:\/\/www.fdueg.com\/fr\/staff\/#breadcrumb"},"inLanguage":"fr-FR","potentialAction":[{"@type":"ReadAction","target":["https:\/\/www.fdueg.com\/fr\/staff\/"]}]},{"@type":"ImageObject","inLanguage":"fr-FR","@id":"https:\/\/www.fdueg.com\/fr\/staff\/#primaryimage","url":"https:\/\/www.fdueg.com\/wp-content\/uploads\/2019\/04\/fdueg-head-missione.jpg","contentUrl":"https:\/\/www.fdueg.com\/wp-content\/uploads\/2019\/04\/fdueg-head-missione.jpg","width":1920,"height":760},{"@type":"BreadcrumbList","@id":"https:\/\/www.fdueg.com\/fr\/staff\/#breadcrumb","itemListElement":[{"@type":"ListItem","position":1,"name":"Home","item":"https:\/\/www.fdueg.com\/fr\/"},{"@type":"ListItem","position":2,"name":"Staff"}]},{"@type":"WebSite","@id":"https:\/\/www.fdueg.com\/fr\/#website","url":"https:\/\/www.fdueg.com\/fr\/","name":"FDUEG","description":"Trasformatori a secco, trasformatori in resina, reattori","publisher":{"@id":"https:\/\/www.fdueg.com\/fr\/#organization"},"potentialAction":[{"@type":"SearchAction","target":{"@type":"EntryPoint","urlTemplate":"https:\/\/www.fdueg.com\/fr\/?s={search_term_string}"},"query-input":{"@type":"PropertyValueSpecification","valueRequired":true,"valueName":"search_term_string"}}],"inLanguage":"fr-FR"},{"@type":"Organization","@id":"https:\/\/www.fdueg.com\/fr\/#organization","name":"FDUEG","url":"https:\/\/www.fdueg.com\/fr\/","logo":{"@type":"ImageObject","inLanguage":"fr-FR","@id":"https:\/\/www.fdueg.com\/fr\/#\/schema\/logo\/image\/","url":"https:\/\/www.fdueg.com\/wp-content\/uploads\/2019\/04\/fdueg-logo.png","contentUrl":"https:\/\/www.fdueg.com\/wp-content\/uploads\/2019\/04\/fdueg-logo.png","width":256,"height":55,"caption":"FDUEG"},"image":{"@id":"https:\/\/www.fdueg.com\/fr\/#\/schema\/logo\/image\/"}}]}},"_links":{"self":[{"href":"https:\/\/www.fdueg.com\/fr\/wp-json\/wp\/v2\/pages\/2630","targetHints":{"allow":["GET"]}}],"collection":[{"href":"https:\/\/www.fdueg.com\/fr\/wp-json\/wp\/v2\/pages"}],"about":[{"href":"https:\/\/www.fdueg.com\/fr\/wp-json\/wp\/v2\/types\/page"}],"author":[{"embeddable":true,"href":"https:\/\/www.fdueg.com\/fr\/wp-json\/wp\/v2\/users\/1"}],"replies":[{"embeddable":true,"href":"https:\/\/www.fdueg.com\/fr\/wp-json\/wp\/v2\/comments?post=2630"}],"version-history":[{"count":0,"href":"https:\/\/www.fdueg.com\/fr\/wp-json\/wp\/v2\/pages\/2630\/revisions"}],"wp:featuredmedia":[{"embeddable":true,"href":"https:\/\/www.fdueg.com\/fr\/wp-json\/wp\/v2\/media\/1285"}],"wp:attachment":[{"href":"https:\/\/www.fdueg.com\/fr\/wp-json\/wp\/v2\/media?parent=2630"}],"curies":[{"name":"wp","href":"https:\/\/api.w.org\/{rel}","templated":true}]}}