{"id":2643,"date":"2019-05-02T09:47:16","date_gmt":"2019-05-02T07:47:16","guid":{"rendered":"https:\/\/www.fdueg.com\/fdueg-italian-electrical-transformer-manufacturers\/"},"modified":"2025-11-07T14:51:54","modified_gmt":"2025-11-07T13:51:54","slug":"fdueg-qui-sommes-nous","status":"publish","type":"page","link":"https:\/\/www.fdueg.com\/fr\/fdueg-qui-sommes-nous\/","title":{"rendered":"FDUEG, Qui sommes-nous"},"content":{"rendered":"<p>[vc_row css=\u00a0\u00bb.vc_custom_1555667616967{margin-top: 80px !important;}\u00a0\u00bb][vc_column]<div class=\"fancy_heading fancy_heading_line\"><div class=\"fh-top\"><span class=\"slogan\">30 ans de production en italie<\/span><\/div><h1 class=\"title\">PRODUCTION DE FDUEG<\/h1><div class=\"inside\">Nous produisons des transformateurs sp\u00e9ciaux, reacteurs \u00e9lectriques avec noyaus de fer et d\u2019aire, filtres passifs et coffrets de protection<\/div><\/div>\n[vc_row_inner][vc_column_inner width=\u00a0\u00bb1\/2&Prime;][vc_column_text]FdueG a \u00e9t\u00e9 fond\u00e9e en 1995 par une longue exp\u00e9rience des membres dans le secteur \u00e9lectrom\u00e9canique , concentrant ses activit\u00e9s dans la conception et la fabrication de transformateurs et des r\u00e9acteurs \u00e0 moyenne et basse tension .<\/p>\n<p>Au fil des ans, l&rsquo;entreprise s&rsquo;est distingu\u00e9e dans la recherche de solutions efficaces pour la conception et la fabrication de produits sp\u00e9ciaux dans diff\u00e9rents domaines d&rsquo;application , de la puissance, \u00e0 la distribution, \u00e0 la production d&rsquo;\u00e9lectricit\u00e9, des installations offshore et \u00e0 la production d&rsquo;\u00e9nergie alternative. FdueG a fond\u00e9 son succ\u00e8s sur la relation avec ses clients, en mettant toujours en premier leurs besoins.[\/vc_column_text][\/vc_column_inner][vc_column_inner width=\u00a0\u00bb1\/2&Prime;][vc_column_text]La collaboration pendant la phase de conception a permis la r\u00e9alisation de r\u00e9acteurs et des transformateurs de plus en plus personnalis\u00e9s, capables de satisfaire les besoins des clients o\u00f9 qu&rsquo;ils soient dans le monde.<\/p>\n<p>La formation continue du personnel et l&rsquo;investissement dans la recherche assurent \u00e0 tous les clients de FdueG un partner extr\u00eamement comp\u00e9tent et comp\u00e9titif.[\/vc_column_text][\/vc_column_inner][\/vc_row_inner][\/vc_column][\/vc_row][vc_row full_width=\u00a0\u00bbstretch_row\u00a0\u00bb css=\u00a0\u00bb.vc_custom_1556028449344{margin-bottom: 0px !important;background-color: #edeff2 !important;}\u00a0\u00bb][vc_column width=\u00a0\u00bb1\/4&Prime;]<div class=\"icon_box icon_position_top no_border\"><div class=\"icon_wrapper\"><div class=\"icon\"><i class=\"icon-briefcase\"><\/i><\/div><\/div><div class=\"desc_wrapper\"><h4 class=\"title\">Plus que 30 ans d\u2019exp\u00e9rience dans le march\u00e9 \u00e9lectromecanique<\/h4><\/div><\/div>\n[\/vc_column][vc_column width=\u00a0\u00bb1\/4&Prime;]<div class=\"icon_box icon_position_top no_border\"><div class=\"icon_wrapper\"><div class=\"icon\"><i class=\"icon-tools\"><\/i><\/div><\/div><div class=\"desc_wrapper\"><h4 class=\"title\">Ing\u00e9nieurs et techniciens sp\u00e9cialis\u00e9s<\/h4><\/div><\/div>\n[\/vc_column][vc_column width=\u00a0\u00bb1\/4&Prime;]<div class=\"icon_box icon_position_top no_border\"><div class=\"icon_wrapper\"><div class=\"icon\"><i class=\"icon-lamp\"><\/i><\/div><\/div><div class=\"desc_wrapper\"><h4 class=\"title\">R-D pour solutions de plus en plus efficaces et fonctionnels<\/h4><\/div><\/div>\n[\/vc_column][vc_column width=\u00a0\u00bb1\/4&Prime;]<div class=\"icon_box icon_position_top no_border\"><div class=\"icon_wrapper\"><div class=\"icon\"><i class=\"icon-doc-text\"><\/i><\/div><\/div><div class=\"desc_wrapper\"><h4 class=\"title\">Garantie de 36 mois: choisir FDUEG impliques s\u00e9curit\u00e9<\/h4><\/div><\/div>\n[\/vc_column][\/vc_row][vc_row full_width=\u00a0\u00bbstretch_row\u00a0\u00bb css=\u00a0\u00bb.vc_custom_1558449456205{background-color: #204b9b !important;}\u00a0\u00bb][vc_column][vc_column_text el_class=\u00a0\u00bbbianco\u00a0\u00bb]<\/p>\n<h3 style=\"text-align: center; color: #ffffff;\">Exp\u00e9rience, comp\u00e9tence, professionalisme and innovation garantissent que FDUEG devienne un partenaire de confiance pour ses clients.<\/h3>\n<p>[\/vc_column_text][\/vc_column][\/vc_row][vc_row full_width=\u00a0\u00bbstretch_row\u00a0\u00bb parallax=\u00a0\u00bbcontent-moving\u00a0\u00bb parallax_image=\u00a0\u00bb319&Prime; css=\u00a0\u00bb.vc_custom_1555666881083{padding-top: 100px !important;padding-bottom: 100px !important;}\u00a0\u00bb][vc_column][vc_empty_space height=\u00a0\u00bb80&Prime;][\/vc_column][\/vc_row][vc_row full_width=\u00a0\u00bbstretch_row\u00a0\u00bb css=\u00a0\u00bb.vc_custom_1555671234989{background-color: #204b9b !important;}\u00a0\u00bb][vc_column][vc_column_text el_class=\u00a0\u00bbbianco\u00a0\u00bb]<\/p>\n<h2 style=\"text-align: center; color: #ffffff;\">FDUEG: nous fabriquons des produits, nous proposons des solutions<\/h2>\n<p>[\/vc_column_text][\/vc_column][\/vc_row][vc_row full_width=\u00a0\u00bbstretch_row\u00a0\u00bb css=\u00a0\u00bb.vc_custom_1556028458596{background-color: #edeff2 !important;}\u00a0\u00bb][vc_column]\n<div class=\"wpcf7 no-js\" id=\"wpcf7-f3276-o1\" lang=\"fr-FR\" dir=\"ltr\" data-wpcf7-id=\"3276\">\n<div class=\"screen-reader-response\"><p role=\"status\" aria-live=\"polite\" aria-atomic=\"true\"><\/p> <ul><\/ul><\/div>\n<form action=\"\/fr\/wp-json\/wp\/v2\/pages\/2643#wpcf7-f3276-o1\" method=\"post\" class=\"wpcf7-form init\" aria-label=\"Formulaire de contact\" novalidate=\"novalidate\" data-status=\"init\">\n<fieldset class=\"hidden-fields-container\"><input type=\"hidden\" name=\"_wpcf7\" value=\"3276\" \/><input type=\"hidden\" name=\"_wpcf7_version\" value=\"6.1.5\" \/><input type=\"hidden\" name=\"_wpcf7_locale\" value=\"fr_FR\" \/><input type=\"hidden\" name=\"_wpcf7_unit_tag\" value=\"wpcf7-f3276-o1\" \/><input type=\"hidden\" name=\"_wpcf7_container_post\" value=\"0\" \/><input type=\"hidden\" name=\"_wpcf7_posted_data_hash\" value=\"\" \/><input type=\"hidden\" name=\"_wpcf7_recaptcha_response\" value=\"\" \/>\n<\/fieldset>\n<div align=\"center\">\n\t<h4>Remplissez le formulaire ou appelez-nous au <a href=\"tel:+390321824131\">+39 0321 824131<\/a>\n\t<\/h4>\n\t<p><label>Nom et pr\u00e9nom*<br \/>\n<span class=\"wpcf7-form-control-wrap\" data-name=\"your-name\"><input size=\"40\" maxlength=\"400\" class=\"wpcf7-form-control wpcf7-text wpcf7-validates-as-required\" aria-required=\"true\" aria-invalid=\"false\" value=\"\" type=\"text\" name=\"your-name\" \/><\/span> <\/label>\n\t<\/p>\n\t<p><label>Soci\u00e9t\u00e9<br \/>\n<span class=\"wpcf7-form-control-wrap\" data-name=\"text-55\"><input size=\"40\" maxlength=\"400\" class=\"wpcf7-form-control wpcf7-text\" aria-invalid=\"false\" value=\"\" type=\"text\" name=\"text-55\" \/><\/span> <\/label>\n\t<\/p>\n\t<p><label>Email*<br \/>\n<span class=\"wpcf7-form-control-wrap\" data-name=\"your-email\"><input size=\"40\" maxlength=\"400\" class=\"wpcf7-form-control wpcf7-email wpcf7-validates-as-required wpcf7-text wpcf7-validates-as-email\" aria-required=\"true\" aria-invalid=\"false\" value=\"\" type=\"email\" name=\"your-email\" \/><\/span> <\/label>\n\t<\/p>\n\t<p><label> Message*<br \/>\n<span class=\"wpcf7-form-control-wrap\" data-name=\"textarea-242\"><textarea cols=\"40\" rows=\"10\" maxlength=\"2000\" class=\"wpcf7-form-control wpcf7-textarea wpcf7-validates-as-required\" aria-required=\"true\" aria-invalid=\"false\" name=\"textarea-242\"><\/textarea><\/span> <\/label>\n\t<\/p>\n\t<p><span class=\"wpcf7-form-control-wrap\" data-name=\"acceptance-269\"><span class=\"wpcf7-form-control wpcf7-acceptance\"><span class=\"wpcf7-list-item\"><label><input type=\"checkbox\" name=\"acceptance-269\" value=\"1\" aria-invalid=\"false\" \/><span class=\"wpcf7-list-item-label\">I have read and consent to the processing of my data according to the <a href=\"https:\/\/www.fdueg.com\/fr\/privacy-policy\/\" target=\"\/blank\">Privacy Policy<\/a><\/span><\/label><\/span><\/span><\/span>\n\t<\/p>\n\t<p><input class=\"wpcf7-form-control wpcf7-submit has-spinner\" type=\"submit\" value=\"ENVOYER\" \/>\n\t<\/p>\n<\/div><input type='hidden' class='wpcf7-pum' value='{\"closepopup\":false,\"closedelay\":0,\"openpopup\":false,\"openpopup_id\":0}' \/><div class=\"wpcf7-response-output\" aria-hidden=\"true\"><\/div>\n<\/form>\n<\/div>\n[\/vc_column][\/vc_row]<\/p>\n","protected":false},"excerpt":{"rendered":"<p>[vc_row css=\u00a0\u00bb.vc_custom_1555667616967{margin-top: 80px !important;}\u00a0\u00bb][vc_column][vc_row_inner][vc_column_inner width=\u00a0\u00bb1\/2&Prime;][vc_column_text]FdueG a \u00e9t\u00e9 fond\u00e9e en 1995 par une longue exp\u00e9rience des membres dans le secteur \u00e9lectrom\u00e9canique , concentrant ses activit\u00e9s dans la conception et la fabrication de transformateurs et des r\u00e9acteurs \u00e0 moyenne et basse tension . Au fil des ans, l&rsquo;entreprise s&rsquo;est distingu\u00e9e dans la recherche de solutions efficaces pour la conception et la fabrication de produits sp\u00e9ciaux dans diff\u00e9rents domaines d&rsquo;application , de la puissance, \u00e0 la distribution, \u00e0 la production d&rsquo;\u00e9lectricit\u00e9, des installations offshore et \u00e0 la production d&rsquo;\u00e9nergie alternative. FdueG a fond\u00e9 son succ\u00e8s sur la relation avec ses clients, en mettant toujours en premier leurs besoins.[\/vc_column_text][\/vc_column_inner][vc_column_inner width=\u00a0\u00bb1\/2&Prime;][vc_column_text]La collaboration pendant la phase de conception a permis la r\u00e9alisation de r\u00e9acteurs et des transformateurs de plus en plus personnalis\u00e9s, capables de satisfaire les besoins des clients o\u00f9 qu&rsquo;ils soient dans le monde. La formation continue du personnel et l&rsquo;investissement dans la recherche assurent \u00e0 tous les clients de FdueG un partner extr\u00eamement comp\u00e9tent et comp\u00e9titif.[\/vc_column_text][\/vc_column_inner][\/vc_row_inner][\/vc_column][\/vc_row][vc_row full_width=\u00a0\u00bbstretch_row\u00a0\u00bb css=\u00a0\u00bb.vc_custom_1556028449344{margin-bottom: 0px !important;background-color: #edeff2 !important;}\u00a0\u00bb][vc_column width=\u00a0\u00bb1\/4&Prime;][\/vc_column][vc_column width=\u00a0\u00bb1\/4&Prime;][\/vc_column][vc_column width=\u00a0\u00bb1\/4&Prime;][\/vc_column][vc_column width=\u00a0\u00bb1\/4&Prime;][\/vc_column][\/vc_row][vc_row full_width=\u00a0\u00bbstretch_row\u00a0\u00bb css=\u00a0\u00bb.vc_custom_1558449456205{background-color: #204b9b !important;}\u00a0\u00bb][vc_column][vc_column_text el_class=\u00a0\u00bbbianco\u00a0\u00bb] Exp\u00e9rience, comp\u00e9tence, professionalisme and innovation garantissent que FDUEG devienne un partenaire de confiance pour ses clients. [\/vc_column_text][\/vc_column][\/vc_row][vc_row full_width=\u00a0\u00bbstretch_row\u00a0\u00bb parallax=\u00a0\u00bbcontent-moving\u00a0\u00bb parallax_image=\u00a0\u00bb319&Prime; css=\u00a0\u00bb.vc_custom_1555666881083{padding-top: 100px !important;padding-bottom: 100px !important;}\u00a0\u00bb][vc_column][vc_empty_space height=\u00a0\u00bb80&Prime;][\/vc_column][\/vc_row][vc_row full_width=\u00a0\u00bbstretch_row\u00a0\u00bb css=\u00a0\u00bb.vc_custom_1555671234989{background-color: #204b9b !important;}\u00a0\u00bb][vc_column][vc_column_text el_class=\u00a0\u00bbbianco\u00a0\u00bb] FDUEG: nous fabriquons des produits, nous proposons des solutions [\/vc_column_text][\/vc_column][\/vc_row][vc_row full_width=\u00a0\u00bbstretch_row\u00a0\u00bb css=\u00a0\u00bb.vc_custom_1556028458596{background-color: #edeff2 !important;}\u00a0\u00bb][vc_column][\/vc_column][\/vc_row]<\/p>\n","protected":false},"author":1,"featured_media":3630,"parent":0,"menu_order":0,"comment_status":"closed","ping_status":"closed","template":"","meta":{"_acf_changed":false,"footnotes":""},"class_list":["post-2643","page","type-page","status-publish","has-post-thumbnail","hentry"],"acf":[],"yoast_head":"<!-- This site is optimized with the Yoast SEO plugin v27.3 - https:\/\/yoast.com\/product\/yoast-seo-wordpress\/ -->\n<title>FDUEG, sommes une entreprise italienne d&#039;ing\u00e9nierie \u00e9lectrom\u00e9canique<\/title>\n<meta name=\"description\" content=\"Nous sommes une entreprise italienne d&#039;\u00e9lectrom\u00e9canique qui produit des transformateurs \u00e9lectriques, des r\u00e9acteurs et des filtres passifs.\" \/>\n<meta name=\"robots\" content=\"index, follow, max-snippet:-1, max-image-preview:large, max-video-preview:-1\" \/>\n<link rel=\"canonical\" href=\"https:\/\/www.fdueg.com\/fr\/fdueg-qui-sommes-nous\/\" \/>\n<meta property=\"og:locale\" content=\"fr_FR\" \/>\n<meta property=\"og:type\" content=\"article\" \/>\n<meta property=\"og:title\" content=\"FDUEG, sommes une entreprise italienne d&#039;ing\u00e9nierie \u00e9lectrom\u00e9canique\" \/>\n<meta property=\"og:description\" content=\"Nous sommes une entreprise italienne d&#039;\u00e9lectrom\u00e9canique qui produit des transformateurs \u00e9lectriques, des r\u00e9acteurs et des filtres passifs.\" \/>\n<meta property=\"og:url\" content=\"https:\/\/www.fdueg.com\/fr\/fdueg-qui-sommes-nous\/\" \/>\n<meta property=\"og:site_name\" content=\"FDUEG\" \/>\n<meta property=\"article:modified_time\" content=\"2025-11-07T13:51:54+00:00\" \/>\n<meta property=\"og:image\" content=\"https:\/\/www.fdueg.com\/wp-content\/uploads\/2019\/07\/FDUEG-fabricants-de-transformateurs-moyenne-et-basse-tension.jpg\" \/>\n\t<meta property=\"og:image:width\" content=\"1920\" \/>\n\t<meta property=\"og:image:height\" content=\"760\" \/>\n\t<meta property=\"og:image:type\" content=\"image\/jpeg\" \/>\n<meta name=\"twitter:card\" content=\"summary_large_image\" \/>\n<meta name=\"twitter:label1\" content=\"Dur\u00e9e de lecture estim\u00e9e\" \/>\n\t<meta name=\"twitter:data1\" content=\"2 minutes\" \/>\n<!-- \/ Yoast SEO plugin. -->","yoast_head_json":{"title":"FDUEG, sommes une entreprise italienne d'ing\u00e9nierie \u00e9lectrom\u00e9canique","description":"Nous sommes une entreprise italienne d'\u00e9lectrom\u00e9canique qui produit des transformateurs \u00e9lectriques, des r\u00e9acteurs et des filtres passifs.","robots":{"index":"index","follow":"follow","max-snippet":"max-snippet:-1","max-image-preview":"max-image-preview:large","max-video-preview":"max-video-preview:-1"},"canonical":"https:\/\/www.fdueg.com\/fr\/fdueg-qui-sommes-nous\/","og_locale":"fr_FR","og_type":"article","og_title":"FDUEG, sommes une entreprise italienne d'ing\u00e9nierie \u00e9lectrom\u00e9canique","og_description":"Nous sommes une entreprise italienne d'\u00e9lectrom\u00e9canique qui produit des transformateurs \u00e9lectriques, des r\u00e9acteurs et des filtres passifs.","og_url":"https:\/\/www.fdueg.com\/fr\/fdueg-qui-sommes-nous\/","og_site_name":"FDUEG","article_modified_time":"2025-11-07T13:51:54+00:00","og_image":[{"width":1920,"height":760,"url":"https:\/\/www.fdueg.com\/wp-content\/uploads\/2019\/07\/FDUEG-fabricants-de-transformateurs-moyenne-et-basse-tension.jpg","type":"image\/jpeg"}],"twitter_card":"summary_large_image","twitter_misc":{"Dur\u00e9e de lecture estim\u00e9e":"2 minutes"},"schema":{"@context":"https:\/\/schema.org","@graph":[{"@type":"WebPage","@id":"https:\/\/www.fdueg.com\/fr\/fdueg-qui-sommes-nous\/","url":"https:\/\/www.fdueg.com\/fr\/fdueg-qui-sommes-nous\/","name":"FDUEG, sommes une entreprise italienne d'ing\u00e9nierie \u00e9lectrom\u00e9canique","isPartOf":{"@id":"https:\/\/www.fdueg.com\/fr\/#website"},"primaryImageOfPage":{"@id":"https:\/\/www.fdueg.com\/fr\/fdueg-qui-sommes-nous\/#primaryimage"},"image":{"@id":"https:\/\/www.fdueg.com\/fr\/fdueg-qui-sommes-nous\/#primaryimage"},"thumbnailUrl":"https:\/\/www.fdueg.com\/wp-content\/uploads\/2019\/07\/FDUEG-fabricants-de-transformateurs-moyenne-et-basse-tension.jpg","datePublished":"2019-05-02T07:47:16+00:00","dateModified":"2025-11-07T13:51:54+00:00","description":"Nous sommes une entreprise italienne d'\u00e9lectrom\u00e9canique qui produit des transformateurs \u00e9lectriques, des r\u00e9acteurs et des filtres passifs.","breadcrumb":{"@id":"https:\/\/www.fdueg.com\/fr\/fdueg-qui-sommes-nous\/#breadcrumb"},"inLanguage":"fr-FR","potentialAction":[{"@type":"ReadAction","target":["https:\/\/www.fdueg.com\/fr\/fdueg-qui-sommes-nous\/"]}]},{"@type":"ImageObject","inLanguage":"fr-FR","@id":"https:\/\/www.fdueg.com\/fr\/fdueg-qui-sommes-nous\/#primaryimage","url":"https:\/\/www.fdueg.com\/wp-content\/uploads\/2019\/07\/FDUEG-fabricants-de-transformateurs-moyenne-et-basse-tension.jpg","contentUrl":"https:\/\/www.fdueg.com\/wp-content\/uploads\/2019\/07\/FDUEG-fabricants-de-transformateurs-moyenne-et-basse-tension.jpg","width":1920,"height":760,"caption":"FDUEG-fabricants de transformateurs moyenne et basse tension"},{"@type":"BreadcrumbList","@id":"https:\/\/www.fdueg.com\/fr\/fdueg-qui-sommes-nous\/#breadcrumb","itemListElement":[{"@type":"ListItem","position":1,"name":"Home","item":"https:\/\/www.fdueg.com\/fr\/"},{"@type":"ListItem","position":2,"name":"FDUEG, Qui sommes-nous"}]},{"@type":"WebSite","@id":"https:\/\/www.fdueg.com\/fr\/#website","url":"https:\/\/www.fdueg.com\/fr\/","name":"FDUEG","description":"Trasformatori a secco, trasformatori in resina, reattori","publisher":{"@id":"https:\/\/www.fdueg.com\/fr\/#organization"},"potentialAction":[{"@type":"SearchAction","target":{"@type":"EntryPoint","urlTemplate":"https:\/\/www.fdueg.com\/fr\/?s={search_term_string}"},"query-input":{"@type":"PropertyValueSpecification","valueRequired":true,"valueName":"search_term_string"}}],"inLanguage":"fr-FR"},{"@type":"Organization","@id":"https:\/\/www.fdueg.com\/fr\/#organization","name":"FDUEG","url":"https:\/\/www.fdueg.com\/fr\/","logo":{"@type":"ImageObject","inLanguage":"fr-FR","@id":"https:\/\/www.fdueg.com\/fr\/#\/schema\/logo\/image\/","url":"https:\/\/www.fdueg.com\/wp-content\/uploads\/2019\/04\/fdueg-logo.png","contentUrl":"https:\/\/www.fdueg.com\/wp-content\/uploads\/2019\/04\/fdueg-logo.png","width":256,"height":55,"caption":"FDUEG"},"image":{"@id":"https:\/\/www.fdueg.com\/fr\/#\/schema\/logo\/image\/"}}]}},"_links":{"self":[{"href":"https:\/\/www.fdueg.com\/fr\/wp-json\/wp\/v2\/pages\/2643","targetHints":{"allow":["GET"]}}],"collection":[{"href":"https:\/\/www.fdueg.com\/fr\/wp-json\/wp\/v2\/pages"}],"about":[{"href":"https:\/\/www.fdueg.com\/fr\/wp-json\/wp\/v2\/types\/page"}],"author":[{"embeddable":true,"href":"https:\/\/www.fdueg.com\/fr\/wp-json\/wp\/v2\/users\/1"}],"replies":[{"embeddable":true,"href":"https:\/\/www.fdueg.com\/fr\/wp-json\/wp\/v2\/comments?post=2643"}],"version-history":[{"count":0,"href":"https:\/\/www.fdueg.com\/fr\/wp-json\/wp\/v2\/pages\/2643\/revisions"}],"wp:featuredmedia":[{"embeddable":true,"href":"https:\/\/www.fdueg.com\/fr\/wp-json\/wp\/v2\/media\/3630"}],"wp:attachment":[{"href":"https:\/\/www.fdueg.com\/fr\/wp-json\/wp\/v2\/media?parent=2643"}],"curies":[{"name":"wp","href":"https:\/\/api.w.org\/{rel}","templated":true}]}}